{"id":748597,"date":"2025-08-28T03:34:57","date_gmt":"2025-08-28T00:34:57","guid":{"rendered":"https:\/\/roveyayinevi.com.tr\/index.php\/urun\/masal-bu-ya\/"},"modified":"2026-03-12T03:09:42","modified_gmt":"2026-03-12T00:09:42","slug":"masal-bu-ya","status":"publish","type":"product","link":"https:\/\/roveyayinevi.com.tr\/index.php\/urun\/masal-bu-ya\/","title":{"rendered":"Masal Bu Ya"},"content":{"rendered":"<p>Kelo\u011flan masallar\u0131 kadim anlat\u0131lar\u0131m\u0131zdan. Her as\u0131rda okuyucu bulan i\u00e7eri\u011fi ile \u00e7ocuklar\u0131n d\u00fcnyas\u0131nda ayr\u0131 bir yeri var. Yenilenen ve yeni anlat\u0131m t\u00fcrleri ile okuyucusu ile bulu\u015fan bu e\u011flenceli ve e\u011fitici anlat\u0131 t\u00fcr\u00fc \u015fimdi de yazar \u0130smail G\u00fc\u00e7ta\u015f\u2019\u0131n kaleminden \u00e7\u0131k\u0131p okurlar\u0131 ile bulu\u015fuyor. \u00c7ocuklar i\u00e7in manzum t\u00fcrde masal kaleme almak kolay de\u011fildir. G\u00fc\u00e7ta\u015f bu zor i\u015fi g\u00f6ze alarak yola \u00e7\u0131km\u0131\u015f ve Kelo\u011flan masallar\u0131n\u0131n i\u00e7eri\u011fi bak\u0131m\u0131ndan s\u0131n\u0131rl\u0131l\u0131k gerektiren sahnelerde kafiye bulma zorlu\u011funu a\u015fm\u0131\u015f. Yazar\u0131n bu ba\u015far\u0131s\u0131 eserin kolay okunmas\u0131 ile anla\u015f\u0131l\u0131yor. <\/p>\n","protected":false},"excerpt":{"rendered":"<p>Kelo\u011flan masallar\u0131 kadim anlat\u0131lar\u0131m\u0131zdan. Her as\u0131rda okuyucu bulan i\u00e7eri\u011fi ile \u00e7ocuklar\u0131n d\u00fcnyas\u0131nda ayr\u0131 bir yeri var. Yenilenen ve yeni anlat\u0131m t\u00fcrleri ile okuyucusu ile bulu\u015fan bu<span class=\"excerpt-hellip\"> [\u2026]<\/span><\/p>\n","protected":false},"featured_media":0,"template":"","meta":{"_monsterinsights_skip_tracking":false,"_monsterinsights_sitenote_active":false,"_monsterinsights_sitenote_note":"","_monsterinsights_sitenote_category":0},"product_brand":[],"product_cat":[12291,12711],"product_tag":[],"class_list":{"0":"post-748597","1":"product","2":"type-product","3":"status-publish","5":"product_cat-edebiyat","6":"product_cat-roman-oyku","7":"pa_cilt-ciltsiz","8":"pa_tur-kitap","9":"pa_yayinevi-kirmizi-cati-yayinlari","10":"pa_yazar-ismail-guctas","12":"first","13":"instock","14":"sale","15":"shipping-taxable","16":"purchasable","17":"product-type-simple"},"_links":{"self":[{"href":"https:\/\/roveyayinevi.com.tr\/index.php\/wp-json\/wp\/v2\/product\/748597","targetHints":{"allow":["GET"]}}],"collection":[{"href":"https:\/\/roveyayinevi.com.tr\/index.php\/wp-json\/wp\/v2\/product"}],"about":[{"href":"https:\/\/roveyayinevi.com.tr\/index.php\/wp-json\/wp\/v2\/types\/product"}],"wp:attachment":[{"href":"https:\/\/roveyayinevi.com.tr\/index.php\/wp-json\/wp\/v2\/media?parent=748597"}],"wp:term":[{"taxonomy":"product_brand","embeddable":true,"href":"https:\/\/roveyayinevi.com.tr\/index.php\/wp-json\/wp\/v2\/product_brand?post=748597"},{"taxonomy":"product_cat","embeddable":true,"href":"https:\/\/roveyayinevi.com.tr\/index.php\/wp-json\/wp\/v2\/product_cat?post=748597"},{"taxonomy":"product_tag","embeddable":true,"href":"https:\/\/roveyayinevi.com.tr\/index.php\/wp-json\/wp\/v2\/product_tag?post=748597"}],"curies":[{"name":"wp","href":"https:\/\/api.w.org\/{rel}","templated":true}]}}