{"id":748596,"date":"2025-08-28T03:34:56","date_gmt":"2025-08-28T00:34:56","guid":{"rendered":"https:\/\/roveyayinevi.com.tr\/index.php\/urun\/peygambersavhep-bizimle\/"},"modified":"2026-03-12T03:09:42","modified_gmt":"2026-03-12T00:09:42","slug":"peygambersavhep-bizimle","status":"publish","type":"product","link":"https:\/\/roveyayinevi.com.tr\/index.php\/urun\/peygambersavhep-bizimle\/","title":{"rendered":"Peygamber(Sav)Hep Bizimle"},"content":{"rendered":"<p>YA HAYIR S\u00d6YLE, YA SUS   Allah bizlere vermi\u015f Bir a\u011f\u0131z, iki kulak. Bu i\u015fin manas\u0131n\u0131 Do\u011fru anlamaya bak.   Bunun manas\u0131 nedir? \u201c -Tad\u0131nda b\u0131rak s\u00f6z\u00fc.\u2019\u2019 A\u011fz\u0131ndan \u00e7\u0131kan her \u015fey Yans\u0131tmaktad\u0131r bizi.   Ya da \u015f\u00f6yle diyelim: \u201c-Bir konu\u015f, iki dinle.\u2019\u2019 S\u00f6z\u00fcn\u00fc tartmak i\u00e7in \u00d6nce konu\u015f kendinle.   Peygamber Efendimiz Gayet az konu\u015furdu. \u0130sti\u015fare ederek Etrafa dan\u0131\u015f\u0131rd\u0131.    \u2026 <\/p>\n","protected":false},"excerpt":{"rendered":"<p>YA HAYIR S\u00d6YLE, YA SUS Allah bizlere vermi\u015f Bir a\u011f\u0131z, iki kulak. Bu i\u015fin manas\u0131n\u0131 Do\u011fru anlamaya bak. Bunun manas\u0131 nedir? \u201c -Tad\u0131nda b\u0131rak s\u00f6z\u00fc.\u2019\u2019 A\u011fz\u0131ndan<span class=\"excerpt-hellip\"> [\u2026]<\/span><\/p>\n","protected":false},"featured_media":0,"template":"","meta":{"_monsterinsights_skip_tracking":false,"_monsterinsights_sitenote_active":false,"_monsterinsights_sitenote_note":"","_monsterinsights_sitenote_category":0},"product_brand":[],"product_cat":[12274,18802],"product_tag":[],"class_list":{"0":"post-748596","1":"product","2":"type-product","3":"status-publish","5":"product_cat-cocuk-ve-genclik-kitaplari","6":"product_cat-din-egitimi","7":"pa_cilt-ciltsiz","8":"pa_tur-kitap","9":"pa_yayinevi-kirmizi-cati-yayinlari","10":"pa_yazar-ismail-guctas","12":"first","13":"instock","14":"sale","15":"shipping-taxable","16":"purchasable","17":"product-type-simple"},"_links":{"self":[{"href":"https:\/\/roveyayinevi.com.tr\/index.php\/wp-json\/wp\/v2\/product\/748596","targetHints":{"allow":["GET"]}}],"collection":[{"href":"https:\/\/roveyayinevi.com.tr\/index.php\/wp-json\/wp\/v2\/product"}],"about":[{"href":"https:\/\/roveyayinevi.com.tr\/index.php\/wp-json\/wp\/v2\/types\/product"}],"wp:attachment":[{"href":"https:\/\/roveyayinevi.com.tr\/index.php\/wp-json\/wp\/v2\/media?parent=748596"}],"wp:term":[{"taxonomy":"product_brand","embeddable":true,"href":"https:\/\/roveyayinevi.com.tr\/index.php\/wp-json\/wp\/v2\/product_brand?post=748596"},{"taxonomy":"product_cat","embeddable":true,"href":"https:\/\/roveyayinevi.com.tr\/index.php\/wp-json\/wp\/v2\/product_cat?post=748596"},{"taxonomy":"product_tag","embeddable":true,"href":"https:\/\/roveyayinevi.com.tr\/index.php\/wp-json\/wp\/v2\/product_tag?post=748596"}],"curies":[{"name":"wp","href":"https:\/\/api.w.org\/{rel}","templated":true}]}}