{"id":748592,"date":"2025-08-28T03:34:49","date_gmt":"2025-08-28T00:34:49","guid":{"rendered":"https:\/\/roveyayinevi.com.tr\/index.php\/urun\/icimdeki-dusman\/"},"modified":"2026-04-16T03:01:16","modified_gmt":"2026-04-16T00:01:16","slug":"icimdeki-dusman","status":"publish","type":"product","link":"https:\/\/roveyayinevi.com.tr\/index.php\/urun\/icimdeki-dusman\/","title":{"rendered":"\u0130\u00e7imdeki D\u00fc\u015fman"},"content":{"rendered":"<p>Ailesini kurtarmak i\u00e7in oyun oynamak zorunda oldu\u011fu, \u0130lk g\u00f6r\u00fc\u015fte a\u015fka d\u00fc\u015ft\u00fc\u011f\u00fc deniz g\u00f6zl\u00fc k\u0131z\u0131 kand\u0131rmak zorunda olan Boray Kara.\u0130\u00e7indeki g\u00fcc\u00fc saklayan, hayat\u0131ndaki ac\u0131lara ra\u011fmen sevdiklerine tutunan, yalanlar ve d\u00fc\u015fmanlar ile \u00e7evrili olan Alena \u00c7ak\u0131l.\u0130kisi de t\u00fcm ac\u0131lara ra\u011fmen birbirine tutunup a\u015fklar\u0131na ba\u011fl\u0131 kalabilecekler mi?Alena i\u00e7indeki g\u00fc\u00e7 ile sava\u015f\u0131rken, eski dostu d\u00fc\u015fman\u0131 olurken, \u00e7evresinde d\u00fc\u015fmanlar\u0131 onu pen\u00e7elemek isterken sevdiklerini koruyabilecek miydi?A\u015fklar\u0131 onlar\u0131 yakarken a\u015fklar\u0131na tutunup d\u00fc\u015fmanlar\u0131n\u0131 alt edebilecekler mi?Ger\u00e7ekler ortaya \u00e7\u0131kt\u0131, a\u015fk yand\u0131, sevda k\u00fcl oldu.\u201cYalanlar ve d\u00fc\u015fmanlar etraf\u0131m\u0131zda dans ederken a\u015fk\u0131m\u0131z var olabilir miydi ki?\u201d<\/p>\n","protected":false},"excerpt":{"rendered":"<p>Ailesini kurtarmak i\u00e7in oyun oynamak zorunda oldu\u011fu, \u0130lk g\u00f6r\u00fc\u015fte a\u015fka d\u00fc\u015ft\u00fc\u011f\u00fc deniz g\u00f6zl\u00fc k\u0131z\u0131 kand\u0131rmak zorunda olan Boray Kara.\u0130\u00e7indeki g\u00fcc\u00fc saklayan, hayat\u0131ndaki ac\u0131lara ra\u011fmen sevdiklerine tutunan,<span class=\"excerpt-hellip\"> [\u2026]<\/span><\/p>\n","protected":false},"featured_media":0,"template":"","meta":{"_monsterinsights_skip_tracking":false,"_monsterinsights_sitenote_active":false,"_monsterinsights_sitenote_note":"","_monsterinsights_sitenote_category":0},"product_brand":[],"product_cat":[12291,12711],"product_tag":[],"class_list":{"0":"post-748592","1":"product","2":"type-product","3":"status-publish","5":"product_cat-edebiyat","6":"product_cat-roman-oyku","7":"pa_cilt-ciltsiz","8":"pa_tur-kitap","9":"pa_yayinevi-elpis-yayinlari","10":"pa_yazar-aleyna-aydogdu","12":"first","13":"instock","14":"sale","15":"shipping-taxable","16":"purchasable","17":"product-type-simple"},"_links":{"self":[{"href":"https:\/\/roveyayinevi.com.tr\/index.php\/wp-json\/wp\/v2\/product\/748592","targetHints":{"allow":["GET"]}}],"collection":[{"href":"https:\/\/roveyayinevi.com.tr\/index.php\/wp-json\/wp\/v2\/product"}],"about":[{"href":"https:\/\/roveyayinevi.com.tr\/index.php\/wp-json\/wp\/v2\/types\/product"}],"wp:attachment":[{"href":"https:\/\/roveyayinevi.com.tr\/index.php\/wp-json\/wp\/v2\/media?parent=748592"}],"wp:term":[{"taxonomy":"product_brand","embeddable":true,"href":"https:\/\/roveyayinevi.com.tr\/index.php\/wp-json\/wp\/v2\/product_brand?post=748592"},{"taxonomy":"product_cat","embeddable":true,"href":"https:\/\/roveyayinevi.com.tr\/index.php\/wp-json\/wp\/v2\/product_cat?post=748592"},{"taxonomy":"product_tag","embeddable":true,"href":"https:\/\/roveyayinevi.com.tr\/index.php\/wp-json\/wp\/v2\/product_tag?post=748592"}],"curies":[{"name":"wp","href":"https:\/\/api.w.org\/{rel}","templated":true}]}}