{"id":748591,"date":"2025-08-28T03:34:47","date_gmt":"2025-08-28T00:34:47","guid":{"rendered":"https:\/\/roveyayinevi.com.tr\/index.php\/urun\/birinci-dongu\/"},"modified":"2026-04-16T03:01:16","modified_gmt":"2026-04-16T00:01:16","slug":"birinci-dongu","status":"publish","type":"product","link":"https:\/\/roveyayinevi.com.tr\/index.php\/urun\/birinci-dongu\/","title":{"rendered":"Birinci D\u00f6ng\u00fc"},"content":{"rendered":"<p>\u201cKendi bireysel benli\u011finden vazge\u00e7en ve bir robot haline gelen ki\u015fi, \u00e7evresindeki milyonlarca di\u011fer robotla ayn\u0131 olur ve art\u0131k kendini yaln\u0131z hissetmez, kayg\u0131 duymaz. Ama \u00f6dedi\u011fi bedel y\u00fcksektir; benli\u011fini yitirmi\u015ftir.\u201d Erich Fromm, &#8216;Sahip Olmak ya da Olmak&#8217; kitab\u0131ndan Hep ona s\u00f6ylenen ki\u015fi oldu\u011funu sand\u0131\u011f\u0131 i\u00e7in sonunda benli\u011fini yitiren bir karakter olan V.&#8217;nin g\u00fcn\u00fcm\u00fcz toplumunda sadece kendisi olarak var olma m\u00fccadelesini i\u00e7eren bu roman\u0131 bir \u00e7\u0131rp\u0131da okurken kendinizi \u201croman m\u0131, yoksa deneme mi?\u201d, \u201cger\u00e7ek mi, yoksa kurgu mu?\u201d, \u201cfelsefe mi, yoksa psikoloji mi?\u201d sorular\u0131n\u0131 sorarken bulacaks\u0131n\u0131z. Ancak her biriniz bu hik\u00e2yede az veya \u00e7ok, kendinizden bir par\u00e7a g\u00f6receksiniz. Y\u00fczy\u0131llard\u0131r t\u00fcm insano\u011flunun en b\u00fcy\u00fck felsefi konular\u0131ndan olan ve Antik Yunan felsefesinde Platonculuk, Stoac\u0131l\u0131k, Hedonizm, Kinizm gibi d\u00fc\u015f\u00fcnceler ile sorgulanan \u201cToplum Eti\u011fi\u201d g\u00fcn\u00fcm\u00fczde farkl\u0131 renkte a\u00e7maya \u00e7abalayan \u00e7i\u00e7eklerin dibine kibrit suyu d\u00f6k\u00fcyor olabilir mi? S\u00fcrekli olarak di\u011fer insanlarla ayn\u0131 d\u00fc\u015f\u00fcnmeye zorland\u0131\u011f\u0131m\u0131z, her g\u00fcn duygu ve d\u00fc\u015f\u00fcnce manip\u00fclasyonuna u\u011frad\u0131\u011f\u0131m\u0131z mevcut toplum d\u00fczeninde yeti\u015fen \u00e7ocuklar kendi potansiyellerinin fark\u0131na varmakta neden zorlan\u0131yor? Neden b\u00fcy\u00fck yap\u0131tlar ortaya koyan insanlar ise hep genele ayk\u0131r\u0131 d\u00fc\u015f\u00fcncelere sahip ki\u015filerden \u00e7\u0131k\u0131yor? Bir i\u00e7sel yolculu\u011fun anlat\u0131m\u0131nda ki\u015filer aras\u0131 ili\u015fkilerle \u00f6r\u00fcl\u00fc a\u011flar\u0131n i\u00e7ine psikolojik \u00e7\u0131kar\u0131mlar\u0131n ve felsefi d\u00fc\u015f\u00fcncelerin tohumlar\u0131 ekilerek ortaya \u00e7\u0131kan bu eser, insanl\u0131k i\u00e7in ba\u015fka bir yolun da m\u00fcmk\u00fcn oldu\u011funu g\u00f6stermek ad\u0131na, ortaya s\u00fcrd\u00fc\u011f\u00fc \u201cKinist H\u00fcmanist Manifesto\u201d ile bu tohumlar\u0131 kanl\u0131 canl\u0131, k\u00f6kl\u00fc bir a\u011faca d\u00f6n\u00fc\u015ft\u00fcr\u00fcyor.<\/p>\n","protected":false},"excerpt":{"rendered":"<p>\u201cKendi bireysel benli\u011finden vazge\u00e7en ve bir robot haline gelen ki\u015fi, \u00e7evresindeki milyonlarca di\u011fer robotla ayn\u0131 olur ve art\u0131k kendini yaln\u0131z hissetmez, kayg\u0131 duymaz. Ama \u00f6dedi\u011fi bedel<span class=\"excerpt-hellip\"> [\u2026]<\/span><\/p>\n","protected":false},"featured_media":0,"template":"","meta":{"_monsterinsights_skip_tracking":false,"_monsterinsights_sitenote_active":false,"_monsterinsights_sitenote_note":"","_monsterinsights_sitenote_category":0},"product_brand":[],"product_cat":[12540,12291],"product_tag":[],"class_list":{"0":"post-748591","1":"product","2":"type-product","3":"status-publish","5":"product_cat-bilim-kurgu","6":"product_cat-edebiyat","7":"pa_cilt-ciltsiz","8":"pa_tur-kitap","9":"pa_yayinevi-elpis-yayinlari","10":"pa_yazar-faruk-umut-kucuker","12":"first","13":"instock","14":"sale","15":"shipping-taxable","16":"purchasable","17":"product-type-simple"},"_links":{"self":[{"href":"https:\/\/roveyayinevi.com.tr\/index.php\/wp-json\/wp\/v2\/product\/748591","targetHints":{"allow":["GET"]}}],"collection":[{"href":"https:\/\/roveyayinevi.com.tr\/index.php\/wp-json\/wp\/v2\/product"}],"about":[{"href":"https:\/\/roveyayinevi.com.tr\/index.php\/wp-json\/wp\/v2\/types\/product"}],"wp:attachment":[{"href":"https:\/\/roveyayinevi.com.tr\/index.php\/wp-json\/wp\/v2\/media?parent=748591"}],"wp:term":[{"taxonomy":"product_brand","embeddable":true,"href":"https:\/\/roveyayinevi.com.tr\/index.php\/wp-json\/wp\/v2\/product_brand?post=748591"},{"taxonomy":"product_cat","embeddable":true,"href":"https:\/\/roveyayinevi.com.tr\/index.php\/wp-json\/wp\/v2\/product_cat?post=748591"},{"taxonomy":"product_tag","embeddable":true,"href":"https:\/\/roveyayinevi.com.tr\/index.php\/wp-json\/wp\/v2\/product_tag?post=748591"}],"curies":[{"name":"wp","href":"https:\/\/api.w.org\/{rel}","templated":true}]}}