{"id":748589,"date":"2025-08-28T03:34:44","date_gmt":"2025-08-28T00:34:44","guid":{"rendered":"https:\/\/roveyayinevi.com.tr\/index.php\/urun\/hucre-2\/"},"modified":"2026-04-16T03:01:16","modified_gmt":"2026-04-16T00:01:16","slug":"hucre-2","status":"publish","type":"product","link":"https:\/\/roveyayinevi.com.tr\/index.php\/urun\/hucre-2\/","title":{"rendered":"H\u00fccre"},"content":{"rendered":"<p>Evine bir t\u00fcrl\u00fc d\u00f6nemedi\u011fi yetmezmi\u015f gibi bir de pe\u015fine att\u0131\u011f\u0131 her ad\u0131m\u0131 takip eden esrarengiz bir yabanc\u0131 tak\u0131lm\u0131\u015ft\u0131.   Peki ama kimdi bu ki\u015fi? Yoksa&#8230;   O muydu?   Hani kendisinin ad\u0131n\u0131 dahi anmak istemedi\u011fi \u015fu \u00e7ocukluk k\u00e2busu!   E\u011fer \u00f6yleyse \u201cd\u0131\u015far\u0131s\u0131\u201d ger\u00e7ekten de onun korktu\u011fu kadar tehlikeli bir yer olmal\u0131yd\u0131. H\u0130\u00c7B\u0130R YERDE G\u00dcVENDE DE\u011e\u0130LS\u0130N, KEND\u0130 Z\u0130HN\u0130N DAH\u0130L!<\/p>\n","protected":false},"excerpt":{"rendered":"<p>Evine bir t\u00fcrl\u00fc d\u00f6nemedi\u011fi yetmezmi\u015f gibi bir de pe\u015fine att\u0131\u011f\u0131 her ad\u0131m\u0131 takip eden esrarengiz bir yabanc\u0131 tak\u0131lm\u0131\u015ft\u0131. Peki ama kimdi bu ki\u015fi? Yoksa&#8230; O muydu?<span class=\"excerpt-hellip\"> [\u2026]<\/span><\/p>\n","protected":false},"featured_media":0,"template":"","meta":{"_monsterinsights_skip_tracking":false,"_monsterinsights_sitenote_active":false,"_monsterinsights_sitenote_note":"","_monsterinsights_sitenote_category":0},"product_brand":[],"product_cat":[12291,12711],"product_tag":[],"class_list":{"0":"post-748589","1":"product","2":"type-product","3":"status-publish","5":"product_cat-edebiyat","6":"product_cat-roman-oyku","7":"pa_cilt-ciltsiz","8":"pa_tur-kitap","9":"pa_yayinevi-elpis-yayinlari","10":"pa_yazar-muzaffer-cinar","12":"first","13":"instock","14":"sale","15":"shipping-taxable","16":"purchasable","17":"product-type-simple"},"_links":{"self":[{"href":"https:\/\/roveyayinevi.com.tr\/index.php\/wp-json\/wp\/v2\/product\/748589","targetHints":{"allow":["GET"]}}],"collection":[{"href":"https:\/\/roveyayinevi.com.tr\/index.php\/wp-json\/wp\/v2\/product"}],"about":[{"href":"https:\/\/roveyayinevi.com.tr\/index.php\/wp-json\/wp\/v2\/types\/product"}],"wp:attachment":[{"href":"https:\/\/roveyayinevi.com.tr\/index.php\/wp-json\/wp\/v2\/media?parent=748589"}],"wp:term":[{"taxonomy":"product_brand","embeddable":true,"href":"https:\/\/roveyayinevi.com.tr\/index.php\/wp-json\/wp\/v2\/product_brand?post=748589"},{"taxonomy":"product_cat","embeddable":true,"href":"https:\/\/roveyayinevi.com.tr\/index.php\/wp-json\/wp\/v2\/product_cat?post=748589"},{"taxonomy":"product_tag","embeddable":true,"href":"https:\/\/roveyayinevi.com.tr\/index.php\/wp-json\/wp\/v2\/product_tag?post=748589"}],"curies":[{"name":"wp","href":"https:\/\/api.w.org\/{rel}","templated":true}]}}