{"id":748585,"date":"2025-08-28T03:34:37","date_gmt":"2025-08-28T00:34:37","guid":{"rendered":"https:\/\/roveyayinevi.com.tr\/index.php\/urun\/rehan-raman-ve-sirli-yuzuk\/"},"modified":"2026-04-16T03:01:16","modified_gmt":"2026-04-16T00:01:16","slug":"rehan-raman-ve-sirli-yuzuk","status":"publish","type":"product","link":"https:\/\/roveyayinevi.com.tr\/index.php\/urun\/rehan-raman-ve-sirli-yuzuk\/","title":{"rendered":"Rehan Raman ve S\u0131rl\u0131 Y\u00fcz\u00fck"},"content":{"rendered":"<p>Reena bir an a\u011flamakla, kahkaha atmak aras\u0131nda gidip geldi. Ya\u015fad\u0131klar\u0131 inan\u0131lmaz \u015feylerdi. O\u011flu Rehan iki y\u0131ld\u0131r her gece r\u00fcyas\u0131nda ayn\u0131 aday\u0131 g\u00f6r\u00fcyordu. Rehan\u2019\u0131n anlatt\u0131klar\u0131na g\u00f6re, adada ya\u015fayan insanlar eski bir uygarl\u0131\u011fa ait gibiydiler. Bu aday\u0131 bir kral y\u00f6netiyordu ve Rehan kendisinin bu kral\u0131n soyundan geldi\u011fini iddia etmeye ba\u015flam\u0131\u015ft\u0131. Kral\u0131n ilahi g\u00fc\u00e7leri olan bir de y\u00fcz\u00fc\u011f\u00fc vard\u0131 ve y\u00fcz\u00fck sayesinde baz\u0131 garip ve korkun\u00e7 varl\u0131klara h\u00fckmedebiliyordu. S\u0131rl\u0131lar denilen bu korkun\u00e7 varl\u0131klarsa y\u00fcz\u00fc\u011f\u00fcn pe\u015findeydiler. \u0130\u015fin en tuhaf k\u0131sm\u0131 ise, bu y\u00fcz\u00fck \u00fc\u00e7 y\u0131l \u00f6nce trafik kazas\u0131nda kaybetti\u011fi kocas\u0131 Rahul\u2019\u00fcn parma\u011f\u0131ndan hi\u00e7 \u00e7\u0131kartmad\u0131\u011f\u0131 y\u00fcz\u00fc\u011f\u00fcn de ta kendisiydi. S\u0131rl\u0131lar, e\u015finin \u00f6l\u00fcm\u00fcnden sonra ortadan kaybolan y\u00fcz\u00fc\u011f\u00fc bulmas\u0131 i\u00e7in o\u011fluna s\u00fcrekli bask\u0131 yap\u0131yorlard\u0131 ve Rehan, S\u0131rl\u0131lar denilen bu varl\u0131klardan \u00f6lesiye korkuyordu.   \u201c\u0130nsan psikolojisi yar\u0131s\u0131 suyla dolu, \u00e7ok derin ve karanl\u0131k bir kuyuya benzer Reena. Dipte ne oldu\u011funu g\u00f6rmek \u00e7ok zordur. Ancak kuyuya inersen suyun asl\u0131nda berrak oldu\u011funu g\u00f6rebilirsin. Ben iki y\u0131ld\u0131r bu kuyuya iniyorum ama su h\u00e2l\u00e2 \u00e7ok karanl\u0131k. Bu da bana bilimin \u00f6tesinde bir \u015feyle u\u011fra\u015ft\u0131\u011f\u0131m\u0131z\u0131 d\u00fc\u015f\u00fcnd\u00fcrmeye ba\u015flad\u0131. Belki art\u0131k Rehan\u2019a inanmaya ba\u015flamam\u0131z\u0131n zaman\u0131 gelmi\u015ftir. Hatta do\u011fa\u00fcst\u00fc g\u00fc\u00e7lerin var oldu\u011funu kabul etmemiz belki de \u00e7\u00f6z\u00fcm\u00fcn anahtar\u0131d\u0131r.\u201d <\/p>\n","protected":false},"excerpt":{"rendered":"<p>Reena bir an a\u011flamakla, kahkaha atmak aras\u0131nda gidip geldi. Ya\u015fad\u0131klar\u0131 inan\u0131lmaz \u015feylerdi. O\u011flu Rehan iki y\u0131ld\u0131r her gece r\u00fcyas\u0131nda ayn\u0131 aday\u0131 g\u00f6r\u00fcyordu. Rehan\u2019\u0131n anlatt\u0131klar\u0131na g\u00f6re, adada<span class=\"excerpt-hellip\"> [\u2026]<\/span><\/p>\n","protected":false},"featured_media":0,"template":"","meta":{"_monsterinsights_skip_tracking":false,"_monsterinsights_sitenote_active":false,"_monsterinsights_sitenote_note":"","_monsterinsights_sitenote_category":0},"product_brand":[],"product_cat":[12291,14777],"product_tag":[],"class_list":{"0":"post-748585","1":"product","2":"type-product","3":"status-publish","5":"product_cat-edebiyat","6":"product_cat-fantastik","7":"pa_cilt-ciltsiz","8":"pa_tur-kitap","9":"pa_yayinevi-perseus","10":"pa_yazar-zeliha-uzumcu","12":"first","13":"instock","14":"sale","15":"shipping-taxable","16":"purchasable","17":"product-type-simple"},"_links":{"self":[{"href":"https:\/\/roveyayinevi.com.tr\/index.php\/wp-json\/wp\/v2\/product\/748585","targetHints":{"allow":["GET"]}}],"collection":[{"href":"https:\/\/roveyayinevi.com.tr\/index.php\/wp-json\/wp\/v2\/product"}],"about":[{"href":"https:\/\/roveyayinevi.com.tr\/index.php\/wp-json\/wp\/v2\/types\/product"}],"wp:attachment":[{"href":"https:\/\/roveyayinevi.com.tr\/index.php\/wp-json\/wp\/v2\/media?parent=748585"}],"wp:term":[{"taxonomy":"product_brand","embeddable":true,"href":"https:\/\/roveyayinevi.com.tr\/index.php\/wp-json\/wp\/v2\/product_brand?post=748585"},{"taxonomy":"product_cat","embeddable":true,"href":"https:\/\/roveyayinevi.com.tr\/index.php\/wp-json\/wp\/v2\/product_cat?post=748585"},{"taxonomy":"product_tag","embeddable":true,"href":"https:\/\/roveyayinevi.com.tr\/index.php\/wp-json\/wp\/v2\/product_tag?post=748585"}],"curies":[{"name":"wp","href":"https:\/\/api.w.org\/{rel}","templated":true}]}}