{"id":748583,"date":"2025-08-28T03:34:33","date_gmt":"2025-08-28T00:34:33","guid":{"rendered":"https:\/\/roveyayinevi.com.tr\/index.php\/urun\/seyh-galib-divani-olumsuz-klasikler\/"},"modified":"2026-04-16T03:01:16","modified_gmt":"2026-04-16T00:01:16","slug":"seyh-galib-divani-olumsuz-klasikler","status":"publish","type":"product","link":"https:\/\/roveyayinevi.com.tr\/index.php\/urun\/seyh-galib-divani-olumsuz-klasikler\/","title":{"rendered":"\u015eeyh Galib  Divan\u0131 &#8211; \u00d6l\u00fcms\u00fcz Klasikler"},"content":{"rendered":"<p>Divan \u015fiirinin son b\u00fcy\u00fck \u015fairi. Bir devir onun b\u00fct\u00fcn g\u00fczelli\u011fiyle kapand\u0131. \u2018Ku\u011funun Son \u015eark\u0131s\u0131\u2019n\u0131 o yazd\u0131. K\u0131rk iki y\u0131ll\u0131k k\u0131sa \u00f6mr\u00fcne H\u00fcsn \u00fc A\u015fk yan\u0131nda m\u00fckemmel bir divan ekledi. Bir b\u00fcy\u00fck \u015fiiri sadece temsil etmekle yetinmedi, adeta onu son kez zaman\u0131n sinesinde \u00f6l\u00fcms\u00fczle\u015ftirdi. Kendisine has tavr\u0131, \u00f6zg\u00fcn ve \u00f6zg\u00fcr d\u00fcnyas\u0131 hemen her tarzda yazd\u0131\u011f\u0131 \u015fiirlerde a\u00e7\u0131\u011fa \u00e7\u0131kt\u0131. Co\u015fkun, lirik, \u00f6zg\u00fcr ve metafizik duyu\u015fu ile e\u015fsiz bir \u015fiir yazd\u0131&#8230; \u015eeyh G\u00e2lip Divan\u0131\u2019n\u0131 okumak en az alt\u0131 as\u0131r s\u00fcrm\u00fc\u015f bir b\u00fcy\u00fck \u015fiirin uyan\u0131\u015flar\u0131na, \u015fafaklar\u0131na, derin vadileri yan\u0131nda engin m\u00fczi\u011fine \u015fahitlik etmek demektir. <\/p>\n","protected":false},"excerpt":{"rendered":"<p>Divan \u015fiirinin son b\u00fcy\u00fck \u015fairi. Bir devir onun b\u00fct\u00fcn g\u00fczelli\u011fiyle kapand\u0131. \u2018Ku\u011funun Son \u015eark\u0131s\u0131\u2019n\u0131 o yazd\u0131. K\u0131rk iki y\u0131ll\u0131k k\u0131sa \u00f6mr\u00fcne H\u00fcsn \u00fc A\u015fk yan\u0131nda m\u00fckemmel<span class=\"excerpt-hellip\"> [\u2026]<\/span><\/p>\n","protected":false},"featured_media":0,"template":"","meta":{"_monsterinsights_skip_tracking":false,"_monsterinsights_sitenote_active":false,"_monsterinsights_sitenote_note":"","_monsterinsights_sitenote_category":0},"product_brand":[],"product_cat":[12291],"product_tag":[],"class_list":{"0":"post-748583","1":"product","2":"type-product","3":"status-publish","5":"product_cat-edebiyat","6":"pa_cilt-ciltsiz","7":"pa_tur-kitap","8":"pa_yayinevi-kapi-yayinlari","9":"pa_yazar-ozan-yilmaz","11":"first","12":"instock","13":"sale","14":"shipping-taxable","15":"purchasable","16":"product-type-simple"},"_links":{"self":[{"href":"https:\/\/roveyayinevi.com.tr\/index.php\/wp-json\/wp\/v2\/product\/748583","targetHints":{"allow":["GET"]}}],"collection":[{"href":"https:\/\/roveyayinevi.com.tr\/index.php\/wp-json\/wp\/v2\/product"}],"about":[{"href":"https:\/\/roveyayinevi.com.tr\/index.php\/wp-json\/wp\/v2\/types\/product"}],"wp:attachment":[{"href":"https:\/\/roveyayinevi.com.tr\/index.php\/wp-json\/wp\/v2\/media?parent=748583"}],"wp:term":[{"taxonomy":"product_brand","embeddable":true,"href":"https:\/\/roveyayinevi.com.tr\/index.php\/wp-json\/wp\/v2\/product_brand?post=748583"},{"taxonomy":"product_cat","embeddable":true,"href":"https:\/\/roveyayinevi.com.tr\/index.php\/wp-json\/wp\/v2\/product_cat?post=748583"},{"taxonomy":"product_tag","embeddable":true,"href":"https:\/\/roveyayinevi.com.tr\/index.php\/wp-json\/wp\/v2\/product_tag?post=748583"}],"curies":[{"name":"wp","href":"https:\/\/api.w.org\/{rel}","templated":true}]}}