{"id":748582,"date":"2025-08-28T03:34:32","date_gmt":"2025-08-28T00:34:32","guid":{"rendered":"https:\/\/roveyayinevi.com.tr\/index.php\/urun\/memleket-ve-hayat-siirleri\/"},"modified":"2026-04-16T03:01:16","modified_gmt":"2026-04-16T00:01:16","slug":"memleket-ve-hayat-siirleri","status":"publish","type":"product","link":"https:\/\/roveyayinevi.com.tr\/index.php\/urun\/memleket-ve-hayat-siirleri\/","title":{"rendered":"Memleket ve Hayat \u015eiirleri"},"content":{"rendered":"<p>Osman Gezmek, do\u011fan\u0131n ve ya\u015fam\u0131n g\u00fcc\u00fcn\u00fc birbirinden g\u00fczel \u015fiirlerinde ustal\u0131kla i\u015flemi\u015f, T\u00fcrk edebiyat\u0131na ciddi katk\u0131larda bulunmu\u015f \u00fcnl\u00fc bir T\u00fcrk \u015fairidir.             15 A\u011fustos 1964 tarihinde Ordu\u2019nun Kumru il\u00e7esi Yaln\u0131zdam K\u00f6y\u00fc\u2019nde d\u00fcnyaya gelmi\u015ftir.             \u201cHayat\u0131m\u0131n An\u0131lar\u0131\u201d, \u201cBir Hayat Yolcusunun \u015eiir Kitab\u0131\u201d, \u201cHat\u0131ralar\u201d, \u201cT\u00fcrkiye\u2019m\u201d  ile \u201cMemleket ve Hayat \u015eiirleri\u201d isimli \u015fiir kitaplar\u0131n\u0131 T\u00fcrk edebiyat\u0131na kazand\u0131rm\u0131\u015ft\u0131r.                 Osman Gezmek\u2019in \u015fiirleriyle bir ba\u015fka sevdik Anadolu\u2019yu             Bir ba\u015fka sevdik birbirimizi             Bazen sevgi, bazen h\u00fcz\u00fcn, bazen mutluluk             Bazen sevgiliye duyulan \u00f6zlem             Hepimizden bir par\u00e7a               GECELER             Gecenin karanl\u0131\u011f\u0131nda y\u0131ld\u0131zlar yanm\u0131\u015f parl\u0131yor             Elimi uzatsam sanki y\u0131ld\u0131zlar\u0131 topluyor             Hayat bir r\u00fczg\u00e2r gibi esip gidiyor               SEN SEN OL             Yand\u0131\u011f\u0131n ate\u015fe esme, savurma k\u00fcl\u00fc             \u015eu fani d\u00fcnyada do\u011fru yolda y\u00fcr\u00fc             Yakarsa yaks\u0131n seni sahran\u0131n \u00e7\u00f6l\u00fc             Yeniden biter, olursun ye\u015fil bah\u00e7enin g\u00fcl\u00fc <\/p>\n","protected":false},"excerpt":{"rendered":"<p>Osman Gezmek, do\u011fan\u0131n ve ya\u015fam\u0131n g\u00fcc\u00fcn\u00fc birbirinden g\u00fczel \u015fiirlerinde ustal\u0131kla i\u015flemi\u015f, T\u00fcrk edebiyat\u0131na ciddi katk\u0131larda bulunmu\u015f \u00fcnl\u00fc bir T\u00fcrk \u015fairidir. 15 A\u011fustos 1964 tarihinde Ordu\u2019nun Kumru<span class=\"excerpt-hellip\"> [\u2026]<\/span><\/p>\n","protected":false},"featured_media":0,"template":"","meta":{"_monsterinsights_skip_tracking":false,"_monsterinsights_sitenote_active":false,"_monsterinsights_sitenote_note":"","_monsterinsights_sitenote_category":0},"product_brand":[],"product_cat":[12291,12509],"product_tag":[],"class_list":{"0":"post-748582","1":"product","2":"type-product","3":"status-publish","5":"product_cat-edebiyat","6":"product_cat-siir","7":"pa_cilt-ciltsiz","8":"pa_tur-kitap","9":"pa_yayinevi-kozmostar","10":"pa_yazar-osman-gezmek","12":"first","13":"instock","14":"sale","15":"shipping-taxable","16":"purchasable","17":"product-type-simple"},"_links":{"self":[{"href":"https:\/\/roveyayinevi.com.tr\/index.php\/wp-json\/wp\/v2\/product\/748582","targetHints":{"allow":["GET"]}}],"collection":[{"href":"https:\/\/roveyayinevi.com.tr\/index.php\/wp-json\/wp\/v2\/product"}],"about":[{"href":"https:\/\/roveyayinevi.com.tr\/index.php\/wp-json\/wp\/v2\/types\/product"}],"wp:attachment":[{"href":"https:\/\/roveyayinevi.com.tr\/index.php\/wp-json\/wp\/v2\/media?parent=748582"}],"wp:term":[{"taxonomy":"product_brand","embeddable":true,"href":"https:\/\/roveyayinevi.com.tr\/index.php\/wp-json\/wp\/v2\/product_brand?post=748582"},{"taxonomy":"product_cat","embeddable":true,"href":"https:\/\/roveyayinevi.com.tr\/index.php\/wp-json\/wp\/v2\/product_cat?post=748582"},{"taxonomy":"product_tag","embeddable":true,"href":"https:\/\/roveyayinevi.com.tr\/index.php\/wp-json\/wp\/v2\/product_tag?post=748582"}],"curies":[{"name":"wp","href":"https:\/\/api.w.org\/{rel}","templated":true}]}}