{"id":748580,"date":"2025-08-28T03:34:29","date_gmt":"2025-08-28T00:34:29","guid":{"rendered":"https:\/\/roveyayinevi.com.tr\/index.php\/urun\/deniz-komiser-polisiye-kitap-seti-2-kitap\/"},"modified":"2025-11-21T08:56:19","modified_gmt":"2025-11-21T05:56:19","slug":"deniz-komiser-polisiye-kitap-seti-2-kitap","status":"publish","type":"product","link":"https:\/\/roveyayinevi.com.tr\/index.php\/urun\/deniz-komiser-polisiye-kitap-seti-2-kitap\/","title":{"rendered":"Deniz Komiser &amp; Polisiye Kitap Seti (2 Kitap)"},"content":{"rendered":"<p>G\u00d6LGE &#8211; DEN\u0130Z KOM\u0130SER \u201cAsla \u2018G\u00f6lge\u2019de iken sakland\u0131\u011f\u0131n\u0131z\u0131 zannetmeyin! Baz\u0131lar\u0131m\u0131z\u0131n karanl\u0131\u011f\u0131 daha net g\u00f6rmek gibi bir meziyeti vard\u0131r.\u201d Ankara\u2019n\u0131n kirli, karanl\u0131k sokaklar\u0131nda par\u00e7alanm\u0131\u015f cesetler, tecav\u00fczler, yalanlar, itiraflar ve \u201cG\u00f6lge\u201dde saklanm\u0131\u015f; katiller, \u015f\u00fcpheliler, muhtemel kurbanlar varken ger\u00e7e\u011fi bulmak hi\u00e7te kolay olmayacak! Deniz Komser, kad\u0131n duyarl\u0131l\u0131\u011f\u0131 ve detayc\u0131l\u0131\u011f\u0131 ile Ankara\u2019n\u0131n tam kalbinde, cinayetlerin ortas\u0131na dal\u0131p, ya\u015fam\u0131n ac\u0131mas\u0131zl\u0131\u011f\u0131na meydan okuyor. Ve, \u201cAsla \u2018G\u00f6lge\u2019de iken sakland\u0131\u011f\u0131n\u0131z\u0131 zannetmeyin! Baz\u0131lar\u0131m\u0131z\u0131n karanl\u0131\u011f\u0131 daha net g\u00f6rmek gibi bir meziyeti vard\u0131r.\u201d diyor. Bu roman, i\u00e7indeki k\u00f6rd\u00fc\u011f\u00fcm\u00fcn d\u0131\u015f\u0131nda okuyucusuna gizemli bir macera vaat ediyor. Kitab\u0131 okurken, bunun \u201cS\u0131rr\u0131n\u0131 Sen Sorgula.\u201d bulursan da kimseye ses etme, olur mu!.. Bakmak ve g\u00f6rmek aras\u0131ndaki fark\u0131 ke\u015ffetmeniz dile\u011fi ile..  129 &#8211; DEN\u0130Z KOM\u0130SER Okumaya cesaretin var m\u0131? Kapat g\u00f6zlerini ve nefesini tut! Ac\u0131y\u0131 en derinden hissetmeye haz\u0131r m\u0131s\u0131n? \u201c&#8230; Ac\u0131s\u0131 s\u00f6zlerine yans\u0131m\u0131\u015ft\u0131. V\u00fccudunun her h\u00fccresi kan\u0131yordu. Ona bakt\u0131k\u00e7a anl\u0131yordum; v\u00fccudundaki yaralar de\u011fil, ruhundaki yaralar yak\u0131yordu can\u0131n\u0131. Ruhu kaburga kemiklerini k\u0131r\u0131p, ka\u00e7mak istiyordu belki de. O anlatt\u0131k\u00e7a ben de hapsoluyordum. Onunla birlikte ac\u0131 \u00e7ekiyordum&#8230;\u201d \u0130yi bir polisiye kitap okumay\u0131 vaat eden 129, ayn\u0131 zamanda insani, duyarl\u0131 ve cesur bir kad\u0131n komiserin hayata tuttu\u011fu aynadan yans\u0131yanlar\u0131 da i\u00e7eriyor&#8230; Cem \u015eahin\u2019in ilk kitab\u0131 G\u00f6lge&#8217;den sonra Deniz Komiser, maceralar\u0131na 129 ile devam ediyor. <\/p>\n","protected":false},"excerpt":{"rendered":"<p>G\u00d6LGE &#8211; DEN\u0130Z KOM\u0130SER \u201cAsla \u2018G\u00f6lge\u2019de iken sakland\u0131\u011f\u0131n\u0131z\u0131 zannetmeyin! Baz\u0131lar\u0131m\u0131z\u0131n karanl\u0131\u011f\u0131 daha net g\u00f6rmek gibi bir meziyeti vard\u0131r.\u201d Ankara\u2019n\u0131n kirli, karanl\u0131k sokaklar\u0131nda par\u00e7alanm\u0131\u015f cesetler, tecav\u00fczler, yalanlar,<span class=\"excerpt-hellip\"> [\u2026]<\/span><\/p>\n","protected":false},"featured_media":0,"template":"","meta":{"_monsterinsights_skip_tracking":false,"_monsterinsights_sitenote_active":false,"_monsterinsights_sitenote_note":"","_monsterinsights_sitenote_category":0},"product_brand":[],"product_cat":[12291,15445],"product_tag":[],"class_list":{"0":"post-748580","1":"product","2":"type-product","3":"status-publish","5":"product_cat-edebiyat","6":"product_cat-polisiye","7":"pa_cilt-ciltsiz","8":"pa_tur-kitap","9":"pa_yayinevi-kitap-muptelasi-yayinlari","10":"pa_yazar-cem-sahin","12":"first","13":"instock","14":"sale","15":"shipping-taxable","16":"purchasable","17":"product-type-simple"},"_links":{"self":[{"href":"https:\/\/roveyayinevi.com.tr\/index.php\/wp-json\/wp\/v2\/product\/748580","targetHints":{"allow":["GET"]}}],"collection":[{"href":"https:\/\/roveyayinevi.com.tr\/index.php\/wp-json\/wp\/v2\/product"}],"about":[{"href":"https:\/\/roveyayinevi.com.tr\/index.php\/wp-json\/wp\/v2\/types\/product"}],"wp:attachment":[{"href":"https:\/\/roveyayinevi.com.tr\/index.php\/wp-json\/wp\/v2\/media?parent=748580"}],"wp:term":[{"taxonomy":"product_brand","embeddable":true,"href":"https:\/\/roveyayinevi.com.tr\/index.php\/wp-json\/wp\/v2\/product_brand?post=748580"},{"taxonomy":"product_cat","embeddable":true,"href":"https:\/\/roveyayinevi.com.tr\/index.php\/wp-json\/wp\/v2\/product_cat?post=748580"},{"taxonomy":"product_tag","embeddable":true,"href":"https:\/\/roveyayinevi.com.tr\/index.php\/wp-json\/wp\/v2\/product_tag?post=748580"}],"curies":[{"name":"wp","href":"https:\/\/api.w.org\/{rel}","templated":true}]}}