{"id":748578,"date":"2025-08-28T03:34:26","date_gmt":"2025-08-28T00:34:26","guid":{"rendered":"https:\/\/roveyayinevi.com.tr\/index.php\/urun\/129-deniz-komiser\/"},"modified":"2026-04-16T03:01:16","modified_gmt":"2026-04-16T00:01:16","slug":"129-deniz-komiser","status":"publish","type":"product","link":"https:\/\/roveyayinevi.com.tr\/index.php\/urun\/129-deniz-komiser\/","title":{"rendered":"129 &#8211; Deniz Komiser"},"content":{"rendered":"<p>Okumaya cesaretin var m\u0131? Kapat g\u00f6zlerini ve nefesini tut! Ac\u0131y\u0131 en derinden hissetmeye haz\u0131r m\u0131s\u0131n? \u201c&#8230; Ac\u0131s\u0131 s\u00f6zlerine yans\u0131m\u0131\u015ft\u0131. V\u00fccudunun her h\u00fccresi kan\u0131yordu. Ona bakt\u0131k\u00e7a anl\u0131yordum; v\u00fccudundaki yaralar de\u011fil, ruhundaki yaralar yak\u0131yordu can\u0131n\u0131. Ruhu kaburga kemiklerini k\u0131r\u0131p, ka\u00e7mak istiyordu belki de. O anlatt\u0131k\u00e7a ben de hapsoluyordum. Onunla birlikte ac\u0131 \u00e7ekiyordum&#8230;\u201d \u0130yi bir polisiye kitap okumay\u0131 vaat eden 129, ayn\u0131 zamanda insani, duyarl\u0131 ve cesur bir kad\u0131n komiserin hayata tuttu\u011fu aynadan yans\u0131yanlar\u0131 da i\u00e7eriyor&#8230; Cem \u015eahin\u2019in ilk kitab\u0131 G\u00f6lge&#8217;den sonra Deniz Komiser, maceralar\u0131na 129 ile devam ediyor. <\/p>\n","protected":false},"excerpt":{"rendered":"<p>Okumaya cesaretin var m\u0131? Kapat g\u00f6zlerini ve nefesini tut! Ac\u0131y\u0131 en derinden hissetmeye haz\u0131r m\u0131s\u0131n? \u201c&#8230; Ac\u0131s\u0131 s\u00f6zlerine yans\u0131m\u0131\u015ft\u0131. V\u00fccudunun her h\u00fccresi kan\u0131yordu. Ona bakt\u0131k\u00e7a anl\u0131yordum;<span class=\"excerpt-hellip\"> [\u2026]<\/span><\/p>\n","protected":false},"featured_media":0,"template":"","meta":{"_monsterinsights_skip_tracking":false,"_monsterinsights_sitenote_active":false,"_monsterinsights_sitenote_note":"","_monsterinsights_sitenote_category":0},"product_brand":[],"product_cat":[12291,15445],"product_tag":[],"class_list":{"0":"post-748578","1":"product","2":"type-product","3":"status-publish","5":"product_cat-edebiyat","6":"product_cat-polisiye","7":"pa_cilt-ciltsiz","8":"pa_tur-kitap","9":"pa_yayinevi-kitap-muptelasi-yayinlari","10":"pa_yazar-cem-sahin","12":"first","13":"instock","14":"sale","15":"shipping-taxable","16":"purchasable","17":"product-type-simple"},"_links":{"self":[{"href":"https:\/\/roveyayinevi.com.tr\/index.php\/wp-json\/wp\/v2\/product\/748578","targetHints":{"allow":["GET"]}}],"collection":[{"href":"https:\/\/roveyayinevi.com.tr\/index.php\/wp-json\/wp\/v2\/product"}],"about":[{"href":"https:\/\/roveyayinevi.com.tr\/index.php\/wp-json\/wp\/v2\/types\/product"}],"wp:attachment":[{"href":"https:\/\/roveyayinevi.com.tr\/index.php\/wp-json\/wp\/v2\/media?parent=748578"}],"wp:term":[{"taxonomy":"product_brand","embeddable":true,"href":"https:\/\/roveyayinevi.com.tr\/index.php\/wp-json\/wp\/v2\/product_brand?post=748578"},{"taxonomy":"product_cat","embeddable":true,"href":"https:\/\/roveyayinevi.com.tr\/index.php\/wp-json\/wp\/v2\/product_cat?post=748578"},{"taxonomy":"product_tag","embeddable":true,"href":"https:\/\/roveyayinevi.com.tr\/index.php\/wp-json\/wp\/v2\/product_tag?post=748578"}],"curies":[{"name":"wp","href":"https:\/\/api.w.org\/{rel}","templated":true}]}}