{"id":748568,"date":"2025-08-28T03:34:11","date_gmt":"2025-08-28T00:34:11","guid":{"rendered":"https:\/\/roveyayinevi.com.tr\/index.php\/urun\/hayir-de-devam-et-yabancilara-karsi-emniyet-nasil-guvende-olunur\/"},"modified":"2026-04-16T03:01:15","modified_gmt":"2026-04-16T00:01:15","slug":"hayir-de-devam-et-yabancilara-karsi-emniyet-nasil-guvende-olunur","status":"publish","type":"product","link":"https:\/\/roveyayinevi.com.tr\/index.php\/urun\/hayir-de-devam-et-yabancilara-karsi-emniyet-nasil-guvende-olunur\/","title":{"rendered":"Hay\u0131r De Devam Et &#8211; Yabanc\u0131lara Kar\u015f\u0131 Emniyet &#8211; Nas\u0131l G\u00fcvende Olunur"},"content":{"rendered":"<p>Kap\u0131y\u0131 a\u00e7arken kim oldu\u011funu sorun.B\u00fcy\u00fcklerinizden biriyle d\u0131\u015far\u0131 \u00e7\u0131kt\u0131ktan sonra birlikte bir arkada\u015f edinin.Art\u0131k yabanc\u0131lara kar\u015f\u0131 emniyet kurallar\u0131n\u0131 \u00f6\u011frenmenin zaman\u0131 geldi. <\/p>\n","protected":false},"excerpt":{"rendered":"<p>Kap\u0131y\u0131 a\u00e7arken kim oldu\u011funu sorun.B\u00fcy\u00fcklerinizden biriyle d\u0131\u015far\u0131 \u00e7\u0131kt\u0131ktan sonra birlikte bir arkada\u015f edinin.Art\u0131k yabanc\u0131lara kar\u015f\u0131 emniyet kurallar\u0131n\u0131 \u00f6\u011frenmenin zaman\u0131 geldi.<\/p>\n","protected":false},"featured_media":0,"template":"","meta":{"_monsterinsights_skip_tracking":false,"_monsterinsights_sitenote_active":false,"_monsterinsights_sitenote_note":"","_monsterinsights_sitenote_category":0},"product_brand":[],"product_cat":[12274,15842],"product_tag":[],"class_list":{"0":"post-748568","1":"product","2":"type-product","3":"status-publish","5":"product_cat-cocuk-ve-genclik-kitaplari","6":"product_cat-egitici-kitaplar","7":"pa_cilt-ciltsiz","8":"pa_tur-kitap","9":"pa_yayinevi-teleskop-populer-bilim","10":"pa_yazar-j-urban-donahue","12":"first","13":"instock","14":"sale","15":"shipping-taxable","16":"purchasable","17":"product-type-simple"},"_links":{"self":[{"href":"https:\/\/roveyayinevi.com.tr\/index.php\/wp-json\/wp\/v2\/product\/748568","targetHints":{"allow":["GET"]}}],"collection":[{"href":"https:\/\/roveyayinevi.com.tr\/index.php\/wp-json\/wp\/v2\/product"}],"about":[{"href":"https:\/\/roveyayinevi.com.tr\/index.php\/wp-json\/wp\/v2\/types\/product"}],"wp:attachment":[{"href":"https:\/\/roveyayinevi.com.tr\/index.php\/wp-json\/wp\/v2\/media?parent=748568"}],"wp:term":[{"taxonomy":"product_brand","embeddable":true,"href":"https:\/\/roveyayinevi.com.tr\/index.php\/wp-json\/wp\/v2\/product_brand?post=748568"},{"taxonomy":"product_cat","embeddable":true,"href":"https:\/\/roveyayinevi.com.tr\/index.php\/wp-json\/wp\/v2\/product_cat?post=748568"},{"taxonomy":"product_tag","embeddable":true,"href":"https:\/\/roveyayinevi.com.tr\/index.php\/wp-json\/wp\/v2\/product_tag?post=748568"}],"curies":[{"name":"wp","href":"https:\/\/api.w.org\/{rel}","templated":true}]}}