{"id":748565,"date":"2025-08-28T03:34:06","date_gmt":"2025-08-28T00:34:06","guid":{"rendered":"https:\/\/roveyayinevi.com.tr\/index.php\/urun\/egitici-kartlar-annemle-saglikli-tarifler-deniyorum\/"},"modified":"2026-04-16T03:01:15","modified_gmt":"2026-04-16T00:01:15","slug":"egitici-kartlar-annemle-saglikli-tarifler-deniyorum","status":"publish","type":"product","link":"https:\/\/roveyayinevi.com.tr\/index.php\/urun\/egitici-kartlar-annemle-saglikli-tarifler-deniyorum\/","title":{"rendered":"E\u011fitici Kartlar Annemle Sa\u011fl\u0131kl\u0131 Tarifler Deniyorum"},"content":{"rendered":"<p>\u00c7ocuklar\u0131n yeme\u011fin haz\u0131rlanma s\u00fcrecine aktif kat\u0131lmas\u0131n\u0131 ve sonras\u0131nda yeme\u011fin keyfini \u00e7\u0131karmas\u0131n\u0131 sa\u011flayan ilgin\u00e7 ve kolay tarifler. Silinebilir Kalem Hediyeli.<\/p>\n","protected":false},"excerpt":{"rendered":"<p>\u00c7ocuklar\u0131n yeme\u011fin haz\u0131rlanma s\u00fcrecine aktif kat\u0131lmas\u0131n\u0131 ve sonras\u0131nda yeme\u011fin keyfini \u00e7\u0131karmas\u0131n\u0131 sa\u011flayan ilgin\u00e7 ve kolay tarifler. Silinebilir Kalem Hediyeli.<\/p>\n","protected":false},"featured_media":0,"template":"","meta":{"_monsterinsights_skip_tracking":false,"_monsterinsights_sitenote_active":false,"_monsterinsights_sitenote_note":"","_monsterinsights_sitenote_category":0},"product_brand":[],"product_cat":[12274,12631],"product_tag":[],"class_list":{"0":"post-748565","1":"product","2":"type-product","3":"status-publish","5":"product_cat-cocuk-ve-genclik-kitaplari","6":"product_cat-diger-cocuk-ve-genclik-kitaplari","7":"pa_cilt-ciltsiz","8":"pa_tur-kitap","9":"pa_yayinevi-teleskop-populer-bilim","10":"pa_yazar-ivan-nikolov-ivanov","12":"first","13":"instock","14":"sale","15":"shipping-taxable","16":"purchasable","17":"product-type-simple"},"_links":{"self":[{"href":"https:\/\/roveyayinevi.com.tr\/index.php\/wp-json\/wp\/v2\/product\/748565","targetHints":{"allow":["GET"]}}],"collection":[{"href":"https:\/\/roveyayinevi.com.tr\/index.php\/wp-json\/wp\/v2\/product"}],"about":[{"href":"https:\/\/roveyayinevi.com.tr\/index.php\/wp-json\/wp\/v2\/types\/product"}],"wp:attachment":[{"href":"https:\/\/roveyayinevi.com.tr\/index.php\/wp-json\/wp\/v2\/media?parent=748565"}],"wp:term":[{"taxonomy":"product_brand","embeddable":true,"href":"https:\/\/roveyayinevi.com.tr\/index.php\/wp-json\/wp\/v2\/product_brand?post=748565"},{"taxonomy":"product_cat","embeddable":true,"href":"https:\/\/roveyayinevi.com.tr\/index.php\/wp-json\/wp\/v2\/product_cat?post=748565"},{"taxonomy":"product_tag","embeddable":true,"href":"https:\/\/roveyayinevi.com.tr\/index.php\/wp-json\/wp\/v2\/product_tag?post=748565"}],"curies":[{"name":"wp","href":"https:\/\/api.w.org\/{rel}","templated":true}]}}