{"id":748564,"date":"2025-08-28T03:34:04","date_gmt":"2025-08-28T00:34:04","guid":{"rendered":"https:\/\/roveyayinevi.com.tr\/index.php\/urun\/egitici-kartlar-matematik-bulmacalari\/"},"modified":"2026-04-16T03:01:15","modified_gmt":"2026-04-16T00:01:15","slug":"egitici-kartlar-matematik-bulmacalari","status":"publish","type":"product","link":"https:\/\/roveyayinevi.com.tr\/index.php\/urun\/egitici-kartlar-matematik-bulmacalari\/","title":{"rendered":"E\u011fitici Kartlar Matematik Bulmacalar\u0131"},"content":{"rendered":"<p>Bu kartlarla \u00e7ocuklar bir yar\u0131dan labirentte yolunu bulmaya \u00e7al\u0131\u015f\u0131rken di\u011fer yandan matematik problemleri \u00e7\u00f6zmeye \u00e7al\u0131\u015facak. \u00c7ocu\u011funuz oyun oynarken hem matematik yetene\u011fini ve konsantrasyonunu geli\u015ftirecek hem de mant\u0131\u011f\u0131n\u0131 test etme f\u0131rsat\u0131 bulacak. Silinebilir Kalem Hediyeli. <\/p>\n","protected":false},"excerpt":{"rendered":"<p>Bu kartlarla \u00e7ocuklar bir yar\u0131dan labirentte yolunu bulmaya \u00e7al\u0131\u015f\u0131rken di\u011fer yandan matematik problemleri \u00e7\u00f6zmeye \u00e7al\u0131\u015facak. \u00c7ocu\u011funuz oyun oynarken hem matematik yetene\u011fini ve konsantrasyonunu geli\u015ftirecek hem de<span class=\"excerpt-hellip\"> [\u2026]<\/span><\/p>\n","protected":false},"featured_media":0,"template":"","meta":{"_monsterinsights_skip_tracking":false,"_monsterinsights_sitenote_active":false,"_monsterinsights_sitenote_note":"","_monsterinsights_sitenote_category":0},"product_brand":[],"product_cat":[12492,12274],"product_tag":[],"class_list":{"0":"post-748564","1":"product","2":"type-product","3":"status-publish","5":"product_cat-bilmece-bulmaca","6":"product_cat-cocuk-ve-genclik-kitaplari","7":"pa_cilt-ciltsiz","8":"pa_tur-kitap","9":"pa_yayinevi-teleskop-populer-bilim","10":"pa_yazar-kolektif","12":"first","13":"instock","14":"sale","15":"shipping-taxable","16":"purchasable","17":"product-type-simple"},"_links":{"self":[{"href":"https:\/\/roveyayinevi.com.tr\/index.php\/wp-json\/wp\/v2\/product\/748564","targetHints":{"allow":["GET"]}}],"collection":[{"href":"https:\/\/roveyayinevi.com.tr\/index.php\/wp-json\/wp\/v2\/product"}],"about":[{"href":"https:\/\/roveyayinevi.com.tr\/index.php\/wp-json\/wp\/v2\/types\/product"}],"wp:attachment":[{"href":"https:\/\/roveyayinevi.com.tr\/index.php\/wp-json\/wp\/v2\/media?parent=748564"}],"wp:term":[{"taxonomy":"product_brand","embeddable":true,"href":"https:\/\/roveyayinevi.com.tr\/index.php\/wp-json\/wp\/v2\/product_brand?post=748564"},{"taxonomy":"product_cat","embeddable":true,"href":"https:\/\/roveyayinevi.com.tr\/index.php\/wp-json\/wp\/v2\/product_cat?post=748564"},{"taxonomy":"product_tag","embeddable":true,"href":"https:\/\/roveyayinevi.com.tr\/index.php\/wp-json\/wp\/v2\/product_tag?post=748564"}],"curies":[{"name":"wp","href":"https:\/\/api.w.org\/{rel}","templated":true}]}}