{"id":748562,"date":"2025-08-28T03:34:01","date_gmt":"2025-08-28T00:34:01","guid":{"rendered":"https:\/\/roveyayinevi.com.tr\/index.php\/urun\/egitici-kartlar-eglendiren-bulmacalar\/"},"modified":"2026-04-16T03:01:15","modified_gmt":"2026-04-16T00:01:15","slug":"egitici-kartlar-eglendiren-bulmacalar","status":"publish","type":"product","link":"https:\/\/roveyayinevi.com.tr\/index.php\/urun\/egitici-kartlar-eglendiren-bulmacalar\/","title":{"rendered":"E\u011fitici Kartlar E\u011flendiren Bulmacalar"},"content":{"rendered":"<p>Bu sette \u00e7ocu\u011funuza; ailesine ve tan\u0131mad\u0131\u011f\u0131 insanlara yard\u0131m etmeyi, do\u011fay\u0131 korumay\u0131, &#8220;sihirli s\u00f6zc\u00fckler&#8221;kullanmay\u0131 ve e\u011flenmeyi \u00f6\u011fretecek oyunlar bulunuyor. Silinebilir Kalem Hediyeli. <\/p>\n","protected":false},"excerpt":{"rendered":"<p>Bu sette \u00e7ocu\u011funuza; ailesine ve tan\u0131mad\u0131\u011f\u0131 insanlara yard\u0131m etmeyi, do\u011fay\u0131 korumay\u0131, &#8220;sihirli s\u00f6zc\u00fckler&#8221;kullanmay\u0131 ve e\u011flenmeyi \u00f6\u011fretecek oyunlar bulunuyor. Silinebilir Kalem Hediyeli.<\/p>\n","protected":false},"featured_media":0,"template":"","meta":{"_monsterinsights_skip_tracking":false,"_monsterinsights_sitenote_active":false,"_monsterinsights_sitenote_note":"","_monsterinsights_sitenote_category":0},"product_brand":[],"product_cat":[12492,12274],"product_tag":[],"class_list":{"0":"post-748562","1":"product","2":"type-product","3":"status-publish","5":"product_cat-bilmece-bulmaca","6":"product_cat-cocuk-ve-genclik-kitaplari","7":"pa_cilt-ciltsiz","8":"pa_tur-kitap","9":"pa_yayinevi-teleskop-populer-bilim","10":"pa_yazar-ivan-nikolov-ivanov","12":"first","13":"instock","14":"sale","15":"shipping-taxable","16":"purchasable","17":"product-type-simple"},"_links":{"self":[{"href":"https:\/\/roveyayinevi.com.tr\/index.php\/wp-json\/wp\/v2\/product\/748562","targetHints":{"allow":["GET"]}}],"collection":[{"href":"https:\/\/roveyayinevi.com.tr\/index.php\/wp-json\/wp\/v2\/product"}],"about":[{"href":"https:\/\/roveyayinevi.com.tr\/index.php\/wp-json\/wp\/v2\/types\/product"}],"wp:attachment":[{"href":"https:\/\/roveyayinevi.com.tr\/index.php\/wp-json\/wp\/v2\/media?parent=748562"}],"wp:term":[{"taxonomy":"product_brand","embeddable":true,"href":"https:\/\/roveyayinevi.com.tr\/index.php\/wp-json\/wp\/v2\/product_brand?post=748562"},{"taxonomy":"product_cat","embeddable":true,"href":"https:\/\/roveyayinevi.com.tr\/index.php\/wp-json\/wp\/v2\/product_cat?post=748562"},{"taxonomy":"product_tag","embeddable":true,"href":"https:\/\/roveyayinevi.com.tr\/index.php\/wp-json\/wp\/v2\/product_tag?post=748562"}],"curies":[{"name":"wp","href":"https:\/\/api.w.org\/{rel}","templated":true}]}}