{"id":748561,"date":"2025-08-28T03:34:00","date_gmt":"2025-08-28T00:34:00","guid":{"rendered":"https:\/\/roveyayinevi.com.tr\/index.php\/urun\/egitici-kartlar-doga-ve-sayi-bulmacalari\/"},"modified":"2026-04-16T03:01:15","modified_gmt":"2026-04-16T00:01:15","slug":"egitici-kartlar-doga-ve-sayi-bulmacalari","status":"publish","type":"product","link":"https:\/\/roveyayinevi.com.tr\/index.php\/urun\/egitici-kartlar-doga-ve-sayi-bulmacalari\/","title":{"rendered":"E\u011fitici Kartlar Do\u011fa ve Say\u0131 Bulmacalar\u0131"},"content":{"rendered":"<p>Bu kutuda do\u011fa ve say\u0131larla ilgili bir\u00e7ok oyun bulunuyor. \u00c7ocu\u011funuz e\u011flenirken ayn\u0131 zamanda hi\u00e7 zorlanmadan say\u0131 saymay\u0131, toplamay\u0131, \u00e7\u0131kartmay\u0131 ve kar\u015f\u0131la\u015ft\u0131rma yapmay\u0131 \u00f6\u011frenecek. Silinebilir Kalem Hediyeli. <\/p>\n","protected":false},"excerpt":{"rendered":"<p>Bu kutuda do\u011fa ve say\u0131larla ilgili bir\u00e7ok oyun bulunuyor. \u00c7ocu\u011funuz e\u011flenirken ayn\u0131 zamanda hi\u00e7 zorlanmadan say\u0131 saymay\u0131, toplamay\u0131, \u00e7\u0131kartmay\u0131 ve kar\u015f\u0131la\u015ft\u0131rma yapmay\u0131 \u00f6\u011frenecek. Silinebilir Kalem Hediyeli.<\/p>\n","protected":false},"featured_media":0,"template":"","meta":{"_monsterinsights_skip_tracking":false,"_monsterinsights_sitenote_active":false,"_monsterinsights_sitenote_note":"","_monsterinsights_sitenote_category":0},"product_brand":[],"product_cat":[12492,12274],"product_tag":[],"class_list":{"0":"post-748561","1":"product","2":"type-product","3":"status-publish","5":"product_cat-bilmece-bulmaca","6":"product_cat-cocuk-ve-genclik-kitaplari","7":"pa_cilt-ciltsiz","8":"pa_tur-kitap","9":"pa_yayinevi-teleskop-populer-bilim","10":"pa_yazar-kolektif","12":"first","13":"instock","14":"sale","15":"shipping-taxable","16":"purchasable","17":"product-type-simple"},"_links":{"self":[{"href":"https:\/\/roveyayinevi.com.tr\/index.php\/wp-json\/wp\/v2\/product\/748561","targetHints":{"allow":["GET"]}}],"collection":[{"href":"https:\/\/roveyayinevi.com.tr\/index.php\/wp-json\/wp\/v2\/product"}],"about":[{"href":"https:\/\/roveyayinevi.com.tr\/index.php\/wp-json\/wp\/v2\/types\/product"}],"wp:attachment":[{"href":"https:\/\/roveyayinevi.com.tr\/index.php\/wp-json\/wp\/v2\/media?parent=748561"}],"wp:term":[{"taxonomy":"product_brand","embeddable":true,"href":"https:\/\/roveyayinevi.com.tr\/index.php\/wp-json\/wp\/v2\/product_brand?post=748561"},{"taxonomy":"product_cat","embeddable":true,"href":"https:\/\/roveyayinevi.com.tr\/index.php\/wp-json\/wp\/v2\/product_cat?post=748561"},{"taxonomy":"product_tag","embeddable":true,"href":"https:\/\/roveyayinevi.com.tr\/index.php\/wp-json\/wp\/v2\/product_tag?post=748561"}],"curies":[{"name":"wp","href":"https:\/\/api.w.org\/{rel}","templated":true}]}}