{"id":748560,"date":"2025-08-28T03:33:58","date_gmt":"2025-08-28T00:33:58","guid":{"rendered":"https:\/\/roveyayinevi.com.tr\/index.php\/urun\/buyukannem-akrabalar-serisi\/"},"modified":"2026-04-11T14:17:44","modified_gmt":"2026-04-11T11:17:44","slug":"buyukannem-akrabalar-serisi","status":"publish","type":"product","link":"https:\/\/roveyayinevi.com.tr\/index.php\/urun\/buyukannem-akrabalar-serisi\/","title":{"rendered":"B\u00fcy\u00fckannem &#8211; Akrabalar Serisi"},"content":{"rendered":"<p>B\u00fcy\u00fckanne ve b\u00fcy\u00fckbabalar torunlar\u0131na sevgi verir, onlar\u0131 y\u00fcceltir ve onlarla gurur duydular\u0131n\u0131 g\u00f6sterirler. B\u00fcy\u00fckanne ve b\u00fcy\u00fckbabalar torunlar\u0131n\u0131 candan sevmek ve gerekti\u011finde avutmak, cesaretlendirmek konusunda ayr\u0131cakl\u0131 becerilere sahiptir. Ayn\u0131 zamanda torunlar da b\u00fcy\u00fckanne ve b\u00fcy\u00fckbabalar\u0131n ayr\u0131cal\u0131klar\u0131ndan birisidir. B\u00fcy\u00fckanne ve b\u00fcy\u00fckbaba olmak, yan\u0131nda s\u00fckunet, mutluluk ve bar\u0131\u015f duygular\u0131n\u0131 getirir. Torunlar\u0131yla olmak, onlara bakmak, ilgilenmek harika bir \u015fanst\u0131r. ve torunlar\u0131n\u0131n hayat\u0131nda \u00e7ok de\u011ferli bir yer kazanmakt\u0131r. Bu b\u00fcy\u00fck ebeveynler ve \u00e7ocuklar i\u00e7in mutluluktur.<\/p>\n","protected":false},"excerpt":{"rendered":"<p>B\u00fcy\u00fckanne ve b\u00fcy\u00fckbabalar torunlar\u0131na sevgi verir, onlar\u0131 y\u00fcceltir ve onlarla gurur duydular\u0131n\u0131 g\u00f6sterirler. B\u00fcy\u00fckanne ve b\u00fcy\u00fckbabalar torunlar\u0131n\u0131 candan sevmek ve gerekti\u011finde avutmak, cesaretlendirmek konusunda ayr\u0131cakl\u0131 becerilere<span class=\"excerpt-hellip\"> [\u2026]<\/span><\/p>\n","protected":false},"featured_media":0,"template":"","meta":{"_monsterinsights_skip_tracking":false,"_monsterinsights_sitenote_active":false,"_monsterinsights_sitenote_note":"","_monsterinsights_sitenote_category":0},"product_brand":[],"product_cat":[12274,12284],"product_tag":[],"class_list":{"0":"post-748560","1":"product","2":"type-product","3":"status-publish","5":"product_cat-cocuk-ve-genclik-kitaplari","6":"product_cat-hikayeler","7":"pa_cilt-ciltsiz","8":"pa_tur-kitap","9":"pa_yayinevi-teleskop-populer-bilim","10":"pa_yazar-helena-kraljic","12":"first","13":"instock","14":"sale","15":"shipping-taxable","16":"purchasable","17":"product-type-simple"},"_links":{"self":[{"href":"https:\/\/roveyayinevi.com.tr\/index.php\/wp-json\/wp\/v2\/product\/748560","targetHints":{"allow":["GET"]}}],"collection":[{"href":"https:\/\/roveyayinevi.com.tr\/index.php\/wp-json\/wp\/v2\/product"}],"about":[{"href":"https:\/\/roveyayinevi.com.tr\/index.php\/wp-json\/wp\/v2\/types\/product"}],"wp:attachment":[{"href":"https:\/\/roveyayinevi.com.tr\/index.php\/wp-json\/wp\/v2\/media?parent=748560"}],"wp:term":[{"taxonomy":"product_brand","embeddable":true,"href":"https:\/\/roveyayinevi.com.tr\/index.php\/wp-json\/wp\/v2\/product_brand?post=748560"},{"taxonomy":"product_cat","embeddable":true,"href":"https:\/\/roveyayinevi.com.tr\/index.php\/wp-json\/wp\/v2\/product_cat?post=748560"},{"taxonomy":"product_tag","embeddable":true,"href":"https:\/\/roveyayinevi.com.tr\/index.php\/wp-json\/wp\/v2\/product_tag?post=748560"}],"curies":[{"name":"wp","href":"https:\/\/api.w.org\/{rel}","templated":true}]}}