{"id":748553,"date":"2025-08-28T03:33:48","date_gmt":"2025-08-28T00:33:48","guid":{"rendered":"https:\/\/roveyayinevi.com.tr\/index.php\/urun\/cikartmalarla-sekilli-boyama-3-yas-ustu\/"},"modified":"2026-04-16T03:01:15","modified_gmt":"2026-04-16T00:01:15","slug":"cikartmalarla-sekilli-boyama-3-yas-ustu","status":"publish","type":"product","link":"https:\/\/roveyayinevi.com.tr\/index.php\/urun\/cikartmalarla-sekilli-boyama-3-yas-ustu\/","title":{"rendered":"\u00c7\u0131kartmalarla \u015eekilli Boyama 3 Ya\u015f \u00dcst\u00fc"},"content":{"rendered":"<p>Anaokulu \u00e7ocuklar\u0131 i\u00e7in tasarlanan \u00c7\u0131kartmalarla \u015eekilli Boyama serisinde, \u00e7\u0131kartma sayfalar\u0131ndaki \u00e7izimlerin i\u00e7inde \u00e7\u0131kartma ve \u015fekiller saklanm\u0131\u015ft\u0131r. Her \u00e7\u0131kartma sayfas\u0131n\u0131n alt\u0131nda beyaz \u015fekillerle hangi \u00e7\u0131kartmalar\u0131n yap\u0131\u015ft\u0131r\u0131lmas\u0131 gerekti\u011fi ve say\u0131lar\u0131 g\u00f6sterilmi\u015ftir. \u00c7\u0131kartmalar kolayca \u00e7\u0131kar. \u015eekli ve boyutu \u00e7ocu\u011funuzun ya\u015f\u0131na g\u00f6re uyarlanm\u0131\u015ft\u0131r. Boyama sayfalar\u0131ndaki \u00e7izimlerin d\u0131\u015f\u0131ndaki renkli \u00e7izgiler ise fig\u00fcrlerin boyanmas\u0131 gereken do\u011fru renkleri g\u00f6sterir.  \u00c7izimlerdeki bu gizli fig\u00fcrleri bulmak ve onlar\u0131 boyamak size kalm\u0131\u015f. \u0130yi e\u011flenceler\u2026<\/p>\n","protected":false},"excerpt":{"rendered":"<p>Anaokulu \u00e7ocuklar\u0131 i\u00e7in tasarlanan \u00c7\u0131kartmalarla \u015eekilli Boyama serisinde, \u00e7\u0131kartma sayfalar\u0131ndaki \u00e7izimlerin i\u00e7inde \u00e7\u0131kartma ve \u015fekiller saklanm\u0131\u015ft\u0131r. Her \u00e7\u0131kartma sayfas\u0131n\u0131n alt\u0131nda beyaz \u015fekillerle hangi \u00e7\u0131kartmalar\u0131n yap\u0131\u015ft\u0131r\u0131lmas\u0131 gerekti\u011fi<span class=\"excerpt-hellip\"> [\u2026]<\/span><\/p>\n","protected":false},"featured_media":0,"template":"","meta":{"_monsterinsights_skip_tracking":false,"_monsterinsights_sitenote_active":false,"_monsterinsights_sitenote_note":"","_monsterinsights_sitenote_category":0},"product_brand":[],"product_cat":[12644,12274],"product_tag":[],"class_list":{"0":"post-748553","1":"product","2":"type-product","3":"status-publish","5":"product_cat-boyama-kitaplari","6":"product_cat-cocuk-ve-genclik-kitaplari","7":"pa_cilt-ciltsiz","8":"pa_tur-kitap","9":"pa_yayinevi-0-6-yas-yayinlari","10":"pa_yazar-kolektif","12":"first","13":"instock","14":"sale","15":"shipping-taxable","16":"purchasable","17":"product-type-simple"},"_links":{"self":[{"href":"https:\/\/roveyayinevi.com.tr\/index.php\/wp-json\/wp\/v2\/product\/748553","targetHints":{"allow":["GET"]}}],"collection":[{"href":"https:\/\/roveyayinevi.com.tr\/index.php\/wp-json\/wp\/v2\/product"}],"about":[{"href":"https:\/\/roveyayinevi.com.tr\/index.php\/wp-json\/wp\/v2\/types\/product"}],"wp:attachment":[{"href":"https:\/\/roveyayinevi.com.tr\/index.php\/wp-json\/wp\/v2\/media?parent=748553"}],"wp:term":[{"taxonomy":"product_brand","embeddable":true,"href":"https:\/\/roveyayinevi.com.tr\/index.php\/wp-json\/wp\/v2\/product_brand?post=748553"},{"taxonomy":"product_cat","embeddable":true,"href":"https:\/\/roveyayinevi.com.tr\/index.php\/wp-json\/wp\/v2\/product_cat?post=748553"},{"taxonomy":"product_tag","embeddable":true,"href":"https:\/\/roveyayinevi.com.tr\/index.php\/wp-json\/wp\/v2\/product_tag?post=748553"}],"curies":[{"name":"wp","href":"https:\/\/api.w.org\/{rel}","templated":true}]}}