{"id":748544,"date":"2025-08-28T03:33:36","date_gmt":"2025-08-28T00:33:36","guid":{"rendered":"https:\/\/roveyayinevi.com.tr\/index.php\/urun\/kalpten-kalbe-yesil-kitap\/"},"modified":"2026-04-16T03:01:15","modified_gmt":"2026-04-16T00:01:15","slug":"kalpten-kalbe-yesil-kitap","status":"publish","type":"product","link":"https:\/\/roveyayinevi.com.tr\/index.php\/urun\/kalpten-kalbe-yesil-kitap\/","title":{"rendered":"Kalpten Kalbe &#8211; Ye\u015fil Kitap"},"content":{"rendered":"<p>Kalp \u015feklindeki sayfalar\u0131yla sevgi dolu bu boyama kitab\u0131nda \u00e7ocu\u011funuz 1\u2019den 20\u2019ye kadar noktalar\u0131 birle\u015ftirecek ve sonras\u0131nda ortaya \u00e7\u0131kan resmi boyayarak e\u011flenceli vakit ge\u00e7irecek. Haydi e\u011flence ba\u015flas\u0131n\u2026<\/p>\n","protected":false},"excerpt":{"rendered":"<p>Kalp \u015feklindeki sayfalar\u0131yla sevgi dolu bu boyama kitab\u0131nda \u00e7ocu\u011funuz 1\u2019den 20\u2019ye kadar noktalar\u0131 birle\u015ftirecek ve sonras\u0131nda ortaya \u00e7\u0131kan resmi boyayarak e\u011flenceli vakit ge\u00e7irecek. Haydi e\u011flence ba\u015flas\u0131n\u2026<\/p>\n","protected":false},"featured_media":0,"template":"","meta":{"_monsterinsights_skip_tracking":false,"_monsterinsights_sitenote_active":false,"_monsterinsights_sitenote_note":"","_monsterinsights_sitenote_category":0},"product_brand":[],"product_cat":[12644,12274],"product_tag":[],"class_list":{"0":"post-748544","1":"product","2":"type-product","3":"status-publish","5":"product_cat-boyama-kitaplari","6":"product_cat-cocuk-ve-genclik-kitaplari","7":"pa_cilt-ciltsiz","8":"pa_tur-kitap","9":"pa_yayinevi-0-6-yas-yayinlari","10":"pa_yazar-kolektif","12":"first","13":"instock","14":"sale","15":"shipping-taxable","16":"purchasable","17":"product-type-simple"},"_links":{"self":[{"href":"https:\/\/roveyayinevi.com.tr\/index.php\/wp-json\/wp\/v2\/product\/748544","targetHints":{"allow":["GET"]}}],"collection":[{"href":"https:\/\/roveyayinevi.com.tr\/index.php\/wp-json\/wp\/v2\/product"}],"about":[{"href":"https:\/\/roveyayinevi.com.tr\/index.php\/wp-json\/wp\/v2\/types\/product"}],"wp:attachment":[{"href":"https:\/\/roveyayinevi.com.tr\/index.php\/wp-json\/wp\/v2\/media?parent=748544"}],"wp:term":[{"taxonomy":"product_brand","embeddable":true,"href":"https:\/\/roveyayinevi.com.tr\/index.php\/wp-json\/wp\/v2\/product_brand?post=748544"},{"taxonomy":"product_cat","embeddable":true,"href":"https:\/\/roveyayinevi.com.tr\/index.php\/wp-json\/wp\/v2\/product_cat?post=748544"},{"taxonomy":"product_tag","embeddable":true,"href":"https:\/\/roveyayinevi.com.tr\/index.php\/wp-json\/wp\/v2\/product_tag?post=748544"}],"curies":[{"name":"wp","href":"https:\/\/api.w.org\/{rel}","templated":true}]}}