{"id":748543,"date":"2025-08-28T03:33:35","date_gmt":"2025-08-28T00:33:35","guid":{"rendered":"https:\/\/roveyayinevi.com.tr\/index.php\/urun\/cikartma-kitabim-kirmizi-kitap\/"},"modified":"2026-04-16T03:01:15","modified_gmt":"2026-04-16T00:01:15","slug":"cikartma-kitabim-kirmizi-kitap","status":"publish","type":"product","link":"https:\/\/roveyayinevi.com.tr\/index.php\/urun\/cikartma-kitabim-kirmizi-kitap\/","title":{"rendered":"\u00c7\u0131kartma Kitab\u0131m K\u0131rm\u0131z\u0131 Kitap"},"content":{"rendered":"<p>\u00c7\u0131kartma Kitab\u0131m serisi, \u00e7ocu\u011funuzun renkleri e\u011flenerek \u00f6\u011frenmesine yard\u0131mc\u0131 olmak i\u00e7in haz\u0131rland\u0131. Sayfalardaki resimlerde eksik olan \u00e7\u0131kartmalar\u0131 bulup yerine yap\u0131\u015ft\u0131rma ve resimleri tamamlama zaman\u0131. \u00c7ocuklar bu e\u011flenceli \u00e7\u0131kartma kitab\u0131yla ana renkleri tan\u0131yacaklar! E\u011flence ba\u015flas\u0131n\u2026<\/p>\n","protected":false},"excerpt":{"rendered":"<p>\u00c7\u0131kartma Kitab\u0131m serisi, \u00e7ocu\u011funuzun renkleri e\u011flenerek \u00f6\u011frenmesine yard\u0131mc\u0131 olmak i\u00e7in haz\u0131rland\u0131. Sayfalardaki resimlerde eksik olan \u00e7\u0131kartmalar\u0131 bulup yerine yap\u0131\u015ft\u0131rma ve resimleri tamamlama zaman\u0131. \u00c7ocuklar bu e\u011flenceli<span class=\"excerpt-hellip\"> [\u2026]<\/span><\/p>\n","protected":false},"featured_media":0,"template":"","meta":{"_monsterinsights_skip_tracking":false,"_monsterinsights_sitenote_active":false,"_monsterinsights_sitenote_note":"","_monsterinsights_sitenote_category":0},"product_brand":[],"product_cat":[12554,12274],"product_tag":[],"class_list":{"0":"post-748543","1":"product","2":"type-product","3":"status-publish","5":"product_cat-cikartmali-kitaplar","6":"product_cat-cocuk-ve-genclik-kitaplari","7":"pa_cilt-ciltsiz","8":"pa_tur-kitap","9":"pa_yayinevi-0-6-yas-yayinlari","10":"pa_yazar-kolektif","12":"first","13":"instock","14":"sale","15":"shipping-taxable","16":"purchasable","17":"product-type-simple"},"_links":{"self":[{"href":"https:\/\/roveyayinevi.com.tr\/index.php\/wp-json\/wp\/v2\/product\/748543","targetHints":{"allow":["GET"]}}],"collection":[{"href":"https:\/\/roveyayinevi.com.tr\/index.php\/wp-json\/wp\/v2\/product"}],"about":[{"href":"https:\/\/roveyayinevi.com.tr\/index.php\/wp-json\/wp\/v2\/types\/product"}],"wp:attachment":[{"href":"https:\/\/roveyayinevi.com.tr\/index.php\/wp-json\/wp\/v2\/media?parent=748543"}],"wp:term":[{"taxonomy":"product_brand","embeddable":true,"href":"https:\/\/roveyayinevi.com.tr\/index.php\/wp-json\/wp\/v2\/product_brand?post=748543"},{"taxonomy":"product_cat","embeddable":true,"href":"https:\/\/roveyayinevi.com.tr\/index.php\/wp-json\/wp\/v2\/product_cat?post=748543"},{"taxonomy":"product_tag","embeddable":true,"href":"https:\/\/roveyayinevi.com.tr\/index.php\/wp-json\/wp\/v2\/product_tag?post=748543"}],"curies":[{"name":"wp","href":"https:\/\/api.w.org\/{rel}","templated":true}]}}