{"id":748533,"date":"2025-08-28T03:33:20","date_gmt":"2025-08-28T00:33:20","guid":{"rendered":"https:\/\/roveyayinevi.com.tr\/index.php\/urun\/bul-ve-boya-yesil-kitap\/"},"modified":"2026-04-16T03:01:15","modified_gmt":"2026-04-16T00:01:15","slug":"bul-ve-boya-yesil-kitap","status":"publish","type":"product","link":"https:\/\/roveyayinevi.com.tr\/index.php\/urun\/bul-ve-boya-yesil-kitap\/","title":{"rendered":"Bul ve Boya Ye\u015fil Kitap"},"content":{"rendered":"<p>Kaplumba\u011falar\u0131, yunus bal\u0131klar\u0131n\u0131, \u00e7i\u00e7ekleri, tekneyi, elma ve armut resmini, evi, kitap resimlerini bul ve boya&#8230; Hayvanlardan ta\u015f\u0131tlara, deniz canl\u0131lar\u0131ndan ev e\u015fyalar\u0131na, okuldan hastaneye, filmlerden market al\u0131\u015fveri\u015fine, meyvelerden sebzelere, kamp e\u015fyalar\u0131na, pastalara, mutfak e\u015fyalar\u0131ndan okul e\u015fyalar\u0131na vb. onlarca konu ba\u015fl\u0131\u011f\u0131n\u0131 renklendirmeniz i\u00e7in \u00f6zenle tasarland\u0131. \u0130yi e\u011flenceler.<\/p>\n","protected":false},"excerpt":{"rendered":"<p>Kaplumba\u011falar\u0131, yunus bal\u0131klar\u0131n\u0131, \u00e7i\u00e7ekleri, tekneyi, elma ve armut resmini, evi, kitap resimlerini bul ve boya&#8230; Hayvanlardan ta\u015f\u0131tlara, deniz canl\u0131lar\u0131ndan ev e\u015fyalar\u0131na, okuldan hastaneye, filmlerden market al\u0131\u015fveri\u015fine,<span class=\"excerpt-hellip\"> [\u2026]<\/span><\/p>\n","protected":false},"featured_media":0,"template":"","meta":{"_monsterinsights_skip_tracking":false,"_monsterinsights_sitenote_active":false,"_monsterinsights_sitenote_note":"","_monsterinsights_sitenote_category":0},"product_brand":[],"product_cat":[12644,12274],"product_tag":[],"class_list":{"0":"post-748533","1":"product","2":"type-product","3":"status-publish","5":"product_cat-boyama-kitaplari","6":"product_cat-cocuk-ve-genclik-kitaplari","7":"pa_cilt-ciltsiz","8":"pa_tur-kitap","9":"pa_yayinevi-0-6-yas-yayinlari","10":"pa_yazar-kolektif","12":"first","13":"instock","14":"sale","15":"shipping-taxable","16":"purchasable","17":"product-type-simple"},"_links":{"self":[{"href":"https:\/\/roveyayinevi.com.tr\/index.php\/wp-json\/wp\/v2\/product\/748533","targetHints":{"allow":["GET"]}}],"collection":[{"href":"https:\/\/roveyayinevi.com.tr\/index.php\/wp-json\/wp\/v2\/product"}],"about":[{"href":"https:\/\/roveyayinevi.com.tr\/index.php\/wp-json\/wp\/v2\/types\/product"}],"wp:attachment":[{"href":"https:\/\/roveyayinevi.com.tr\/index.php\/wp-json\/wp\/v2\/media?parent=748533"}],"wp:term":[{"taxonomy":"product_brand","embeddable":true,"href":"https:\/\/roveyayinevi.com.tr\/index.php\/wp-json\/wp\/v2\/product_brand?post=748533"},{"taxonomy":"product_cat","embeddable":true,"href":"https:\/\/roveyayinevi.com.tr\/index.php\/wp-json\/wp\/v2\/product_cat?post=748533"},{"taxonomy":"product_tag","embeddable":true,"href":"https:\/\/roveyayinevi.com.tr\/index.php\/wp-json\/wp\/v2\/product_tag?post=748533"}],"curies":[{"name":"wp","href":"https:\/\/api.w.org\/{rel}","templated":true}]}}