{"id":748524,"date":"2025-08-28T03:33:06","date_gmt":"2025-08-28T00:33:06","guid":{"rendered":"https:\/\/roveyayinevi.com.tr\/index.php\/urun\/ayasli-ve-kiracilari-3\/"},"modified":"2026-04-16T03:01:14","modified_gmt":"2026-04-16T00:01:14","slug":"ayasli-ve-kiracilari-3","status":"publish","type":"product","link":"https:\/\/roveyayinevi.com.tr\/index.php\/urun\/ayasli-ve-kiracilari-3\/","title":{"rendered":"Aya\u015fl\u0131 ve Kirac\u0131lar\u0131"},"content":{"rendered":"<p>Aya\u015fl\u0131 Ve Kirac\u0131lar\u0131\u201cMemduh \u015eevket Esendal\u2019\u0131n Gorki \u0130le \u00c7ehov Ve Maupassant\u2019a \u00c7ok Yak\u0131n Hik\u00e2yelerine Bir \u00c7e\u015fit Enstantane Demek Hi\u00e7 De Hatal\u0131 Olmaz. O, \u00c7ehov\u2019un G\u00fczel Hik\u00e2ye Yazmak \u0130\u00e7in Yazd\u0131klar\u0131m\u0131z\u0131n Ba\u015f\u0131n\u0131 Ve Sonunu At\u0131n\u0131z\u2019 Nasihatini Ayn\u0131yla Tutmu\u015fa Benzer. Aya\u015fl\u0131 Ve Kirac\u0131lar\u0131 Adl\u0131 B\u00fcy\u00fck Roman\u0131 Yeni Kurulan Ankara\u2019n\u0131n Havas\u0131nda Memleketteki Seviye Ve Zihniyet Farklar\u0131n\u0131 Kuvvetle G\u00f6steren Bir Eserdir. Bu Hi\u00e7 M\u00fctearr\u0131z G\u00f6r\u00fcnmeden Her S\u00f6ylemek \u0130stedi\u011fini S\u00f6yleyen Realizmi Bug\u00fcnk\u00fc Edebiyat\u0131m\u0131z En Canl\u0131 Taraflar\u0131ndan Birini Bor\u00e7ludur.\u201d (Ahmet Hamdi Tanp\u0131nar)\u201cCumhuriyetin ilk y\u0131llar\u0131nda, Ankara\u2019da, Aya\u015fl\u0131 \u0130brahim Efendi ad\u0131nda biri, dokuz odal\u0131 bir apartman dairesini oda oda kiraya yermektedir. Bir k\u00f6y a\u011fas\u0131n\u0131n o\u011flu olan Aya\u015fl\u0131 \u0130brahim, e\u015fk\u0131yal\u0131k, zaptiye \u00e7avu\u015flu\u011fu, arzuhalcilik, otelcilik, v.b. gibi t\u00fcrl\u00fc boyalara boyanm\u0131\u015f bir adamd\u0131r. Odalarda, kad\u0131n, erkek, gen\u00e7, ihtiyar, evli, bek\u00e2r \u00e7e\u015fitli insanlar oturmaktad\u0131r: Aya\u015fl\u0131\u2019nm apartman kat\u0131nda ge\u00e7en hayat\u0131 an\u0131 bi\u00e7iminde yazan bek\u00e2r bir banka memuru; eski bir \u00e7iftlik sahibi olan ya\u015fl\u0131 Ha\u015fan Bey; eski konsoloslardan ihtiyar \u015eefik Bey; odun ve k\u00f6m\u00fcr sat\u0131c\u0131s\u0131 Buhara\u2019l\u0131 Abd\u00fclkerim ile kar\u0131s\u0131 \u0130ffet Han\u0131m; eski bar k\u0131zlar\u0131ndan Faika ile kocas\u0131 \u015fof\u00f6r Fuat; geceleri odas\u0131nda kumar oynatan Turan Han\u0131m\u2019la kocas\u0131 Haki Bey; bunlardan ba\u015fka, ikide bir de\u011fi\u015fen hizmet\u00e7iler; d\u0131\u015fardan gelip giden misafirler. Romanda, T\u00fcrkiye\u2019nin \u00e7e\u015fitli katlar\u0131ndan gelen bu insanlar\u0131n ayr\u0131 ayr\u0131 maceralar\u0131 ve birbirleriyle olan ili\u015fkileri anlat\u0131lmaktad\u0131r.\u201d (Beh\u00e7et Necatigil)<\/p>\n","protected":false},"excerpt":{"rendered":"<p>Aya\u015fl\u0131 Ve Kirac\u0131lar\u0131\u201cMemduh \u015eevket Esendal\u2019\u0131n Gorki \u0130le \u00c7ehov Ve Maupassant\u2019a \u00c7ok Yak\u0131n Hik\u00e2yelerine Bir \u00c7e\u015fit Enstantane Demek Hi\u00e7 De Hatal\u0131 Olmaz. O, \u00c7ehov\u2019un G\u00fczel Hik\u00e2ye Yazmak<span class=\"excerpt-hellip\"> [\u2026]<\/span><\/p>\n","protected":false},"featured_media":0,"template":"","meta":{"_monsterinsights_skip_tracking":false,"_monsterinsights_sitenote_active":false,"_monsterinsights_sitenote_note":"","_monsterinsights_sitenote_category":0},"product_brand":[],"product_cat":[12291,18202],"product_tag":[],"class_list":{"0":"post-748524","1":"product","2":"type-product","3":"status-publish","5":"product_cat-edebiyat","6":"product_cat-hikaye","7":"pa_cilt-ciltsiz","8":"pa_tur-kitap","9":"pa_yayinevi-anonim-yayincilik","10":"pa_yazar-memduh-sevket-esendal","12":"first","13":"instock","14":"sale","15":"shipping-taxable","16":"purchasable","17":"product-type-simple"},"_links":{"self":[{"href":"https:\/\/roveyayinevi.com.tr\/index.php\/wp-json\/wp\/v2\/product\/748524","targetHints":{"allow":["GET"]}}],"collection":[{"href":"https:\/\/roveyayinevi.com.tr\/index.php\/wp-json\/wp\/v2\/product"}],"about":[{"href":"https:\/\/roveyayinevi.com.tr\/index.php\/wp-json\/wp\/v2\/types\/product"}],"wp:attachment":[{"href":"https:\/\/roveyayinevi.com.tr\/index.php\/wp-json\/wp\/v2\/media?parent=748524"}],"wp:term":[{"taxonomy":"product_brand","embeddable":true,"href":"https:\/\/roveyayinevi.com.tr\/index.php\/wp-json\/wp\/v2\/product_brand?post=748524"},{"taxonomy":"product_cat","embeddable":true,"href":"https:\/\/roveyayinevi.com.tr\/index.php\/wp-json\/wp\/v2\/product_cat?post=748524"},{"taxonomy":"product_tag","embeddable":true,"href":"https:\/\/roveyayinevi.com.tr\/index.php\/wp-json\/wp\/v2\/product_tag?post=748524"}],"curies":[{"name":"wp","href":"https:\/\/api.w.org\/{rel}","templated":true}]}}