{"id":748521,"date":"2025-08-28T03:33:02","date_gmt":"2025-08-28T00:33:02","guid":{"rendered":"https:\/\/roveyayinevi.com.tr\/index.php\/urun\/arkadaslar-hayatin-en-neseli-hediyesi\/"},"modified":"2026-04-16T03:01:14","modified_gmt":"2026-04-16T00:01:14","slug":"arkadaslar-hayatin-en-neseli-hediyesi","status":"publish","type":"product","link":"https:\/\/roveyayinevi.com.tr\/index.php\/urun\/arkadaslar-hayatin-en-neseli-hediyesi\/","title":{"rendered":"Arkada\u015flar Hayat\u0131n En Ne\u015feli Hediyesi"},"content":{"rendered":"<p>Arkada\u015flar Hayat\u0131n En Ne\u015feli Hediyesi!Bu kitap dizisi, sevimli bir ay\u0131 olan Tonti\u015f\u2019in bak\u0131\u015f a\u00e7\u0131s\u0131ndan anne, baba ve arkada\u015fl\u0131klar hakk\u0131nda harika fikirler veriyor! Tonti\u015f ili\u015fkiler ve ya\u015fam hakk\u0131nda yeni \u015feyler \u00f6\u011freniyor.  \u00c7ocuklar ne\u015feli ve s\u0131cak hikayeleri ile Tonti\u015f\u2019in mutlu maceralar\u0131n\u0131 okurken e\u011flenerek yeni bilgiler \u00f6\u011frenecekler. Tonti\u015f\u2019in tatl\u0131 masumiyetiyle kendilerini kolayca \u00f6zde\u015fle\u015ftirecekler!<\/p>\n","protected":false},"excerpt":{"rendered":"<p>Arkada\u015flar Hayat\u0131n En Ne\u015feli Hediyesi!Bu kitap dizisi, sevimli bir ay\u0131 olan Tonti\u015f\u2019in bak\u0131\u015f a\u00e7\u0131s\u0131ndan anne, baba ve arkada\u015fl\u0131klar hakk\u0131nda harika fikirler veriyor! Tonti\u015f ili\u015fkiler ve ya\u015fam<span class=\"excerpt-hellip\"> [\u2026]<\/span><\/p>\n","protected":false},"featured_media":0,"template":"","meta":{"_monsterinsights_skip_tracking":false,"_monsterinsights_sitenote_active":false,"_monsterinsights_sitenote_note":"","_monsterinsights_sitenote_category":0},"product_brand":[],"product_cat":[12274,12284],"product_tag":[],"class_list":{"0":"post-748521","1":"product","2":"type-product","3":"status-publish","5":"product_cat-cocuk-ve-genclik-kitaplari","6":"product_cat-hikayeler","7":"pa_cilt-ciltsiz","8":"pa_tur-kitap","9":"pa_yayinevi-0-6-yas-yayinlari","10":"pa_yazar-kolektif","12":"first","13":"instock","14":"sale","15":"shipping-taxable","16":"purchasable","17":"product-type-simple"},"_links":{"self":[{"href":"https:\/\/roveyayinevi.com.tr\/index.php\/wp-json\/wp\/v2\/product\/748521","targetHints":{"allow":["GET"]}}],"collection":[{"href":"https:\/\/roveyayinevi.com.tr\/index.php\/wp-json\/wp\/v2\/product"}],"about":[{"href":"https:\/\/roveyayinevi.com.tr\/index.php\/wp-json\/wp\/v2\/types\/product"}],"wp:attachment":[{"href":"https:\/\/roveyayinevi.com.tr\/index.php\/wp-json\/wp\/v2\/media?parent=748521"}],"wp:term":[{"taxonomy":"product_brand","embeddable":true,"href":"https:\/\/roveyayinevi.com.tr\/index.php\/wp-json\/wp\/v2\/product_brand?post=748521"},{"taxonomy":"product_cat","embeddable":true,"href":"https:\/\/roveyayinevi.com.tr\/index.php\/wp-json\/wp\/v2\/product_cat?post=748521"},{"taxonomy":"product_tag","embeddable":true,"href":"https:\/\/roveyayinevi.com.tr\/index.php\/wp-json\/wp\/v2\/product_tag?post=748521"}],"curies":[{"name":"wp","href":"https:\/\/api.w.org\/{rel}","templated":true}]}}