{"id":748500,"date":"2025-08-28T03:32:33","date_gmt":"2025-08-28T00:32:33","guid":{"rendered":"https:\/\/roveyayinevi.com.tr\/index.php\/urun\/butun-siirleri-orhan-veli-kanik\/"},"modified":"2026-04-05T03:05:08","modified_gmt":"2026-04-05T00:05:08","slug":"butun-siirleri-orhan-veli-kanik","status":"publish","type":"product","link":"https:\/\/roveyayinevi.com.tr\/index.php\/urun\/butun-siirleri-orhan-veli-kanik\/","title":{"rendered":"B\u00fct\u00fcn \u015eiirleri &#8211; Orhan Veli Kan\u0131k"},"content":{"rendered":"<p>T\u00fcrk \u015fiirinin kuvvetli k\u0131staslar\u0131ndan olan Orhan Veli\u2019nin B\u00fct\u00fcn \u015eiirleri isimli bu kitab\u0131 haz\u0131rlan\u0131rken, \u015fairin t\u00fcm ya\u015fam\u0131, ya\u015fanm\u0131\u015fl\u0131klar\u0131 ele al\u0131nd\u0131. \u015eairin hayat\u0131na dair anekdotlarda; \u00e7ocukluk, ilk gen\u00e7lik y\u0131llar\u0131, lisans d\u00f6nemi ile kariyer hayat\u0131na dayanan g\u00fcnlerinden ve bir duygu adam\u0131 olarak a\u015fk hayat\u0131ndan bilgiler verildi. Garip \u00d6ns\u00f6z\u00fc k\u0131sm\u0131nda verilen bilgiler, \u015fairin, t\u00fcm \u015fiirler kitab\u0131n\u0131n ve dahi Orhan Veli\u2019nin b\u00fct\u00fcn\u00fcyle; ak\u0131c\u0131 bir zihinle okunabilmesi, Garip ak\u0131m\u0131n\u0131n tam anlam\u0131 ile kavranabilmesi ve bu \u015fiir yap\u0131s\u0131n\u0131n ak\u0131llarda \u00f6z\u00fcmsenerek, idrak edilebilmesi ad\u0131na sadele\u015ftirildi. Garip \u0130\u00e7in k\u0131sm\u0131nda ise \u015fairin kendine dair ele\u015ftirilere olan tepkisi yans\u0131t\u0131ld\u0131.Elinizdeki bu eser haz\u0131rlan\u0131rken, okunup bitirildi\u011finde Orhan Veli\u2019nin, \u201cAnlatam\u0131yorum\u201d dedi\u011finin art\u0131k anla\u015f\u0131lm\u0131\u015f olunmas\u0131 ama\u00e7land\u0131.Kendisine ve okuyucusuna sayg\u0131yla\u2026<\/p>\n","protected":false},"excerpt":{"rendered":"<p>T\u00fcrk \u015fiirinin kuvvetli k\u0131staslar\u0131ndan olan Orhan Veli\u2019nin B\u00fct\u00fcn \u015eiirleri isimli bu kitab\u0131 haz\u0131rlan\u0131rken, \u015fairin t\u00fcm ya\u015fam\u0131, ya\u015fanm\u0131\u015fl\u0131klar\u0131 ele al\u0131nd\u0131. \u015eairin hayat\u0131na dair anekdotlarda; \u00e7ocukluk, ilk gen\u00e7lik<span class=\"excerpt-hellip\"> [\u2026]<\/span><\/p>\n","protected":false},"featured_media":0,"template":"","meta":{"_monsterinsights_skip_tracking":false,"_monsterinsights_sitenote_active":false,"_monsterinsights_sitenote_note":"","_monsterinsights_sitenote_category":0},"product_brand":[],"product_cat":[12291,12509],"product_tag":[],"class_list":{"0":"post-748500","1":"product","2":"type-product","3":"status-publish","5":"product_cat-edebiyat","6":"product_cat-siir","7":"pa_cilt-ciltsiz","8":"pa_tur-kitap","9":"pa_yayinevi-anonim-yayincilik","10":"pa_yazar-orhan-veli-kanik","12":"first","13":"instock","14":"sale","15":"shipping-taxable","16":"purchasable","17":"product-type-simple"},"_links":{"self":[{"href":"https:\/\/roveyayinevi.com.tr\/index.php\/wp-json\/wp\/v2\/product\/748500","targetHints":{"allow":["GET"]}}],"collection":[{"href":"https:\/\/roveyayinevi.com.tr\/index.php\/wp-json\/wp\/v2\/product"}],"about":[{"href":"https:\/\/roveyayinevi.com.tr\/index.php\/wp-json\/wp\/v2\/types\/product"}],"wp:attachment":[{"href":"https:\/\/roveyayinevi.com.tr\/index.php\/wp-json\/wp\/v2\/media?parent=748500"}],"wp:term":[{"taxonomy":"product_brand","embeddable":true,"href":"https:\/\/roveyayinevi.com.tr\/index.php\/wp-json\/wp\/v2\/product_brand?post=748500"},{"taxonomy":"product_cat","embeddable":true,"href":"https:\/\/roveyayinevi.com.tr\/index.php\/wp-json\/wp\/v2\/product_cat?post=748500"},{"taxonomy":"product_tag","embeddable":true,"href":"https:\/\/roveyayinevi.com.tr\/index.php\/wp-json\/wp\/v2\/product_tag?post=748500"}],"curies":[{"name":"wp","href":"https:\/\/api.w.org\/{rel}","templated":true}]}}