{"id":748499,"date":"2025-08-28T03:32:31","date_gmt":"2025-08-28T00:32:31","guid":{"rendered":"https:\/\/roveyayinevi.com.tr\/index.php\/urun\/ugur-bocegi-benim-hayvan-dostlarim-ciltli\/"},"modified":"2026-04-16T03:01:14","modified_gmt":"2026-04-16T00:01:14","slug":"ugur-bocegi-benim-hayvan-dostlarim-ciltli","status":"publish","type":"product","link":"https:\/\/roveyayinevi.com.tr\/index.php\/urun\/ugur-bocegi-benim-hayvan-dostlarim-ciltli\/","title":{"rendered":"U\u011fur B\u00f6ce\u011fi &#8211; Benim Hayvan Dostlar\u0131m (Ciltli)"},"content":{"rendered":"<p>R\u00fczgar esince \u00e7i\u00e7eklerin \u00e7anaklar\u0131, bir o yana bir bu yana savrulur. Peki, minik u\u011fur b\u00f6ce\u011fi f\u0131rt\u0131nan\u0131n i\u00e7inde nas\u0131l y\u00f6n\u00fcn\u00fc bulur? Sence u\u011fur b\u00f6ce\u011finin akl\u0131ndan neler ge\u00e7iyor, r\u00fczgarla nas\u0131l m\u00fccadele ediyor?<\/p>\n","protected":false},"excerpt":{"rendered":"<p>R\u00fczgar esince \u00e7i\u00e7eklerin \u00e7anaklar\u0131, bir o yana bir bu yana savrulur. Peki, minik u\u011fur b\u00f6ce\u011fi f\u0131rt\u0131nan\u0131n i\u00e7inde nas\u0131l y\u00f6n\u00fcn\u00fc bulur? Sence u\u011fur b\u00f6ce\u011finin akl\u0131ndan neler ge\u00e7iyor,<span class=\"excerpt-hellip\"> [\u2026]<\/span><\/p>\n","protected":false},"featured_media":0,"template":"","meta":{"_monsterinsights_skip_tracking":false,"_monsterinsights_sitenote_active":false,"_monsterinsights_sitenote_note":"","_monsterinsights_sitenote_category":0},"product_brand":[],"product_cat":[12274,12518],"product_tag":[],"class_list":{"0":"post-748499","1":"product","2":"type-product","3":"status-publish","5":"product_cat-cocuk-ve-genclik-kitaplari","6":"product_cat-okul-oncesi-kitaplar","7":"pa_cilt-ciltli","8":"pa_tur-kitap","9":"pa_yayinevi-0-6-yas-yayinlari","10":"pa_yazar-kolektif","12":"first","13":"instock","14":"sale","15":"shipping-taxable","16":"purchasable","17":"product-type-simple"},"_links":{"self":[{"href":"https:\/\/roveyayinevi.com.tr\/index.php\/wp-json\/wp\/v2\/product\/748499","targetHints":{"allow":["GET"]}}],"collection":[{"href":"https:\/\/roveyayinevi.com.tr\/index.php\/wp-json\/wp\/v2\/product"}],"about":[{"href":"https:\/\/roveyayinevi.com.tr\/index.php\/wp-json\/wp\/v2\/types\/product"}],"wp:attachment":[{"href":"https:\/\/roveyayinevi.com.tr\/index.php\/wp-json\/wp\/v2\/media?parent=748499"}],"wp:term":[{"taxonomy":"product_brand","embeddable":true,"href":"https:\/\/roveyayinevi.com.tr\/index.php\/wp-json\/wp\/v2\/product_brand?post=748499"},{"taxonomy":"product_cat","embeddable":true,"href":"https:\/\/roveyayinevi.com.tr\/index.php\/wp-json\/wp\/v2\/product_cat?post=748499"},{"taxonomy":"product_tag","embeddable":true,"href":"https:\/\/roveyayinevi.com.tr\/index.php\/wp-json\/wp\/v2\/product_tag?post=748499"}],"curies":[{"name":"wp","href":"https:\/\/api.w.org\/{rel}","templated":true}]}}