{"id":748496,"date":"2025-08-28T03:32:28","date_gmt":"2025-08-28T00:32:28","guid":{"rendered":"https:\/\/roveyayinevi.com.tr\/index.php\/urun\/balina-benim-hayvan-dostlarim-ciltli\/"},"modified":"2026-04-16T03:01:13","modified_gmt":"2026-04-16T00:01:13","slug":"balina-benim-hayvan-dostlarim-ciltli","status":"publish","type":"product","link":"https:\/\/roveyayinevi.com.tr\/index.php\/urun\/balina-benim-hayvan-dostlarim-ciltli\/","title":{"rendered":"Balina &#8211; Benim Hayvan Dostlar\u0131m (Ciltli)"},"content":{"rendered":"<p>Balinalar, okyanusta saklamba\u00e7 oynarlarsa ne olur? Sence Hangisi \u00f6nce yakalan\u0131r? Yoksa k\u00f6pek bal\u0131\u011f\u0131 da m\u0131 oradad\u0131r? Heyecanl\u0131 bir kovalamaca\u2026 Bu oyunu kim kazanacak acaba?<\/p>\n","protected":false},"excerpt":{"rendered":"<p>Balinalar, okyanusta saklamba\u00e7 oynarlarsa ne olur? Sence Hangisi \u00f6nce yakalan\u0131r? Yoksa k\u00f6pek bal\u0131\u011f\u0131 da m\u0131 oradad\u0131r? Heyecanl\u0131 bir kovalamaca\u2026 Bu oyunu kim kazanacak acaba?<\/p>\n","protected":false},"featured_media":0,"template":"","meta":{"_monsterinsights_skip_tracking":false,"_monsterinsights_sitenote_active":false,"_monsterinsights_sitenote_note":"","_monsterinsights_sitenote_category":0},"product_brand":[],"product_cat":[12274,12518],"product_tag":[],"class_list":{"0":"post-748496","1":"product","2":"type-product","3":"status-publish","5":"product_cat-cocuk-ve-genclik-kitaplari","6":"product_cat-okul-oncesi-kitaplar","7":"pa_cilt-ciltli","8":"pa_tur-kitap","9":"pa_yayinevi-0-6-yas-yayinlari","10":"pa_yazar-kolektif","12":"first","13":"instock","14":"sale","15":"shipping-taxable","16":"purchasable","17":"product-type-simple"},"_links":{"self":[{"href":"https:\/\/roveyayinevi.com.tr\/index.php\/wp-json\/wp\/v2\/product\/748496","targetHints":{"allow":["GET"]}}],"collection":[{"href":"https:\/\/roveyayinevi.com.tr\/index.php\/wp-json\/wp\/v2\/product"}],"about":[{"href":"https:\/\/roveyayinevi.com.tr\/index.php\/wp-json\/wp\/v2\/types\/product"}],"wp:attachment":[{"href":"https:\/\/roveyayinevi.com.tr\/index.php\/wp-json\/wp\/v2\/media?parent=748496"}],"wp:term":[{"taxonomy":"product_brand","embeddable":true,"href":"https:\/\/roveyayinevi.com.tr\/index.php\/wp-json\/wp\/v2\/product_brand?post=748496"},{"taxonomy":"product_cat","embeddable":true,"href":"https:\/\/roveyayinevi.com.tr\/index.php\/wp-json\/wp\/v2\/product_cat?post=748496"},{"taxonomy":"product_tag","embeddable":true,"href":"https:\/\/roveyayinevi.com.tr\/index.php\/wp-json\/wp\/v2\/product_tag?post=748496"}],"curies":[{"name":"wp","href":"https:\/\/api.w.org\/{rel}","templated":true}]}}