{"id":748494,"date":"2025-08-28T03:32:26","date_gmt":"2025-08-28T00:32:26","guid":{"rendered":"https:\/\/roveyayinevi.com.tr\/index.php\/urun\/fil-benim-hayvan-dostlarim-ciltli\/"},"modified":"2026-04-16T03:01:13","modified_gmt":"2026-04-16T00:01:13","slug":"fil-benim-hayvan-dostlarim-ciltli","status":"publish","type":"product","link":"https:\/\/roveyayinevi.com.tr\/index.php\/urun\/fil-benim-hayvan-dostlarim-ciltli\/","title":{"rendered":"Fil &#8211; Benim Hayvan Dostlar\u0131m (Ciltli)"},"content":{"rendered":"<p>Tatl\u0131 fil P\u0131r\u0131l\u2019\u0131n annesi ve arkada\u015flar\u0131 g\u00fczel bir s\u00fcrpriz haz\u0131rlamaya ba\u015flad\u0131. Sence bir do\u011fum g\u00fcn\u00fc en iyi nas\u0131l kutlan\u0131r? Sevdiklerinin yan\u0131nda oldu\u011fu anlar ileride nas\u0131l hat\u0131rlan\u0131r?<\/p>\n","protected":false},"excerpt":{"rendered":"<p>Tatl\u0131 fil P\u0131r\u0131l\u2019\u0131n annesi ve arkada\u015flar\u0131 g\u00fczel bir s\u00fcrpriz haz\u0131rlamaya ba\u015flad\u0131. Sence bir do\u011fum g\u00fcn\u00fc en iyi nas\u0131l kutlan\u0131r? Sevdiklerinin yan\u0131nda oldu\u011fu anlar ileride nas\u0131l hat\u0131rlan\u0131r?<\/p>\n","protected":false},"featured_media":0,"template":"","meta":{"_monsterinsights_skip_tracking":false,"_monsterinsights_sitenote_active":false,"_monsterinsights_sitenote_note":"","_monsterinsights_sitenote_category":0},"product_brand":[],"product_cat":[12274,12518],"product_tag":[],"class_list":{"0":"post-748494","1":"product","2":"type-product","3":"status-publish","5":"product_cat-cocuk-ve-genclik-kitaplari","6":"product_cat-okul-oncesi-kitaplar","7":"pa_cilt-ciltli","8":"pa_tur-kitap","9":"pa_yayinevi-0-6-yas-yayinlari","10":"pa_yazar-kolektif","12":"first","13":"instock","14":"sale","15":"shipping-taxable","16":"purchasable","17":"product-type-simple"},"_links":{"self":[{"href":"https:\/\/roveyayinevi.com.tr\/index.php\/wp-json\/wp\/v2\/product\/748494","targetHints":{"allow":["GET"]}}],"collection":[{"href":"https:\/\/roveyayinevi.com.tr\/index.php\/wp-json\/wp\/v2\/product"}],"about":[{"href":"https:\/\/roveyayinevi.com.tr\/index.php\/wp-json\/wp\/v2\/types\/product"}],"wp:attachment":[{"href":"https:\/\/roveyayinevi.com.tr\/index.php\/wp-json\/wp\/v2\/media?parent=748494"}],"wp:term":[{"taxonomy":"product_brand","embeddable":true,"href":"https:\/\/roveyayinevi.com.tr\/index.php\/wp-json\/wp\/v2\/product_brand?post=748494"},{"taxonomy":"product_cat","embeddable":true,"href":"https:\/\/roveyayinevi.com.tr\/index.php\/wp-json\/wp\/v2\/product_cat?post=748494"},{"taxonomy":"product_tag","embeddable":true,"href":"https:\/\/roveyayinevi.com.tr\/index.php\/wp-json\/wp\/v2\/product_tag?post=748494"}],"curies":[{"name":"wp","href":"https:\/\/api.w.org\/{rel}","templated":true}]}}