{"id":748493,"date":"2025-08-28T03:32:24","date_gmt":"2025-08-28T00:32:24","guid":{"rendered":"https:\/\/roveyayinevi.com.tr\/index.php\/urun\/kedi-benim-hayvan-dostlarim-ciltli\/"},"modified":"2026-04-16T03:01:13","modified_gmt":"2026-04-16T00:01:13","slug":"kedi-benim-hayvan-dostlarim-ciltli","status":"publish","type":"product","link":"https:\/\/roveyayinevi.com.tr\/index.php\/urun\/kedi-benim-hayvan-dostlarim-ciltli\/","title":{"rendered":"Kedi &#8211; Benim Hayvan Dostlar\u0131m (Ciltli)"},"content":{"rendered":"<p>Fareler ve kediler, neden hep birbirlerinin pe\u015finden giderler? Yoksa bu bizim bilmedi\u011fimiz bir oyun mu? Mehmet\u2019in kedisi de bu oyunu \u00e7ok seviyor. Bakal\u0131m Mehmet ve kedisini ne s\u00fcrprizler bekliyor?<\/p>\n","protected":false},"excerpt":{"rendered":"<p>Fareler ve kediler, neden hep birbirlerinin pe\u015finden giderler? Yoksa bu bizim bilmedi\u011fimiz bir oyun mu? Mehmet\u2019in kedisi de bu oyunu \u00e7ok seviyor. Bakal\u0131m Mehmet ve kedisini<span class=\"excerpt-hellip\"> [\u2026]<\/span><\/p>\n","protected":false},"featured_media":0,"template":"","meta":{"_monsterinsights_skip_tracking":false,"_monsterinsights_sitenote_active":false,"_monsterinsights_sitenote_note":"","_monsterinsights_sitenote_category":0},"product_brand":[],"product_cat":[12274,12518],"product_tag":[],"class_list":{"0":"post-748493","1":"product","2":"type-product","3":"status-publish","5":"product_cat-cocuk-ve-genclik-kitaplari","6":"product_cat-okul-oncesi-kitaplar","7":"pa_cilt-ciltli","8":"pa_tur-kitap","9":"pa_yayinevi-0-6-yas-yayinlari","10":"pa_yazar-kolektif","12":"first","13":"instock","14":"sale","15":"shipping-taxable","16":"purchasable","17":"product-type-simple"},"_links":{"self":[{"href":"https:\/\/roveyayinevi.com.tr\/index.php\/wp-json\/wp\/v2\/product\/748493","targetHints":{"allow":["GET"]}}],"collection":[{"href":"https:\/\/roveyayinevi.com.tr\/index.php\/wp-json\/wp\/v2\/product"}],"about":[{"href":"https:\/\/roveyayinevi.com.tr\/index.php\/wp-json\/wp\/v2\/types\/product"}],"wp:attachment":[{"href":"https:\/\/roveyayinevi.com.tr\/index.php\/wp-json\/wp\/v2\/media?parent=748493"}],"wp:term":[{"taxonomy":"product_brand","embeddable":true,"href":"https:\/\/roveyayinevi.com.tr\/index.php\/wp-json\/wp\/v2\/product_brand?post=748493"},{"taxonomy":"product_cat","embeddable":true,"href":"https:\/\/roveyayinevi.com.tr\/index.php\/wp-json\/wp\/v2\/product_cat?post=748493"},{"taxonomy":"product_tag","embeddable":true,"href":"https:\/\/roveyayinevi.com.tr\/index.php\/wp-json\/wp\/v2\/product_tag?post=748493"}],"curies":[{"name":"wp","href":"https:\/\/api.w.org\/{rel}","templated":true}]}}