{"id":748492,"date":"2025-08-28T03:32:23","date_gmt":"2025-08-28T00:32:23","guid":{"rendered":"https:\/\/roveyayinevi.com.tr\/index.php\/urun\/kopek-benim-hayvan-dostlarim-ciltli\/"},"modified":"2026-04-16T03:01:13","modified_gmt":"2026-04-16T00:01:13","slug":"kopek-benim-hayvan-dostlarim-ciltli","status":"publish","type":"product","link":"https:\/\/roveyayinevi.com.tr\/index.php\/urun\/kopek-benim-hayvan-dostlarim-ciltli\/","title":{"rendered":"K\u00f6pek &#8211; Benim Hayvan Dostlar\u0131m (Ciltli)"},"content":{"rendered":"<p>\u00dc\u00e7 k\u00fc\u00e7\u00fck k\u00f6pek karde\u015f, ya\u015farlard\u0131 bir evde. Sonra denediler ayr\u0131 ayr\u0131 evler yapmay\u0131. Sence hangisi bu i\u015fte daha ustayd\u0131? Onlar\u0131 birbirine ba\u011flayan en g\u00fczel \u015fey karde\u015flik ba\u011f\u0131.<\/p>\n","protected":false},"excerpt":{"rendered":"<p>\u00dc\u00e7 k\u00fc\u00e7\u00fck k\u00f6pek karde\u015f, ya\u015farlard\u0131 bir evde. Sonra denediler ayr\u0131 ayr\u0131 evler yapmay\u0131. Sence hangisi bu i\u015fte daha ustayd\u0131? Onlar\u0131 birbirine ba\u011flayan en g\u00fczel \u015fey karde\u015flik<span class=\"excerpt-hellip\"> [\u2026]<\/span><\/p>\n","protected":false},"featured_media":0,"template":"","meta":{"_monsterinsights_skip_tracking":false,"_monsterinsights_sitenote_active":false,"_monsterinsights_sitenote_note":"","_monsterinsights_sitenote_category":0},"product_brand":[],"product_cat":[12274,12518],"product_tag":[],"class_list":{"0":"post-748492","1":"product","2":"type-product","3":"status-publish","5":"product_cat-cocuk-ve-genclik-kitaplari","6":"product_cat-okul-oncesi-kitaplar","7":"pa_cilt-ciltli","8":"pa_tur-kitap","9":"pa_yayinevi-0-6-yas-yayinlari","10":"pa_yazar-kolektif","12":"first","13":"instock","14":"sale","15":"shipping-taxable","16":"purchasable","17":"product-type-simple"},"_links":{"self":[{"href":"https:\/\/roveyayinevi.com.tr\/index.php\/wp-json\/wp\/v2\/product\/748492","targetHints":{"allow":["GET"]}}],"collection":[{"href":"https:\/\/roveyayinevi.com.tr\/index.php\/wp-json\/wp\/v2\/product"}],"about":[{"href":"https:\/\/roveyayinevi.com.tr\/index.php\/wp-json\/wp\/v2\/types\/product"}],"wp:attachment":[{"href":"https:\/\/roveyayinevi.com.tr\/index.php\/wp-json\/wp\/v2\/media?parent=748492"}],"wp:term":[{"taxonomy":"product_brand","embeddable":true,"href":"https:\/\/roveyayinevi.com.tr\/index.php\/wp-json\/wp\/v2\/product_brand?post=748492"},{"taxonomy":"product_cat","embeddable":true,"href":"https:\/\/roveyayinevi.com.tr\/index.php\/wp-json\/wp\/v2\/product_cat?post=748492"},{"taxonomy":"product_tag","embeddable":true,"href":"https:\/\/roveyayinevi.com.tr\/index.php\/wp-json\/wp\/v2\/product_tag?post=748492"}],"curies":[{"name":"wp","href":"https:\/\/api.w.org\/{rel}","templated":true}]}}