{"id":748487,"date":"2025-08-28T03:32:15","date_gmt":"2025-08-28T00:32:15","guid":{"rendered":"https:\/\/roveyayinevi.com.tr\/index.php\/urun\/masal-kahramanlari-hareketli-gozler\/"},"modified":"2026-04-16T03:01:13","modified_gmt":"2026-04-16T00:01:13","slug":"masal-kahramanlari-hareketli-gozler","status":"publish","type":"product","link":"https:\/\/roveyayinevi.com.tr\/index.php\/urun\/masal-kahramanlari-hareketli-gozler\/","title":{"rendered":"Masal Kahramanlar\u0131 &#8211; Hareketli G\u00f6zler"},"content":{"rendered":"<p>\u00c7ocu\u011funuz bu kitapta masal kahramanlar\u0131na ait \u00e7izimler bulacak. Bir periyi, bir orman \u00e7ocu\u011funu, bir korsan\u0131, bir balerini renklendirerek boyayacak. Sayfalardaki hareketli g\u00f6zler sayesinde karakterler ger\u00e7ekten ona bak\u0131yor gibi hissedecek ve \u00e7izimleri boyad\u0131\u011f\u0131nda \u00e7ok e\u011flenecek! \u0130yi e\u011flenceler!<\/p>\n","protected":false},"excerpt":{"rendered":"<p>\u00c7ocu\u011funuz bu kitapta masal kahramanlar\u0131na ait \u00e7izimler bulacak. Bir periyi, bir orman \u00e7ocu\u011funu, bir korsan\u0131, bir balerini renklendirerek boyayacak. Sayfalardaki hareketli g\u00f6zler sayesinde karakterler ger\u00e7ekten ona<span class=\"excerpt-hellip\"> [\u2026]<\/span><\/p>\n","protected":false},"featured_media":0,"template":"","meta":{"_monsterinsights_skip_tracking":false,"_monsterinsights_sitenote_active":false,"_monsterinsights_sitenote_note":"","_monsterinsights_sitenote_category":0},"product_brand":[],"product_cat":[12644,12274],"product_tag":[],"class_list":{"0":"post-748487","1":"product","2":"type-product","3":"status-publish","5":"product_cat-boyama-kitaplari","6":"product_cat-cocuk-ve-genclik-kitaplari","7":"pa_cilt-ciltsiz","8":"pa_tur-kitap","9":"pa_yayinevi-0-6-yas-yayinlari","10":"pa_yazar-kolektif","12":"first","13":"instock","14":"sale","15":"shipping-taxable","16":"purchasable","17":"product-type-simple"},"_links":{"self":[{"href":"https:\/\/roveyayinevi.com.tr\/index.php\/wp-json\/wp\/v2\/product\/748487","targetHints":{"allow":["GET"]}}],"collection":[{"href":"https:\/\/roveyayinevi.com.tr\/index.php\/wp-json\/wp\/v2\/product"}],"about":[{"href":"https:\/\/roveyayinevi.com.tr\/index.php\/wp-json\/wp\/v2\/types\/product"}],"wp:attachment":[{"href":"https:\/\/roveyayinevi.com.tr\/index.php\/wp-json\/wp\/v2\/media?parent=748487"}],"wp:term":[{"taxonomy":"product_brand","embeddable":true,"href":"https:\/\/roveyayinevi.com.tr\/index.php\/wp-json\/wp\/v2\/product_brand?post=748487"},{"taxonomy":"product_cat","embeddable":true,"href":"https:\/\/roveyayinevi.com.tr\/index.php\/wp-json\/wp\/v2\/product_cat?post=748487"},{"taxonomy":"product_tag","embeddable":true,"href":"https:\/\/roveyayinevi.com.tr\/index.php\/wp-json\/wp\/v2\/product_tag?post=748487"}],"curies":[{"name":"wp","href":"https:\/\/api.w.org\/{rel}","templated":true}]}}