{"id":748483,"date":"2025-08-28T03:32:10","date_gmt":"2025-08-28T00:32:10","guid":{"rendered":"https:\/\/roveyayinevi.com.tr\/index.php\/urun\/bahce-ve-parktaki-hayvanlar-3yas\/"},"modified":"2026-04-16T03:01:13","modified_gmt":"2026-04-16T00:01:13","slug":"bahce-ve-parktaki-hayvanlar-3yas","status":"publish","type":"product","link":"https:\/\/roveyayinevi.com.tr\/index.php\/urun\/bahce-ve-parktaki-hayvanlar-3yas\/","title":{"rendered":"Bah\u00e7e ve Parktaki Hayvanlar (3+Ya\u015f)"},"content":{"rendered":"<p>Bu kitap ile \u00e7ocu\u011funuz objelerin ilgi \u00e7ekici d\u00fcnyas\u0131n\u0131 farkl\u0131 resimleri ile \u00f6\u011frenerek ke\u015ffedecek. Kitab\u0131n sayfalar\u0131n\u0131 \u00e7evirdi\u011finde arka sayfadaki s\u00fcrpriz resimleri de g\u00f6rebilecek.S\u00fcrprizli &amp; Renkli Kitaplar Serisi 1, 2 ve 3 ya\u015f\u0131ndaki \u00e7ocuklara y\u00f6nelik haz\u0131rlanm\u0131\u015ft\u0131r. Bu kitap \u00e7ocu\u011funuzun zihinsel geli\u015fimine yard\u0131mc\u0131 olur.Bu kitap serisi ayn\u0131 zamanda \u00e7ocu\u011funuzun 5 temel becerisini zeka, dilde ak\u0131c\u0131l\u0131k, duygusal zeka, el becerisi ve \u00fcretkenli\u011fi geli\u015ftirmeyi ama\u00e7lamaktad\u0131r.\u0130yi e\u011flenceler\u2026<\/p>\n","protected":false},"excerpt":{"rendered":"<p>Bu kitap ile \u00e7ocu\u011funuz objelerin ilgi \u00e7ekici d\u00fcnyas\u0131n\u0131 farkl\u0131 resimleri ile \u00f6\u011frenerek ke\u015ffedecek. Kitab\u0131n sayfalar\u0131n\u0131 \u00e7evirdi\u011finde arka sayfadaki s\u00fcrpriz resimleri de g\u00f6rebilecek.S\u00fcrprizli &amp; Renkli Kitaplar Serisi<span class=\"excerpt-hellip\"> [\u2026]<\/span><\/p>\n","protected":false},"featured_media":0,"template":"","meta":{"_monsterinsights_skip_tracking":false,"_monsterinsights_sitenote_active":false,"_monsterinsights_sitenote_note":"","_monsterinsights_sitenote_category":0},"product_brand":[],"product_cat":[12274,24599],"product_tag":[],"class_list":{"0":"post-748483","1":"product","2":"type-product","3":"status-publish","5":"product_cat-cocuk-ve-genclik-kitaplari","6":"product_cat-zeka-gelisimi","7":"pa_cilt-ciltsiz","8":"pa_tur-kitap","9":"pa_yayinevi-0-6-yas-yayinlari","10":"pa_yazar-olala-books","12":"first","13":"instock","14":"sale","15":"shipping-taxable","16":"purchasable","17":"product-type-simple"},"_links":{"self":[{"href":"https:\/\/roveyayinevi.com.tr\/index.php\/wp-json\/wp\/v2\/product\/748483","targetHints":{"allow":["GET"]}}],"collection":[{"href":"https:\/\/roveyayinevi.com.tr\/index.php\/wp-json\/wp\/v2\/product"}],"about":[{"href":"https:\/\/roveyayinevi.com.tr\/index.php\/wp-json\/wp\/v2\/types\/product"}],"wp:attachment":[{"href":"https:\/\/roveyayinevi.com.tr\/index.php\/wp-json\/wp\/v2\/media?parent=748483"}],"wp:term":[{"taxonomy":"product_brand","embeddable":true,"href":"https:\/\/roveyayinevi.com.tr\/index.php\/wp-json\/wp\/v2\/product_brand?post=748483"},{"taxonomy":"product_cat","embeddable":true,"href":"https:\/\/roveyayinevi.com.tr\/index.php\/wp-json\/wp\/v2\/product_cat?post=748483"},{"taxonomy":"product_tag","embeddable":true,"href":"https:\/\/roveyayinevi.com.tr\/index.php\/wp-json\/wp\/v2\/product_tag?post=748483"}],"curies":[{"name":"wp","href":"https:\/\/api.w.org\/{rel}","templated":true}]}}