{"id":748462,"date":"2025-08-28T03:31:41","date_gmt":"2025-08-28T00:31:41","guid":{"rendered":"https:\/\/roveyayinevi.com.tr\/index.php\/urun\/sirin-ve-egitici-kavramlar\/"},"modified":"2026-04-16T03:01:13","modified_gmt":"2026-04-16T00:01:13","slug":"sirin-ve-egitici-kavramlar","status":"publish","type":"product","link":"https:\/\/roveyayinevi.com.tr\/index.php\/urun\/sirin-ve-egitici-kavramlar\/","title":{"rendered":"\u015eirin ve E\u011fitici Kavramlar"},"content":{"rendered":"<p>Harfleri yazmay\u0131, say\u0131lar\u0131 tan\u0131may\u0131, \u00e7izgileri \u00e7izerken ilkokula haz\u0131rl\u0131k yapmay\u0131, etkinlik yaparken hem \u00f6\u011frenmeyi hem ailelerin \u00e7ocuklar\u0131 ile keyifli zaman ge\u00e7irmesini sa\u011flayan \u201c\u015eirin ve E\u011fitici\u201d dizisi ile \u00e7ocuklar; y\u00f6nerge takibini, kurall\u0131 ve kontroll\u00fc \u00e7al\u0131\u015fmalar yapmay\u0131 \u00f6\u011frenirken ayn\u0131 zamanda e\u011flenecek. E\u011fitici \u00e7al\u0131\u015fmalar\u0131 yaparken \u201cben yapabiliyorum, ba\u015farabiliyorum\u201d diyen \u00e7ocuklar, duygusal y\u00f6nden de geli\u015fim g\u00f6sterecek. Ara\u015ft\u0131rmalar g\u00f6steriyor ki; \u00e7ocu\u011fun kendisine g\u00fcven duymas\u0131n\u0131 sa\u011flayan, ebeveyn, \u00e7ocuk ve e\u011fitimcinin etkin oldu\u011fu t\u00fcm \u00e7al\u0131\u015fmalar \u00e7ocuklar\u0131n okul ba\u015far\u0131s\u0131n\u0131 artt\u0131rmaktad\u0131r.\u201cYapabiliyorum\u201d diyerek \u00f6zg\u00fcveni artan ve \u201cba\u015farabiliyorum\u201d diyerek daha fazlas\u0131n\u0131 \u00f6\u011frenmek isteyen \u00e7ocuklar i\u00e7in haz\u0131rlad\u0131\u011f\u0131m\u0131z \u201c\u015eirin ve E\u011fitici\u201d dizisi kitaplar\u0131 ile \u00e7ocuklar\u0131n\u0131z \u00f6\u011frenirken e\u011flenecek ve \u00e7ok keyifli zaman ge\u00e7irecekler.<\/p>\n","protected":false},"excerpt":{"rendered":"<p>Harfleri yazmay\u0131, say\u0131lar\u0131 tan\u0131may\u0131, \u00e7izgileri \u00e7izerken ilkokula haz\u0131rl\u0131k yapmay\u0131, etkinlik yaparken hem \u00f6\u011frenmeyi hem ailelerin \u00e7ocuklar\u0131 ile keyifli zaman ge\u00e7irmesini sa\u011flayan \u201c\u015eirin ve E\u011fitici\u201d dizisi ile<span class=\"excerpt-hellip\"> [\u2026]<\/span><\/p>\n","protected":false},"featured_media":0,"template":"","meta":{"_monsterinsights_skip_tracking":false,"_monsterinsights_sitenote_active":false,"_monsterinsights_sitenote_note":"","_monsterinsights_sitenote_category":0},"product_brand":[],"product_cat":[12274,15842],"product_tag":[],"class_list":{"0":"post-748462","1":"product","2":"type-product","3":"status-publish","5":"product_cat-cocuk-ve-genclik-kitaplari","6":"product_cat-egitici-kitaplar","7":"pa_cilt-ciltsiz","8":"pa_tur-kitap","9":"pa_yayinevi-parilti-yayinlari","10":"pa_yazar-yildiz-celik","12":"first","13":"instock","14":"sale","15":"shipping-taxable","16":"purchasable","17":"product-type-simple"},"_links":{"self":[{"href":"https:\/\/roveyayinevi.com.tr\/index.php\/wp-json\/wp\/v2\/product\/748462","targetHints":{"allow":["GET"]}}],"collection":[{"href":"https:\/\/roveyayinevi.com.tr\/index.php\/wp-json\/wp\/v2\/product"}],"about":[{"href":"https:\/\/roveyayinevi.com.tr\/index.php\/wp-json\/wp\/v2\/types\/product"}],"wp:attachment":[{"href":"https:\/\/roveyayinevi.com.tr\/index.php\/wp-json\/wp\/v2\/media?parent=748462"}],"wp:term":[{"taxonomy":"product_brand","embeddable":true,"href":"https:\/\/roveyayinevi.com.tr\/index.php\/wp-json\/wp\/v2\/product_brand?post=748462"},{"taxonomy":"product_cat","embeddable":true,"href":"https:\/\/roveyayinevi.com.tr\/index.php\/wp-json\/wp\/v2\/product_cat?post=748462"},{"taxonomy":"product_tag","embeddable":true,"href":"https:\/\/roveyayinevi.com.tr\/index.php\/wp-json\/wp\/v2\/product_tag?post=748462"}],"curies":[{"name":"wp","href":"https:\/\/api.w.org\/{rel}","templated":true}]}}