{"id":748450,"date":"2025-08-28T03:31:24","date_gmt":"2025-08-28T00:31:24","guid":{"rendered":"https:\/\/roveyayinevi.com.tr\/index.php\/urun\/renkler-sayilar-sekiller-benim-ilk-100-bilgilerim\/"},"modified":"2026-04-16T03:01:12","modified_gmt":"2026-04-16T00:01:12","slug":"renkler-sayilar-sekiller-benim-ilk-100-bilgilerim","status":"publish","type":"product","link":"https:\/\/roveyayinevi.com.tr\/index.php\/urun\/renkler-sayilar-sekiller-benim-ilk-100-bilgilerim\/","title":{"rendered":"Renkler-Say\u0131lar-\u015eekiller &#8211; Benim \u0130lk 100 Bilgilerim"},"content":{"rendered":"<p>Benim \u0130lk 100 Bilgilerim dizisi kitaplar\u0131 \u00e7ocuklar\u0131n geli\u015fimine katk\u0131da bulunmak i\u00e7in T\u00fcrk\u00e7e ve \u0130ngilizce olarak iki dil \u015feklinde haz\u0131rland\u0131. Bu dizi kitaplar\u0131, geli\u015fim \u00e7a\u011f\u0131ndaki \u00e7ocuklar\u0131n kelime haznelerini g\u00f6rsellerle peki\u015ftirerek geli\u015fimlerine katk\u0131 sa\u011flayacakt\u0131r.<\/p>\n","protected":false},"excerpt":{"rendered":"<p>Benim \u0130lk 100 Bilgilerim dizisi kitaplar\u0131 \u00e7ocuklar\u0131n geli\u015fimine katk\u0131da bulunmak i\u00e7in T\u00fcrk\u00e7e ve \u0130ngilizce olarak iki dil \u015feklinde haz\u0131rland\u0131. Bu dizi kitaplar\u0131, geli\u015fim \u00e7a\u011f\u0131ndaki \u00e7ocuklar\u0131n kelime<span class=\"excerpt-hellip\"> [\u2026]<\/span><\/p>\n","protected":false},"featured_media":0,"template":"","meta":{"_monsterinsights_skip_tracking":false,"_monsterinsights_sitenote_active":false,"_monsterinsights_sitenote_note":"","_monsterinsights_sitenote_category":0},"product_brand":[],"product_cat":[12274,24599],"product_tag":[],"class_list":{"0":"post-748450","1":"product","2":"type-product","3":"status-publish","5":"product_cat-cocuk-ve-genclik-kitaplari","6":"product_cat-zeka-gelisimi","7":"pa_cilt-ciltli","8":"pa_tur-kitap","9":"pa_yayinevi-0-6-yas-yayinlari","10":"pa_yazar-ahmet-altay","12":"first","13":"instock","14":"sale","15":"shipping-taxable","16":"purchasable","17":"product-type-simple"},"_links":{"self":[{"href":"https:\/\/roveyayinevi.com.tr\/index.php\/wp-json\/wp\/v2\/product\/748450","targetHints":{"allow":["GET"]}}],"collection":[{"href":"https:\/\/roveyayinevi.com.tr\/index.php\/wp-json\/wp\/v2\/product"}],"about":[{"href":"https:\/\/roveyayinevi.com.tr\/index.php\/wp-json\/wp\/v2\/types\/product"}],"wp:attachment":[{"href":"https:\/\/roveyayinevi.com.tr\/index.php\/wp-json\/wp\/v2\/media?parent=748450"}],"wp:term":[{"taxonomy":"product_brand","embeddable":true,"href":"https:\/\/roveyayinevi.com.tr\/index.php\/wp-json\/wp\/v2\/product_brand?post=748450"},{"taxonomy":"product_cat","embeddable":true,"href":"https:\/\/roveyayinevi.com.tr\/index.php\/wp-json\/wp\/v2\/product_cat?post=748450"},{"taxonomy":"product_tag","embeddable":true,"href":"https:\/\/roveyayinevi.com.tr\/index.php\/wp-json\/wp\/v2\/product_tag?post=748450"}],"curies":[{"name":"wp","href":"https:\/\/api.w.org\/{rel}","templated":true}]}}