{"id":748446,"date":"2025-08-28T03:31:18","date_gmt":"2025-08-28T00:31:18","guid":{"rendered":"https:\/\/roveyayinevi.com.tr\/index.php\/urun\/1984-26\/"},"modified":"2026-04-16T03:01:12","modified_gmt":"2026-04-16T00:01:12","slug":"1984-26","status":"publish","type":"product","link":"https:\/\/roveyayinevi.com.tr\/index.php\/urun\/1984-26\/","title":{"rendered":"1984"},"content":{"rendered":"<p>Nisan ay\u0131n\u0131n ayd\u0131nl\u0131k, so\u011fuk bir g\u00fcn\u00fcyd\u00fc ve saatler on \u00fc\u00e7\u00fc vuruyordu. Berbat \u015fekilde esen r\u00fczgardan korunmak i\u00e7in \u00e7enesini g\u00f6\u011fs\u00fcne g\u00f6men Winston Smith, Zafer Konaklar\u0131\u2019n\u0131n caml\u0131 kap\u0131lar\u0131ndan h\u0131zla i\u00e7eriye dald\u0131 ancak pe\u015finden gelen toz, toprak girdab\u0131n\u0131n onunla birlikte i\u00e7eriye girmesine engel olamad\u0131.Bina giri\u015fini ha\u015flanm\u0131\u015f lahana ile pa\u00e7avra bezlerden yap\u0131lm\u0131\u015f paspas\u0131n rutubetli kokusu sarm\u0131\u015ft\u0131. Giri\u015fin dip taraf\u0131ndaki duvara raptiye ile tutturulmu\u015f olan renkli ilan\u0131n b\u00fcy\u00fckl\u00fc\u011f\u00fc, bulundu\u011fu ortamla hi\u00e7 de uyumlu de\u011fildi. \u0130landa geni\u015fli\u011fi bir metreyi a\u015fk\u0131n \u00e7ok iri bir y\u00fcz g\u00f6ze \u00e7arpmaktayd\u0131. K\u0131rk be\u015f ya\u015flar\u0131nda kapkara b\u0131y\u0131klar\u0131 olan, sert \u00e7izgilere sahip yak\u0131\u015f\u0131kl\u0131 bir adam y\u00fcz\u00fcyd\u00fc bu. Winston, merdivenlere do\u011fru y\u00f6neldi. Asans\u00f6r\u00fc yoklamak gereksizdi. En sorunsuz zamanlarda bile do\u011fru d\u00fczg\u00fcn \u00e7al\u0131\u015fmazd\u0131. G\u00fcn\u00fcn ayd\u0131nl\u0131k saatlerinde elektrik kesintisi yap\u0131l\u0131yordu. Nefret Haftas\u0131\u2019na y\u00f6nelik haz\u0131rl\u0131klar sebebiyle uygulanmakta olan tasarruf tedbirlerinden biriydi bu.Yedinci kattaki apartman dairesine ancak merdivenle ula\u015f\u0131labiliyordu. Winston, merdivenleri a\u011f\u0131r a\u011f\u0131r, dura dinlene \u00e7\u0131kt\u0131. Otuz dokuz ya\u015f\u0131ndayd\u0131. Sa\u011f ayak bile\u011finin yukar\u0131s\u0131nda varis yaras\u0131 vard\u0131. Asans\u00f6r kap\u0131lar\u0131n\u0131n bulundu\u011fu her sahanl\u0131kta, duvarda as\u0131l\u0131 duran iri y\u00fcz\u00fcn dik bak\u0131\u015flar\u0131yla kar\u015f\u0131la\u015f\u0131l\u0131yordu. Resim \u00f6ylesine tuhaf bir ifadeyle tasvir edilmi\u015fti ki, ne tarafa giderseniz gidin g\u00f6zler sizi takip ediyormu\u015f hissine kap\u0131l\u0131yordunuz. Resmin alt\u0131nda B\u00fcy\u00fck A\u011fabey Sizi \u0130zliyor yaz\u0131yordu.<\/p>\n","protected":false},"excerpt":{"rendered":"<p>Nisan ay\u0131n\u0131n ayd\u0131nl\u0131k, so\u011fuk bir g\u00fcn\u00fcyd\u00fc ve saatler on \u00fc\u00e7\u00fc vuruyordu. Berbat \u015fekilde esen r\u00fczgardan korunmak i\u00e7in \u00e7enesini g\u00f6\u011fs\u00fcne g\u00f6men Winston Smith, Zafer Konaklar\u0131\u2019n\u0131n caml\u0131 kap\u0131lar\u0131ndan<span class=\"excerpt-hellip\"> [\u2026]<\/span><\/p>\n","protected":false},"featured_media":0,"template":"","meta":{"_monsterinsights_skip_tracking":false,"_monsterinsights_sitenote_active":false,"_monsterinsights_sitenote_note":"","_monsterinsights_sitenote_category":0},"product_brand":[],"product_cat":[12291,12711],"product_tag":[],"class_list":{"0":"post-748446","1":"product","2":"type-product","3":"status-publish","5":"product_cat-edebiyat","6":"product_cat-roman-oyku","7":"pa_cilt-ciltsiz","8":"pa_tur-kitap","9":"pa_yayinevi-anonim-yayincilik","10":"pa_yazar-george-orwell","12":"first","13":"instock","14":"sale","15":"shipping-taxable","16":"purchasable","17":"product-type-simple"},"_links":{"self":[{"href":"https:\/\/roveyayinevi.com.tr\/index.php\/wp-json\/wp\/v2\/product\/748446","targetHints":{"allow":["GET"]}}],"collection":[{"href":"https:\/\/roveyayinevi.com.tr\/index.php\/wp-json\/wp\/v2\/product"}],"about":[{"href":"https:\/\/roveyayinevi.com.tr\/index.php\/wp-json\/wp\/v2\/types\/product"}],"wp:attachment":[{"href":"https:\/\/roveyayinevi.com.tr\/index.php\/wp-json\/wp\/v2\/media?parent=748446"}],"wp:term":[{"taxonomy":"product_brand","embeddable":true,"href":"https:\/\/roveyayinevi.com.tr\/index.php\/wp-json\/wp\/v2\/product_brand?post=748446"},{"taxonomy":"product_cat","embeddable":true,"href":"https:\/\/roveyayinevi.com.tr\/index.php\/wp-json\/wp\/v2\/product_cat?post=748446"},{"taxonomy":"product_tag","embeddable":true,"href":"https:\/\/roveyayinevi.com.tr\/index.php\/wp-json\/wp\/v2\/product_tag?post=748446"}],"curies":[{"name":"wp","href":"https:\/\/api.w.org\/{rel}","templated":true}]}}