{"id":748433,"date":"2025-08-28T03:30:58","date_gmt":"2025-08-28T00:30:58","guid":{"rendered":"https:\/\/roveyayinevi.com.tr\/index.php\/urun\/deli-3\/"},"modified":"2026-04-08T03:08:09","modified_gmt":"2026-04-08T00:08:09","slug":"deli-3","status":"publish","type":"product","link":"https:\/\/roveyayinevi.com.tr\/index.php\/urun\/deli-3\/","title":{"rendered":"Deli"},"content":{"rendered":"<p>Halil Cibran, 1883 y\u0131l\u0131nda L\u00fcbnan\u2019da do\u011fdu. Eserleri ve d\u00fc\u015f\u00fcnceleri d\u00fcnya \u00fczerinde geni\u015f yank\u0131 uyand\u0131rd\u0131. \u015eiirleri yirmiden fazla dile \u00e7evrilmi\u015f olan Cibran ayn\u0131 zamanda ba\u015far\u0131l\u0131 bir ressam idi. Resimlerinin baz\u0131lar\u0131 g\u00fcn\u00fcm\u00fczde d\u00fcnyan\u0131n bir\u00e7ok \u015fehrinde sergilenmektedir.<\/p>\n","protected":false},"excerpt":{"rendered":"<p>Halil Cibran, 1883 y\u0131l\u0131nda L\u00fcbnan\u2019da do\u011fdu. Eserleri ve d\u00fc\u015f\u00fcnceleri d\u00fcnya \u00fczerinde geni\u015f yank\u0131 uyand\u0131rd\u0131. \u015eiirleri yirmiden fazla dile \u00e7evrilmi\u015f olan Cibran ayn\u0131 zamanda ba\u015far\u0131l\u0131 bir ressam<span class=\"excerpt-hellip\"> [\u2026]<\/span><\/p>\n","protected":false},"featured_media":0,"template":"","meta":{"_monsterinsights_skip_tracking":false,"_monsterinsights_sitenote_active":false,"_monsterinsights_sitenote_note":"","_monsterinsights_sitenote_category":0},"product_brand":[],"product_cat":[12291,12711],"product_tag":[],"class_list":{"0":"post-748433","1":"product","2":"type-product","3":"status-publish","5":"product_cat-edebiyat","6":"product_cat-roman-oyku","7":"pa_cilt-ciltsiz","8":"pa_tur-kitap","9":"pa_yayinevi-anonim-yayincilik","10":"pa_yazar-halil-cibran","12":"first","13":"instock","14":"sale","15":"shipping-taxable","16":"purchasable","17":"product-type-simple"},"_links":{"self":[{"href":"https:\/\/roveyayinevi.com.tr\/index.php\/wp-json\/wp\/v2\/product\/748433","targetHints":{"allow":["GET"]}}],"collection":[{"href":"https:\/\/roveyayinevi.com.tr\/index.php\/wp-json\/wp\/v2\/product"}],"about":[{"href":"https:\/\/roveyayinevi.com.tr\/index.php\/wp-json\/wp\/v2\/types\/product"}],"wp:attachment":[{"href":"https:\/\/roveyayinevi.com.tr\/index.php\/wp-json\/wp\/v2\/media?parent=748433"}],"wp:term":[{"taxonomy":"product_brand","embeddable":true,"href":"https:\/\/roveyayinevi.com.tr\/index.php\/wp-json\/wp\/v2\/product_brand?post=748433"},{"taxonomy":"product_cat","embeddable":true,"href":"https:\/\/roveyayinevi.com.tr\/index.php\/wp-json\/wp\/v2\/product_cat?post=748433"},{"taxonomy":"product_tag","embeddable":true,"href":"https:\/\/roveyayinevi.com.tr\/index.php\/wp-json\/wp\/v2\/product_tag?post=748433"}],"curies":[{"name":"wp","href":"https:\/\/api.w.org\/{rel}","templated":true}]}}