{"id":748427,"date":"2025-08-28T03:30:05","date_gmt":"2025-08-28T00:30:05","guid":{"rendered":"https:\/\/roveyayinevi.com.tr\/index.php\/urun\/degirmen-16\/"},"modified":"2026-04-08T03:08:09","modified_gmt":"2026-04-08T00:08:09","slug":"degirmen-16","status":"publish","type":"product","link":"https:\/\/roveyayinevi.com.tr\/index.php\/urun\/degirmen-16\/","title":{"rendered":"De\u011firmen"},"content":{"rendered":"<p>\u015eehrin k\u0131y\u0131s\u0131nda, ufac\u0131k bir derenin kenar\u0131nda, dallar\u0131 suya sarkan ihtiyar bir s\u00f6\u011f\u00fct a\u011fac\u0131 vard\u0131r. \u0130lkbahar\u0131n ba\u015flang\u0131\u00e7lar\u0131nda bu s\u00f6\u011f\u00fcd\u00fcn dallar\u0131na bir di\u015fi k\u0131rlang\u0131\u00e7 gelip kondu; derenin bir ba\u015f\u0131ndan bir ba\u015f\u0131na y\u0131ld\u0131r\u0131m gibi u\u00e7an, beyaz g\u00f6\u011f\u00fcslerini suya dokundurarak \u015feffaf kanatl\u0131 k\u00fc\u00e7\u00fck b\u00f6cekleri yakalayan di\u011fer k\u0131rlang\u0131\u00e7lara bakmaya ba\u015flad\u0131. Ba\u015f\u0131n\u0131 hafif hafif sall\u0131yordu. Derin d\u00fc\u015f\u00fcncelere dald\u0131\u011f\u0131 belliydi. S\u00f6\u011f\u00fcd\u00fcn dallar\u0131 h\u0131\u015f\u0131rdad\u0131. Bir erkek k\u0131rlang\u0131\u00e7 geldi, di\u015finin kar\u015f\u0131s\u0131ndaki dala kondu. K\u0131rlang\u0131\u00e7lar aras\u0131nda pek teklif yoktur. Uzun uzad\u0131ya takdim filan edilmeden konu\u015fmaya ba\u015flad\u0131lar ve pek az sonra da ahbap oldular. Evvela havadan, sudan bahsedildi. (\u0130ki ki\u015fi birbirlerini yeni tan\u0131d\u0131klar\u0131 zaman havadan sudan bahsetmek \u00e2dettir.) Fakat biraz sonra erkek bir iki dal ileri geldi, di\u015fi daha az \u00e7ekingen bir hal ald\u0131. Muhabbeti kaynatt\u0131lar.<\/p>\n","protected":false},"excerpt":{"rendered":"<p>\u015eehrin k\u0131y\u0131s\u0131nda, ufac\u0131k bir derenin kenar\u0131nda, dallar\u0131 suya sarkan ihtiyar bir s\u00f6\u011f\u00fct a\u011fac\u0131 vard\u0131r. \u0130lkbahar\u0131n ba\u015flang\u0131\u00e7lar\u0131nda bu s\u00f6\u011f\u00fcd\u00fcn dallar\u0131na bir di\u015fi k\u0131rlang\u0131\u00e7 gelip kondu; derenin bir<span class=\"excerpt-hellip\"> [\u2026]<\/span><\/p>\n","protected":false},"featured_media":0,"template":"","meta":{"_monsterinsights_skip_tracking":false,"_monsterinsights_sitenote_active":false,"_monsterinsights_sitenote_note":"","_monsterinsights_sitenote_category":0},"product_brand":[],"product_cat":[12291,12711],"product_tag":[],"class_list":{"0":"post-748427","1":"product","2":"type-product","3":"status-publish","5":"product_cat-edebiyat","6":"product_cat-roman-oyku","7":"pa_cilt-ciltsiz","8":"pa_tur-kitap","9":"pa_yayinevi-anonim-yayincilik","10":"pa_yazar-sabahattin-ali","12":"first","13":"instock","14":"sale","15":"shipping-taxable","16":"purchasable","17":"product-type-simple"},"_links":{"self":[{"href":"https:\/\/roveyayinevi.com.tr\/index.php\/wp-json\/wp\/v2\/product\/748427","targetHints":{"allow":["GET"]}}],"collection":[{"href":"https:\/\/roveyayinevi.com.tr\/index.php\/wp-json\/wp\/v2\/product"}],"about":[{"href":"https:\/\/roveyayinevi.com.tr\/index.php\/wp-json\/wp\/v2\/types\/product"}],"wp:attachment":[{"href":"https:\/\/roveyayinevi.com.tr\/index.php\/wp-json\/wp\/v2\/media?parent=748427"}],"wp:term":[{"taxonomy":"product_brand","embeddable":true,"href":"https:\/\/roveyayinevi.com.tr\/index.php\/wp-json\/wp\/v2\/product_brand?post=748427"},{"taxonomy":"product_cat","embeddable":true,"href":"https:\/\/roveyayinevi.com.tr\/index.php\/wp-json\/wp\/v2\/product_cat?post=748427"},{"taxonomy":"product_tag","embeddable":true,"href":"https:\/\/roveyayinevi.com.tr\/index.php\/wp-json\/wp\/v2\/product_tag?post=748427"}],"curies":[{"name":"wp","href":"https:\/\/api.w.org\/{rel}","templated":true}]}}