{"id":748425,"date":"2025-08-28T03:30:02","date_gmt":"2025-08-28T00:30:02","guid":{"rendered":"https:\/\/roveyayinevi.com.tr\/index.php\/urun\/sebzeler-ilk-bilgilerim-dizisi\/"},"modified":"2026-04-16T03:01:12","modified_gmt":"2026-04-16T00:01:12","slug":"sebzeler-ilk-bilgilerim-dizisi","status":"publish","type":"product","link":"https:\/\/roveyayinevi.com.tr\/index.php\/urun\/sebzeler-ilk-bilgilerim-dizisi\/","title":{"rendered":"Sebzeler &#8211; \u0130lk Bilgilerim Dizisi"},"content":{"rendered":"<p>Sebzeler \u0130lk Bilgilerim Dizisi kitaplar\u0131 \u00e7ocuklar\u0131n geli\u015fimlerine katk\u0131da bulunmak i\u00e7in T\u00fcrk\u00e7e ve \u0130ngilizce olarak iki dil \u015feklinde haz\u0131rlanm\u0131\u015ft\u0131r. Bu dizinin kitaplar\u0131 ile geli\u015fim \u00e7a\u011f\u0131ndaki \u00e7ocuklar kelime hazinelerini g\u00f6rsellerle peki\u015ftirecekler ve geli\u015ftireceklerdir.<\/p>\n","protected":false},"excerpt":{"rendered":"<p>Sebzeler \u0130lk Bilgilerim Dizisi kitaplar\u0131 \u00e7ocuklar\u0131n geli\u015fimlerine katk\u0131da bulunmak i\u00e7in T\u00fcrk\u00e7e ve \u0130ngilizce olarak iki dil \u015feklinde haz\u0131rlanm\u0131\u015ft\u0131r. Bu dizinin kitaplar\u0131 ile geli\u015fim \u00e7a\u011f\u0131ndaki \u00e7ocuklar kelime<span class=\"excerpt-hellip\"> [\u2026]<\/span><\/p>\n","protected":false},"featured_media":0,"template":"","meta":{"_monsterinsights_skip_tracking":false,"_monsterinsights_sitenote_active":false,"_monsterinsights_sitenote_note":"","_monsterinsights_sitenote_category":0},"product_brand":[],"product_cat":[12274,12518],"product_tag":[],"class_list":{"0":"post-748425","1":"product","2":"type-product","3":"status-publish","5":"product_cat-cocuk-ve-genclik-kitaplari","6":"product_cat-okul-oncesi-kitaplar","7":"pa_cilt-ciltsiz","8":"pa_tur-kitap","9":"pa_yayinevi-0-6-yas-yayinlari","10":"pa_yazar-kolektif","12":"first","13":"instock","14":"sale","15":"shipping-taxable","16":"purchasable","17":"product-type-simple"},"_links":{"self":[{"href":"https:\/\/roveyayinevi.com.tr\/index.php\/wp-json\/wp\/v2\/product\/748425","targetHints":{"allow":["GET"]}}],"collection":[{"href":"https:\/\/roveyayinevi.com.tr\/index.php\/wp-json\/wp\/v2\/product"}],"about":[{"href":"https:\/\/roveyayinevi.com.tr\/index.php\/wp-json\/wp\/v2\/types\/product"}],"wp:attachment":[{"href":"https:\/\/roveyayinevi.com.tr\/index.php\/wp-json\/wp\/v2\/media?parent=748425"}],"wp:term":[{"taxonomy":"product_brand","embeddable":true,"href":"https:\/\/roveyayinevi.com.tr\/index.php\/wp-json\/wp\/v2\/product_brand?post=748425"},{"taxonomy":"product_cat","embeddable":true,"href":"https:\/\/roveyayinevi.com.tr\/index.php\/wp-json\/wp\/v2\/product_cat?post=748425"},{"taxonomy":"product_tag","embeddable":true,"href":"https:\/\/roveyayinevi.com.tr\/index.php\/wp-json\/wp\/v2\/product_tag?post=748425"}],"curies":[{"name":"wp","href":"https:\/\/api.w.org\/{rel}","templated":true}]}}