{"id":748420,"date":"2025-08-28T03:29:55","date_gmt":"2025-08-28T00:29:55","guid":{"rendered":"https:\/\/roveyayinevi.com.tr\/index.php\/urun\/kavgam-tam-metin-2\/"},"modified":"2026-02-24T03:12:04","modified_gmt":"2026-02-24T00:12:04","slug":"kavgam-tam-metin-2","status":"publish","type":"product","link":"https:\/\/roveyayinevi.com.tr\/index.php\/urun\/kavgam-tam-metin-2\/","title":{"rendered":"Kavgam &#8211; Tam Metin"},"content":{"rendered":"<p>Nasyonal-Sosyalist Alman \u0130\u015f\u00e7i Partisi, 9 Kas\u0131m 1923 g\u00fcn\u00fc, kurulu\u015funun d\u00f6rd\u00fcnc\u00fc y\u0131l\u0131nda kapat\u0131ld\u0131, memleketin her taraf\u0131nda faaliyeti yasakland\u0131. Bug\u00fcn, kas\u0131m 1926\u2019da, onu b\u00fct\u00fcn Almanya\u2019da, tekrar ve tam olarak h\u00fcrriyetine kavu\u015fmu\u015f, eskisinden daha g\u00fc\u00e7l\u00fc, daha sa\u011flam te\u015fkil\u00e2tlanm\u0131\u015f olarak g\u00f6r\u00fcyoruz. Partinin ve \u015feflerinin maruz kald\u0131\u011f\u0131 zul\u00fcmler, u\u011frad\u0131\u011f\u0131 b\u00fct\u00fcn iftiralar ona hi\u00e7bir \u015fey yapamad\u0131. Fikirlerinin do\u011frulu\u011fu, niyetlerinin iyi ve temiz olu\u015fu ve taraftarlar\u0131n\u0131n fedak\u00e2rl\u0131k ruhu sayesinde, b\u00fct\u00fcn tecr\u00fcbe ve fel\u00e2ketlerden, her zamankinden \u00e7ok daha g\u00fc\u00e7l\u00fc olarak \u00e7\u0131kabildi.Tefess\u00fch etmi\u015f bug\u00fcnk\u00fc parlamentarizmde bu parti, y\u00fcr\u00fctt\u00fc\u011f\u00fc kavgan\u0131n derin sebeplerini g\u00fcnden g\u00fcne daha iyi anl\u0131yorsa, \u0131rk ve fert de\u011ferini en saf \u015fekilde tecess\u00fcm ettirdi\u011fini hissediyorsa ve bu \u015fekilde te\u015fkil\u00e2tlan\u0131yorsa, hemen hemen matematik bir kesinlikle bir g\u00fcn zaferi kazanacakt\u0131r. E\u011fer Almanya da ayn\u0131 prensiplerle te\u015fkil\u00e2tlan\u0131r ve idare edilirse, bu d\u00fcnyada l\u00e2y\u0131k oldu\u011fu duruma muhakkak ula\u015facakt\u0131r.Irklar\u0131n kar\u0131\u015f\u0131p bula\u015ft\u0131\u011f\u0131 bir devirde, kendi \u0131rk\u0131n\u0131n en iyi unsurlar\u0131n\u0131 muhafaza i\u015fine k\u0131skan\u00e7l\u0131kla \u00f6nem veren bir devlet, bir g\u00fcn d\u00fcnyan\u0131n hakimi olacakt\u0131r. Taraftarlar\u0131m\u0131z, bir g\u00fcn endi\u015feye d\u00fc\u015fecek olurlarsa, partimizin onlardan istedi\u011fi b\u00fcy\u00fck fedak\u00e2rl\u0131klar\u0131 ve ba\u015far\u0131 \u015fanslar\u0131n\u0131 g\u00f6z \u00f6n\u00fcne getirmeyi ve yukar\u0131da s\u00f6ylenenleri asla hat\u0131rdan \u00e7\u0131karmas\u0131nlar.<\/p>\n","protected":false},"excerpt":{"rendered":"<p>Nasyonal-Sosyalist Alman \u0130\u015f\u00e7i Partisi, 9 Kas\u0131m 1923 g\u00fcn\u00fc, kurulu\u015funun d\u00f6rd\u00fcnc\u00fc y\u0131l\u0131nda kapat\u0131ld\u0131, memleketin her taraf\u0131nda faaliyeti yasakland\u0131. Bug\u00fcn, kas\u0131m 1926\u2019da, onu b\u00fct\u00fcn Almanya\u2019da, tekrar ve tam<span class=\"excerpt-hellip\"> [\u2026]<\/span><\/p>\n","protected":false},"featured_media":0,"template":"","meta":{"_monsterinsights_skip_tracking":false,"_monsterinsights_sitenote_active":false,"_monsterinsights_sitenote_note":"","_monsterinsights_sitenote_category":0},"product_brand":[],"product_cat":[12312,12304],"product_tag":[],"class_list":{"0":"post-748420","1":"product","2":"type-product","3":"status-publish","5":"product_cat-diger","6":"product_cat-tarih","7":"pa_cilt-ciltsiz","8":"pa_tur-kitap","9":"pa_yayinevi-anonim-yayincilik","10":"pa_yazar-adolf-hitler","12":"first","13":"instock","14":"sale","15":"shipping-taxable","16":"purchasable","17":"product-type-simple"},"_links":{"self":[{"href":"https:\/\/roveyayinevi.com.tr\/index.php\/wp-json\/wp\/v2\/product\/748420","targetHints":{"allow":["GET"]}}],"collection":[{"href":"https:\/\/roveyayinevi.com.tr\/index.php\/wp-json\/wp\/v2\/product"}],"about":[{"href":"https:\/\/roveyayinevi.com.tr\/index.php\/wp-json\/wp\/v2\/types\/product"}],"wp:attachment":[{"href":"https:\/\/roveyayinevi.com.tr\/index.php\/wp-json\/wp\/v2\/media?parent=748420"}],"wp:term":[{"taxonomy":"product_brand","embeddable":true,"href":"https:\/\/roveyayinevi.com.tr\/index.php\/wp-json\/wp\/v2\/product_brand?post=748420"},{"taxonomy":"product_cat","embeddable":true,"href":"https:\/\/roveyayinevi.com.tr\/index.php\/wp-json\/wp\/v2\/product_cat?post=748420"},{"taxonomy":"product_tag","embeddable":true,"href":"https:\/\/roveyayinevi.com.tr\/index.php\/wp-json\/wp\/v2\/product_tag?post=748420"}],"curies":[{"name":"wp","href":"https:\/\/api.w.org\/{rel}","templated":true}]}}