{"id":748417,"date":"2025-08-28T03:29:51","date_gmt":"2025-08-28T00:29:51","guid":{"rendered":"https:\/\/roveyayinevi.com.tr\/index.php\/urun\/ciftlik-hayvanlari-mini-karton-kitaplar\/"},"modified":"2026-04-16T03:01:12","modified_gmt":"2026-04-16T00:01:12","slug":"ciftlik-hayvanlari-mini-karton-kitaplar","status":"publish","type":"product","link":"https:\/\/roveyayinevi.com.tr\/index.php\/urun\/ciftlik-hayvanlari-mini-karton-kitaplar\/","title":{"rendered":"\u00c7iftlik Hayvanlar\u0131 &#8211;  Mini Karton Kitaplar"},"content":{"rendered":"<p>Mini Karton Kitaplar ile \u00e7ocu\u011funuz; hayvanlar, meslekler, meyveler, renkler ve \u015fekiller, sebzeler, ta\u015f\u0131tlar ve z\u0131t kavramlar\u0131 resimler e\u015fli\u011finde e\u011flenceli bir \u015fekilde \u00f6\u011frenecek.<\/p>\n","protected":false},"excerpt":{"rendered":"<p>Mini Karton Kitaplar ile \u00e7ocu\u011funuz; hayvanlar, meslekler, meyveler, renkler ve \u015fekiller, sebzeler, ta\u015f\u0131tlar ve z\u0131t kavramlar\u0131 resimler e\u015fli\u011finde e\u011flenceli bir \u015fekilde \u00f6\u011frenecek.<\/p>\n","protected":false},"featured_media":0,"template":"","meta":{"_monsterinsights_skip_tracking":false,"_monsterinsights_sitenote_active":false,"_monsterinsights_sitenote_note":"","_monsterinsights_sitenote_category":0},"product_brand":[],"product_cat":[12274,12518],"product_tag":[],"class_list":{"0":"post-748417","1":"product","2":"type-product","3":"status-publish","5":"product_cat-cocuk-ve-genclik-kitaplari","6":"product_cat-okul-oncesi-kitaplar","7":"pa_cilt-ciltsiz","8":"pa_tur-kitap","9":"pa_yayinevi-0-6-yas-yayinlari","10":"pa_yazar-ahmet-altay","12":"first","13":"instock","14":"sale","15":"shipping-taxable","16":"purchasable","17":"product-type-simple"},"_links":{"self":[{"href":"https:\/\/roveyayinevi.com.tr\/index.php\/wp-json\/wp\/v2\/product\/748417","targetHints":{"allow":["GET"]}}],"collection":[{"href":"https:\/\/roveyayinevi.com.tr\/index.php\/wp-json\/wp\/v2\/product"}],"about":[{"href":"https:\/\/roveyayinevi.com.tr\/index.php\/wp-json\/wp\/v2\/types\/product"}],"wp:attachment":[{"href":"https:\/\/roveyayinevi.com.tr\/index.php\/wp-json\/wp\/v2\/media?parent=748417"}],"wp:term":[{"taxonomy":"product_brand","embeddable":true,"href":"https:\/\/roveyayinevi.com.tr\/index.php\/wp-json\/wp\/v2\/product_brand?post=748417"},{"taxonomy":"product_cat","embeddable":true,"href":"https:\/\/roveyayinevi.com.tr\/index.php\/wp-json\/wp\/v2\/product_cat?post=748417"},{"taxonomy":"product_tag","embeddable":true,"href":"https:\/\/roveyayinevi.com.tr\/index.php\/wp-json\/wp\/v2\/product_tag?post=748417"}],"curies":[{"name":"wp","href":"https:\/\/api.w.org\/{rel}","templated":true}]}}