{"id":748411,"date":"2025-08-28T03:29:42","date_gmt":"2025-08-28T00:29:42","guid":{"rendered":"https:\/\/roveyayinevi.com.tr\/index.php\/urun\/hayvanlari-ogrenelim\/"},"modified":"2026-04-16T03:01:11","modified_gmt":"2026-04-16T00:01:11","slug":"hayvanlari-ogrenelim","status":"publish","type":"product","link":"https:\/\/roveyayinevi.com.tr\/index.php\/urun\/hayvanlari-ogrenelim\/","title":{"rendered":"Hayvanlar\u0131 \u00d6\u011frenelim"},"content":{"rendered":"<p>Bu kitap \u00e7ocuklara hayvanlar\u0131 tan\u0131may\u0131 \u00f6\u011fretmek i\u00e7in haz\u0131rlanm\u0131\u015f renkli ve e\u011flenceli bir kitapt\u0131r. Kitaptaki sevimli fig\u00fcrler ile beraber \u00e7ocu\u011funuz hayvanlar hakk\u0131ndaki temel bilgileri ke\u015ffedebilecek. Hayvanlar\u0131n daire i\u00e7indeki ya\u015fam alanlar\u0131 ve hareketli \u00e7ubuk olan sayfa d\u0131\u015f y\u00f6nde a\u00e7\u0131larak, \u00e7ocu\u011funuz her sayfada hayvanlar\u0131n ya\u015fam alanlar\u0131n\u0131 ayarlayabileceklerdir. \u0130yi e\u011flenceler\u2026<\/p>\n","protected":false},"excerpt":{"rendered":"<p>Bu kitap \u00e7ocuklara hayvanlar\u0131 tan\u0131may\u0131 \u00f6\u011fretmek i\u00e7in haz\u0131rlanm\u0131\u015f renkli ve e\u011flenceli bir kitapt\u0131r. Kitaptaki sevimli fig\u00fcrler ile beraber \u00e7ocu\u011funuz hayvanlar hakk\u0131ndaki temel bilgileri ke\u015ffedebilecek. Hayvanlar\u0131n daire<span class=\"excerpt-hellip\"> [\u2026]<\/span><\/p>\n","protected":false},"featured_media":0,"template":"","meta":{"_monsterinsights_skip_tracking":false,"_monsterinsights_sitenote_active":false,"_monsterinsights_sitenote_note":"","_monsterinsights_sitenote_category":0},"product_brand":[],"product_cat":[12274,12518],"product_tag":[],"class_list":{"0":"post-748411","1":"product","2":"type-product","3":"status-publish","5":"product_cat-cocuk-ve-genclik-kitaplari","6":"product_cat-okul-oncesi-kitaplar","7":"pa_cilt-ciltsiz","8":"pa_tur-kitap","9":"pa_yayinevi-0-6-yas-yayinlari","10":"pa_yazar-kolektif","12":"first","13":"instock","14":"sale","15":"shipping-taxable","16":"purchasable","17":"product-type-simple"},"_links":{"self":[{"href":"https:\/\/roveyayinevi.com.tr\/index.php\/wp-json\/wp\/v2\/product\/748411","targetHints":{"allow":["GET"]}}],"collection":[{"href":"https:\/\/roveyayinevi.com.tr\/index.php\/wp-json\/wp\/v2\/product"}],"about":[{"href":"https:\/\/roveyayinevi.com.tr\/index.php\/wp-json\/wp\/v2\/types\/product"}],"wp:attachment":[{"href":"https:\/\/roveyayinevi.com.tr\/index.php\/wp-json\/wp\/v2\/media?parent=748411"}],"wp:term":[{"taxonomy":"product_brand","embeddable":true,"href":"https:\/\/roveyayinevi.com.tr\/index.php\/wp-json\/wp\/v2\/product_brand?post=748411"},{"taxonomy":"product_cat","embeddable":true,"href":"https:\/\/roveyayinevi.com.tr\/index.php\/wp-json\/wp\/v2\/product_cat?post=748411"},{"taxonomy":"product_tag","embeddable":true,"href":"https:\/\/roveyayinevi.com.tr\/index.php\/wp-json\/wp\/v2\/product_tag?post=748411"}],"curies":[{"name":"wp","href":"https:\/\/api.w.org\/{rel}","templated":true}]}}