{"id":748408,"date":"2025-08-28T03:29:37","date_gmt":"2025-08-28T00:29:37","guid":{"rendered":"https:\/\/roveyayinevi.com.tr\/index.php\/urun\/brilston-faciasi-sherlock-holmes\/"},"modified":"2026-04-16T03:01:11","modified_gmt":"2026-04-16T00:01:11","slug":"brilston-faciasi-sherlock-holmes","status":"publish","type":"product","link":"https:\/\/roveyayinevi.com.tr\/index.php\/urun\/brilston-faciasi-sherlock-holmes\/","title":{"rendered":"Brilston Facias\u0131 &#8211; Sherlock Holmes"},"content":{"rendered":"<p>1887\u2019de yeni y\u0131l g\u00fcnl\u00fckleri ilk \u00e7\u0131kt\u0131\u011f\u0131ndan beri, Arthur Conan Doyle\u2019un Sherlock Holmes\u2019u, yarat\u0131lan en g\u00fczel kurgusal karakterlerden birisi olmu\u015ftur.Her kitap birbirinden harikulade hikayelerden olu\u015fmaktad\u0131r.T\u00fcm zamanlar\u0131n en iyi g\u00f6rev yapan dedektifi unvan\u0131n\u0131 ne ile kazand\u0131\u011f\u0131n\u0131 okuduk\u00e7a anlayacak ve bir Sherlock Holmes hayran\u0131 olacaks\u0131n\u0131z.<\/p>\n","protected":false},"excerpt":{"rendered":"<p>1887\u2019de yeni y\u0131l g\u00fcnl\u00fckleri ilk \u00e7\u0131kt\u0131\u011f\u0131ndan beri, Arthur Conan Doyle\u2019un Sherlock Holmes\u2019u, yarat\u0131lan en g\u00fczel kurgusal karakterlerden birisi olmu\u015ftur.Her kitap birbirinden harikulade hikayelerden olu\u015fmaktad\u0131r.T\u00fcm zamanlar\u0131n en<span class=\"excerpt-hellip\"> [\u2026]<\/span><\/p>\n","protected":false},"featured_media":0,"template":"","meta":{"_monsterinsights_skip_tracking":false,"_monsterinsights_sitenote_active":false,"_monsterinsights_sitenote_note":"","_monsterinsights_sitenote_category":0},"product_brand":[],"product_cat":[12291,15445],"product_tag":[],"class_list":{"0":"post-748408","1":"product","2":"type-product","3":"status-publish","5":"product_cat-edebiyat","6":"product_cat-polisiye","7":"pa_cilt-ciltsiz","8":"pa_tur-kitap","9":"pa_yayinevi-parilti-yayinlari","10":"pa_yazar-sir-arthur-conan-doyle","12":"first","13":"instock","14":"sale","15":"shipping-taxable","16":"purchasable","17":"product-type-simple"},"_links":{"self":[{"href":"https:\/\/roveyayinevi.com.tr\/index.php\/wp-json\/wp\/v2\/product\/748408","targetHints":{"allow":["GET"]}}],"collection":[{"href":"https:\/\/roveyayinevi.com.tr\/index.php\/wp-json\/wp\/v2\/product"}],"about":[{"href":"https:\/\/roveyayinevi.com.tr\/index.php\/wp-json\/wp\/v2\/types\/product"}],"wp:attachment":[{"href":"https:\/\/roveyayinevi.com.tr\/index.php\/wp-json\/wp\/v2\/media?parent=748408"}],"wp:term":[{"taxonomy":"product_brand","embeddable":true,"href":"https:\/\/roveyayinevi.com.tr\/index.php\/wp-json\/wp\/v2\/product_brand?post=748408"},{"taxonomy":"product_cat","embeddable":true,"href":"https:\/\/roveyayinevi.com.tr\/index.php\/wp-json\/wp\/v2\/product_cat?post=748408"},{"taxonomy":"product_tag","embeddable":true,"href":"https:\/\/roveyayinevi.com.tr\/index.php\/wp-json\/wp\/v2\/product_tag?post=748408"}],"curies":[{"name":"wp","href":"https:\/\/api.w.org\/{rel}","templated":true}]}}