{"id":748394,"date":"2025-08-28T03:29:17","date_gmt":"2025-08-28T00:29:17","guid":{"rendered":"https:\/\/roveyayinevi.com.tr\/index.php\/urun\/sukunet-sehri-mandala-buyukler-icin-boyama\/"},"modified":"2026-04-16T03:01:11","modified_gmt":"2026-04-16T00:01:11","slug":"sukunet-sehri-mandala-buyukler-icin-boyama","status":"publish","type":"product","link":"https:\/\/roveyayinevi.com.tr\/index.php\/urun\/sukunet-sehri-mandala-buyukler-icin-boyama\/","title":{"rendered":"S\u00fckunet \u015eehri &#8211; Mandala (B\u00fcy\u00fckler \u0130\u00e7in Boyama)"},"content":{"rendered":"<p>Yeti\u015fkinlerin keyifle zaman ge\u00e7irebilece\u011fi, g\u00fcndelik hayat\u0131n stresinden uzakla\u015faca\u011f\u0131 ve hayat\u0131n\u0131 renklendirebilece\u011fi bir kitap.Perforajl\u0131 sayfalar\u0131n\u0131 kopartarak yapt\u0131\u011f\u0131n\u0131z boyamalar\u0131 istedi\u011finiz yerde kullanabilirsiniz.<\/p>\n","protected":false},"excerpt":{"rendered":"<p>Yeti\u015fkinlerin keyifle zaman ge\u00e7irebilece\u011fi, g\u00fcndelik hayat\u0131n stresinden uzakla\u015faca\u011f\u0131 ve hayat\u0131n\u0131 renklendirebilece\u011fi bir kitap.Perforajl\u0131 sayfalar\u0131n\u0131 kopartarak yapt\u0131\u011f\u0131n\u0131z boyamalar\u0131 istedi\u011finiz yerde kullanabilirsiniz.<\/p>\n","protected":false},"featured_media":0,"template":"","meta":{"_monsterinsights_skip_tracking":false,"_monsterinsights_sitenote_active":false,"_monsterinsights_sitenote_note":"","_monsterinsights_sitenote_category":0},"product_brand":[],"product_cat":[38511,15563],"product_tag":[],"class_list":{"0":"post-748394","1":"product","2":"type-product","3":"status-publish","5":"product_cat-buyukler-icin-boyama-mandala","6":"product_cat-hobi","7":"pa_cilt-ciltsiz","8":"pa_tur-kitap","9":"pa_yayinevi-anonim-yayincilik","10":"pa_yazar-kolektif","12":"first","13":"instock","14":"sale","15":"shipping-taxable","16":"purchasable","17":"product-type-simple"},"_links":{"self":[{"href":"https:\/\/roveyayinevi.com.tr\/index.php\/wp-json\/wp\/v2\/product\/748394","targetHints":{"allow":["GET"]}}],"collection":[{"href":"https:\/\/roveyayinevi.com.tr\/index.php\/wp-json\/wp\/v2\/product"}],"about":[{"href":"https:\/\/roveyayinevi.com.tr\/index.php\/wp-json\/wp\/v2\/types\/product"}],"wp:attachment":[{"href":"https:\/\/roveyayinevi.com.tr\/index.php\/wp-json\/wp\/v2\/media?parent=748394"}],"wp:term":[{"taxonomy":"product_brand","embeddable":true,"href":"https:\/\/roveyayinevi.com.tr\/index.php\/wp-json\/wp\/v2\/product_brand?post=748394"},{"taxonomy":"product_cat","embeddable":true,"href":"https:\/\/roveyayinevi.com.tr\/index.php\/wp-json\/wp\/v2\/product_cat?post=748394"},{"taxonomy":"product_tag","embeddable":true,"href":"https:\/\/roveyayinevi.com.tr\/index.php\/wp-json\/wp\/v2\/product_tag?post=748394"}],"curies":[{"name":"wp","href":"https:\/\/api.w.org\/{rel}","templated":true}]}}