{"id":748391,"date":"2025-08-28T03:29:13","date_gmt":"2025-08-28T00:29:13","guid":{"rendered":"https:\/\/roveyayinevi.com.tr\/index.php\/urun\/2-super-puzzle-nasrettin-hoca-keloglan-4-yas\/"},"modified":"2026-04-16T03:01:11","modified_gmt":"2026-04-16T00:01:11","slug":"2-super-puzzle-nasrettin-hoca-keloglan-4-yas","status":"publish","type":"product","link":"https:\/\/roveyayinevi.com.tr\/index.php\/urun\/2-super-puzzle-nasrettin-hoca-keloglan-4-yas\/","title":{"rendered":"2 S\u00fcper Puzzle &#8211; Nasrettin Hoca Kelo\u011flan +4 Ya\u015f"},"content":{"rendered":"<p>+4 Ya\u015f 2 S\u00fcper Eva Puzzle Nasrettin Hoca ve Kelo\u011flan Her Puzzle 32 Par\u00e7a Toplam 64 Par\u00e7a Psikolog Tavsiyeli Eva ile \u00fcretilmi\u015ftir \u00c7ocuklar\u0131n\u0131z ile g\u00fczel ve kaliteli vakit ge\u00e7irmeyi sa\u011flar Dikkat ve odaklanma becerisini geli\u015ftirir G\u00f6rsel haf\u0131zay\u0131 geli\u015ftirir \u00c7ocu\u011fun par\u00e7a-b\u00fct\u00fcn ili\u015fkisi kurmas\u0131n\u0131 sa\u011flar \u00d6zg\u00fcven geli\u015fimini etkiler Yapboz yaparken \u00e7ocuktan k\u00fc\u00e7\u00fck par\u00e7ay\u0131 uygun yere koymas\u0131 beklenir, bu hareket motor geli\u015fimini destekler Ayr\u0131ca el-g\u00f6z koordinasyonunun artmas\u0131 i\u00e7in faydal\u0131d\u0131r Problem \u00e7\u00f6zme becerisini geli\u015ftirir Bakteri \u00fcretmeyen, do\u011fayla dost, geri d\u00f6n\u00fc\u015f\u00fcml\u00fc, esnek ve sa\u011fl\u0131kl\u0131 bir malzeme olan EVA ile \u00fcretilmi\u015f olan \u2018\u2019s\u00fcper puzzle\u2019\u2019 serisini t\u00fcm \u00e7ocuklar i\u00e7in tavsiye ederim.Psikolog B\u00fc\u015fra B\u00fcrc\u00fc<\/p>\n","protected":false},"excerpt":{"rendered":"<p>+4 Ya\u015f 2 S\u00fcper Eva Puzzle Nasrettin Hoca ve Kelo\u011flan Her Puzzle 32 Par\u00e7a Toplam 64 Par\u00e7a Psikolog Tavsiyeli Eva ile \u00fcretilmi\u015ftir \u00c7ocuklar\u0131n\u0131z ile g\u00fczel ve<span class=\"excerpt-hellip\"> [\u2026]<\/span><\/p>\n","protected":false},"featured_media":0,"template":"","meta":{"_monsterinsights_skip_tracking":false,"_monsterinsights_sitenote_active":false,"_monsterinsights_sitenote_note":"","_monsterinsights_sitenote_category":0},"product_brand":[],"product_cat":[12274,90558],"product_tag":[],"class_list":{"0":"post-748391","1":"product","2":"type-product","3":"status-publish","5":"product_cat-cocuk-ve-genclik-kitaplari","6":"product_cat-yapboz-kitaplari","7":"pa_cilt-ciltsiz","8":"pa_tur-kitap20","9":"pa_yayinevi-0-6-yas-yayinlari","10":"pa_yazar-kolektif","12":"first","13":"instock","14":"sale","15":"shipping-taxable","16":"purchasable","17":"product-type-simple"},"_links":{"self":[{"href":"https:\/\/roveyayinevi.com.tr\/index.php\/wp-json\/wp\/v2\/product\/748391","targetHints":{"allow":["GET"]}}],"collection":[{"href":"https:\/\/roveyayinevi.com.tr\/index.php\/wp-json\/wp\/v2\/product"}],"about":[{"href":"https:\/\/roveyayinevi.com.tr\/index.php\/wp-json\/wp\/v2\/types\/product"}],"wp:attachment":[{"href":"https:\/\/roveyayinevi.com.tr\/index.php\/wp-json\/wp\/v2\/media?parent=748391"}],"wp:term":[{"taxonomy":"product_brand","embeddable":true,"href":"https:\/\/roveyayinevi.com.tr\/index.php\/wp-json\/wp\/v2\/product_brand?post=748391"},{"taxonomy":"product_cat","embeddable":true,"href":"https:\/\/roveyayinevi.com.tr\/index.php\/wp-json\/wp\/v2\/product_cat?post=748391"},{"taxonomy":"product_tag","embeddable":true,"href":"https:\/\/roveyayinevi.com.tr\/index.php\/wp-json\/wp\/v2\/product_tag?post=748391"}],"curies":[{"name":"wp","href":"https:\/\/api.w.org\/{rel}","templated":true}]}}