{"id":748375,"date":"2025-08-28T03:28:50","date_gmt":"2025-08-28T00:28:50","guid":{"rendered":"https:\/\/roveyayinevi.com.tr\/index.php\/urun\/fisilti-sherlock-holmes\/"},"modified":"2026-04-16T03:01:10","modified_gmt":"2026-04-16T00:01:10","slug":"fisilti-sherlock-holmes","status":"publish","type":"product","link":"https:\/\/roveyayinevi.com.tr\/index.php\/urun\/fisilti-sherlock-holmes\/","title":{"rendered":"F\u0131s\u0131lt\u0131 &#8211; Sherlock Holmes"},"content":{"rendered":"<p>1887&#8217;de yeni y\u0131l g\u00fcnl\u00fckleri ilk \u00e7\u0131kt\u0131\u011f\u0131ndan beri, Arthur Conan Doyle&#8217;un Sherlock Holmes&#8217;u, yarat\u0131lan en g\u00fczel kurgusal karakterlerden birisi olmu\u015ftur.Her kitap, birbirinden harikulade hikayelerden olu\u015fmaktad\u0131r. T\u00fcm zamanlar\u0131n en iyi g\u00f6rev yapan dedektifi \u00fcnvan\u0131n\u0131 ne ile kazand\u0131\u011f\u0131n\u0131 okuduk\u00e7a anlayacak ve bir Sherlock Holmes hayran\u0131 olacaks\u0131n\u0131z.<\/p>\n","protected":false},"excerpt":{"rendered":"<p>1887&#8217;de yeni y\u0131l g\u00fcnl\u00fckleri ilk \u00e7\u0131kt\u0131\u011f\u0131ndan beri, Arthur Conan Doyle&#8217;un Sherlock Holmes&#8217;u, yarat\u0131lan en g\u00fczel kurgusal karakterlerden birisi olmu\u015ftur.Her kitap, birbirinden harikulade hikayelerden olu\u015fmaktad\u0131r. T\u00fcm zamanlar\u0131n<span class=\"excerpt-hellip\"> [\u2026]<\/span><\/p>\n","protected":false},"featured_media":0,"template":"","meta":{"_monsterinsights_skip_tracking":false,"_monsterinsights_sitenote_active":false,"_monsterinsights_sitenote_note":"","_monsterinsights_sitenote_category":0},"product_brand":[],"product_cat":[12291,12711],"product_tag":[],"class_list":{"0":"post-748375","1":"product","2":"type-product","3":"status-publish","5":"product_cat-edebiyat","6":"product_cat-roman-oyku","7":"pa_cilt-ciltsiz","8":"pa_tur-kitap","9":"pa_yayinevi-anonim-yayincilik","10":"pa_yazar-sir-arthur-conan-doyle","12":"first","13":"instock","14":"sale","15":"shipping-taxable","16":"purchasable","17":"product-type-simple"},"_links":{"self":[{"href":"https:\/\/roveyayinevi.com.tr\/index.php\/wp-json\/wp\/v2\/product\/748375","targetHints":{"allow":["GET"]}}],"collection":[{"href":"https:\/\/roveyayinevi.com.tr\/index.php\/wp-json\/wp\/v2\/product"}],"about":[{"href":"https:\/\/roveyayinevi.com.tr\/index.php\/wp-json\/wp\/v2\/types\/product"}],"wp:attachment":[{"href":"https:\/\/roveyayinevi.com.tr\/index.php\/wp-json\/wp\/v2\/media?parent=748375"}],"wp:term":[{"taxonomy":"product_brand","embeddable":true,"href":"https:\/\/roveyayinevi.com.tr\/index.php\/wp-json\/wp\/v2\/product_brand?post=748375"},{"taxonomy":"product_cat","embeddable":true,"href":"https:\/\/roveyayinevi.com.tr\/index.php\/wp-json\/wp\/v2\/product_cat?post=748375"},{"taxonomy":"product_tag","embeddable":true,"href":"https:\/\/roveyayinevi.com.tr\/index.php\/wp-json\/wp\/v2\/product_tag?post=748375"}],"curies":[{"name":"wp","href":"https:\/\/api.w.org\/{rel}","templated":true}]}}