{"id":748373,"date":"2025-08-28T03:28:46","date_gmt":"2025-08-28T00:28:46","guid":{"rendered":"https:\/\/roveyayinevi.com.tr\/index.php\/urun\/korku-14\/"},"modified":"2026-04-16T03:01:10","modified_gmt":"2026-04-16T00:01:10","slug":"korku-14","status":"publish","type":"product","link":"https:\/\/roveyayinevi.com.tr\/index.php\/urun\/korku-14\/","title":{"rendered":"Korku"},"content":{"rendered":"<p>Bayan \u0130rene gizlice girdi\u011fi daireden \u00e7\u0131km\u0131\u015f, apartman\u0131n merdivenlerini iniyordu. Birdenbire o anlams\u0131z korku yine b\u00fct\u00fcn bedenini sarst\u0131. G\u00f6zlerinin \u00f6n\u00fcne kara bulutlar inmi\u015f, dizleri kaskat\u0131 kesilmi\u015fti. Merdivenlerden yuvarlan\u0131p yere d\u00fc\u015fmemek i\u00e7in hemen parmakl\u0131\u011fa tutundu. Bu gizli ziyareti ilk defa yapm\u0131yordu. Asl\u0131nda bu ani \u00fcrpertiye al\u0131\u015fm\u0131\u015f ve g\u00f6ze alm\u0131\u015ft\u0131. \u0130\u00e7indeki olanca kar\u015f\u0131 koyma iste\u011fine ra\u011fmen her seferinde i\u00e7indeki tutkuya yenik d\u00fc\u015f\u00fcp bu eve tekrar geliyordu. \u015e\u00fcphesiz ki randevuya geli\u015fi daha kolayd\u0131. Arabay\u0131 soka\u011f\u0131n k\u00f6\u015fesine park ediyor, sa\u011fa sola bakmadan, h\u0131zl\u0131 ad\u0131mlarla apartman kap\u0131s\u0131na geliyor, bir ko\u015fu basamaklar\u0131 \u00e7\u0131k\u0131yor, sab\u0131rs\u0131zl\u0131\u011f\u0131n ve tutkunun harl\u0131 ate\u015fiyle sevgilisine sar\u0131l\u0131yordu. Ama sonra&#8230;Eve d\u00f6nece\u011fi zaman korku ve tela\u015fla kar\u0131\u015f\u0131k o esrarengiz deh\u015feti duyuyor, bu deh\u015fete bir su\u00e7 \u00fcrpertisi ve pi\u015fmanl\u0131\u011f\u0131 da ekleniyordu. Sokakta kar\u015f\u0131la\u015ft\u0131\u011f\u0131 yabanc\u0131 insanlar nereden geldi\u011fini biliyormu\u015f\u00e7as\u0131na y\u00fcz\u00fcne bak\u0131yordu sanki. \u015ea\u015fk\u0131nl\u0131k ve delilik. \u0130ki duyguyu ayn\u0131 anda hissediyordu.<\/p>\n","protected":false},"excerpt":{"rendered":"<p>Bayan \u0130rene gizlice girdi\u011fi daireden \u00e7\u0131km\u0131\u015f, apartman\u0131n merdivenlerini iniyordu. Birdenbire o anlams\u0131z korku yine b\u00fct\u00fcn bedenini sarst\u0131. G\u00f6zlerinin \u00f6n\u00fcne kara bulutlar inmi\u015f, dizleri kaskat\u0131 kesilmi\u015fti. Merdivenlerden<span class=\"excerpt-hellip\"> [\u2026]<\/span><\/p>\n","protected":false},"featured_media":0,"template":"","meta":{"_monsterinsights_skip_tracking":false,"_monsterinsights_sitenote_active":false,"_monsterinsights_sitenote_note":"","_monsterinsights_sitenote_category":0},"product_brand":[],"product_cat":[12291,12711],"product_tag":[],"class_list":{"0":"post-748373","1":"product","2":"type-product","3":"status-publish","5":"product_cat-edebiyat","6":"product_cat-roman-oyku","7":"pa_cilt-ciltsiz","8":"pa_tur-kitap","9":"pa_yayinevi-anonim-yayincilik","10":"pa_yazar-stefan-zweig","12":"first","13":"instock","14":"sale","15":"shipping-taxable","16":"purchasable","17":"product-type-simple"},"_links":{"self":[{"href":"https:\/\/roveyayinevi.com.tr\/index.php\/wp-json\/wp\/v2\/product\/748373","targetHints":{"allow":["GET"]}}],"collection":[{"href":"https:\/\/roveyayinevi.com.tr\/index.php\/wp-json\/wp\/v2\/product"}],"about":[{"href":"https:\/\/roveyayinevi.com.tr\/index.php\/wp-json\/wp\/v2\/types\/product"}],"wp:attachment":[{"href":"https:\/\/roveyayinevi.com.tr\/index.php\/wp-json\/wp\/v2\/media?parent=748373"}],"wp:term":[{"taxonomy":"product_brand","embeddable":true,"href":"https:\/\/roveyayinevi.com.tr\/index.php\/wp-json\/wp\/v2\/product_brand?post=748373"},{"taxonomy":"product_cat","embeddable":true,"href":"https:\/\/roveyayinevi.com.tr\/index.php\/wp-json\/wp\/v2\/product_cat?post=748373"},{"taxonomy":"product_tag","embeddable":true,"href":"https:\/\/roveyayinevi.com.tr\/index.php\/wp-json\/wp\/v2\/product_tag?post=748373"}],"curies":[{"name":"wp","href":"https:\/\/api.w.org\/{rel}","templated":true}]}}