{"id":748371,"date":"2025-08-28T03:28:43","date_gmt":"2025-08-28T00:28:43","guid":{"rendered":"https:\/\/roveyayinevi.com.tr\/index.php\/urun\/dorian-grayin-portresi-14\/"},"modified":"2026-04-12T03:05:10","modified_gmt":"2026-04-12T00:05:10","slug":"dorian-grayin-portresi-14","status":"publish","type":"product","link":"https:\/\/roveyayinevi.com.tr\/index.php\/urun\/dorian-grayin-portresi-14\/","title":{"rendered":"Dorian Grayin Portresi"},"content":{"rendered":"<p>Lord Henry, kalk\u0131p odan\u0131n di\u011fer taraf\u0131ndan, Basil Hallward\u2019a do\u011fru gelirken:\u201cDorian Gray mi dedin? Ad\u0131 Dorian Gray, \u00f6yle mi?\u201d diye sordu.\u201cEvet, ad\u0131 bu. Bunu sana s\u00f6ylemek istememi\u015ftim.\u201d\u201cPeki, ama neden?\u201d\u201cE! Bunu nas\u0131l a\u00e7\u0131klayabilirim? Ben birini \u00e7ok seversem, ad\u0131n\u0131 kimseyle payla\u015fmam. Bir par\u00e7as\u0131n\u0131 ba\u015fkas\u0131na vermekmi\u015f gibi gelir bana. Gizlili\u011fi sever oldum. G\u00fcn\u00fcm\u00fcz ya\u015fant\u0131s\u0131n\u0131 bize gizemli, b\u00fcy\u00fcl\u00fc g\u00f6sterebilecek bir \u015fey varsa o da budur gibi geliyor bana. En basit, en s\u0131radan bir \u015fey bile gizlendi\u011finde g\u00fczelle\u015fir. Ben \u015fehirden ayr\u0131l\u0131rken nereye gitti\u011fimi \u00e7evreme s\u00f6ylemiyorum. S\u00f6ylersem i\u015fin b\u00fct\u00fcn zevki, g\u00fczelli\u011fi ka\u00e7ar. Sa\u00e7ma bir al\u0131\u015fkanl\u0131k belki, bunun fark\u0131nday\u0131m ancak, bana g\u00f6re insan\u0131n hayat\u0131na olduk\u00e7a \u015fiirsel bir hava kat\u0131yor. Sen \u015fimdi bana deli diyorsun, de\u011fil mi?\u201dLord Henry:\u201cHay\u0131r, hi\u00e7 de de\u011fil, Basilci\u011fim!\u201d dedi.<\/p>\n","protected":false},"excerpt":{"rendered":"<p>Lord Henry, kalk\u0131p odan\u0131n di\u011fer taraf\u0131ndan, Basil Hallward\u2019a do\u011fru gelirken:\u201cDorian Gray mi dedin? Ad\u0131 Dorian Gray, \u00f6yle mi?\u201d diye sordu.\u201cEvet, ad\u0131 bu. Bunu sana s\u00f6ylemek istememi\u015ftim.\u201d\u201cPeki,<span class=\"excerpt-hellip\"> [\u2026]<\/span><\/p>\n","protected":false},"featured_media":0,"template":"","meta":{"_monsterinsights_skip_tracking":false,"_monsterinsights_sitenote_active":false,"_monsterinsights_sitenote_note":"","_monsterinsights_sitenote_category":0},"product_brand":[],"product_cat":[12291,12711],"product_tag":[],"class_list":{"0":"post-748371","1":"product","2":"type-product","3":"status-publish","5":"product_cat-edebiyat","6":"product_cat-roman-oyku","7":"pa_cilt-ciltsiz","8":"pa_tur-kitap","9":"pa_yayinevi-anonim-yayincilik","10":"pa_yazar-oscar-wilde","12":"first","13":"instock","14":"sale","15":"shipping-taxable","16":"purchasable","17":"product-type-simple"},"_links":{"self":[{"href":"https:\/\/roveyayinevi.com.tr\/index.php\/wp-json\/wp\/v2\/product\/748371","targetHints":{"allow":["GET"]}}],"collection":[{"href":"https:\/\/roveyayinevi.com.tr\/index.php\/wp-json\/wp\/v2\/product"}],"about":[{"href":"https:\/\/roveyayinevi.com.tr\/index.php\/wp-json\/wp\/v2\/types\/product"}],"wp:attachment":[{"href":"https:\/\/roveyayinevi.com.tr\/index.php\/wp-json\/wp\/v2\/media?parent=748371"}],"wp:term":[{"taxonomy":"product_brand","embeddable":true,"href":"https:\/\/roveyayinevi.com.tr\/index.php\/wp-json\/wp\/v2\/product_brand?post=748371"},{"taxonomy":"product_cat","embeddable":true,"href":"https:\/\/roveyayinevi.com.tr\/index.php\/wp-json\/wp\/v2\/product_cat?post=748371"},{"taxonomy":"product_tag","embeddable":true,"href":"https:\/\/roveyayinevi.com.tr\/index.php\/wp-json\/wp\/v2\/product_tag?post=748371"}],"curies":[{"name":"wp","href":"https:\/\/api.w.org\/{rel}","templated":true}]}}