{"id":748368,"date":"2025-08-28T03:28:39","date_gmt":"2025-08-28T00:28:39","guid":{"rendered":"https:\/\/roveyayinevi.com.tr\/index.php\/urun\/100-eglenceli-oyun-minik-eller-icin\/"},"modified":"2026-04-16T03:01:10","modified_gmt":"2026-04-16T00:01:10","slug":"100-eglenceli-oyun-minik-eller-icin","status":"publish","type":"product","link":"https:\/\/roveyayinevi.com.tr\/index.php\/urun\/100-eglenceli-oyun-minik-eller-icin\/","title":{"rendered":"100 E\u011flenceli Oyun &#8211; Minik Eller \u0130\u00e7in"},"content":{"rendered":"<p>Boyama temal\u0131 100 e\u011flenceli oyun ile \u00e7ocu\u011funuz e\u011flenerek \u00f6\u011frenebilecek. \u00c7ocu\u011funuz labirentleri, noktalar birle\u015ftirmeyi, \u00e7izimleri tamamlamay\u0131, boyamay\u0131 ve renk kodu kullanmay\u0131 \u00f6\u011frenecek. \u00c7ocu\u011funuz e\u011flenirken say\u0131lar\u0131 ve ayn\u0131 zamanda b\u00fcy\u00fck ve k\u00fc\u00e7\u00fck gibi kavramlar\u0131 ke\u015ffedecek. \u0130yi e\u011flenceler&#8230;<\/p>\n","protected":false},"excerpt":{"rendered":"<p>Boyama temal\u0131 100 e\u011flenceli oyun ile \u00e7ocu\u011funuz e\u011flenerek \u00f6\u011frenebilecek. \u00c7ocu\u011funuz labirentleri, noktalar birle\u015ftirmeyi, \u00e7izimleri tamamlamay\u0131, boyamay\u0131 ve renk kodu kullanmay\u0131 \u00f6\u011frenecek. \u00c7ocu\u011funuz e\u011flenirken say\u0131lar\u0131 ve ayn\u0131<span class=\"excerpt-hellip\"> [\u2026]<\/span><\/p>\n","protected":false},"featured_media":0,"template":"","meta":{"_monsterinsights_skip_tracking":false,"_monsterinsights_sitenote_active":false,"_monsterinsights_sitenote_note":"","_monsterinsights_sitenote_category":0},"product_brand":[],"product_cat":[12274,15842],"product_tag":[],"class_list":{"0":"post-748368","1":"product","2":"type-product","3":"status-publish","5":"product_cat-cocuk-ve-genclik-kitaplari","6":"product_cat-egitici-kitaplar","7":"pa_cilt-ciltsiz","8":"pa_tur-kitap","9":"pa_yayinevi-parilti-yayinlari","10":"pa_yazar-kolektif","12":"first","13":"instock","14":"sale","15":"shipping-taxable","16":"purchasable","17":"product-type-simple"},"_links":{"self":[{"href":"https:\/\/roveyayinevi.com.tr\/index.php\/wp-json\/wp\/v2\/product\/748368","targetHints":{"allow":["GET"]}}],"collection":[{"href":"https:\/\/roveyayinevi.com.tr\/index.php\/wp-json\/wp\/v2\/product"}],"about":[{"href":"https:\/\/roveyayinevi.com.tr\/index.php\/wp-json\/wp\/v2\/types\/product"}],"wp:attachment":[{"href":"https:\/\/roveyayinevi.com.tr\/index.php\/wp-json\/wp\/v2\/media?parent=748368"}],"wp:term":[{"taxonomy":"product_brand","embeddable":true,"href":"https:\/\/roveyayinevi.com.tr\/index.php\/wp-json\/wp\/v2\/product_brand?post=748368"},{"taxonomy":"product_cat","embeddable":true,"href":"https:\/\/roveyayinevi.com.tr\/index.php\/wp-json\/wp\/v2\/product_cat?post=748368"},{"taxonomy":"product_tag","embeddable":true,"href":"https:\/\/roveyayinevi.com.tr\/index.php\/wp-json\/wp\/v2\/product_tag?post=748368"}],"curies":[{"name":"wp","href":"https:\/\/api.w.org\/{rel}","templated":true}]}}