{"id":748363,"date":"2025-08-28T03:28:33","date_gmt":"2025-08-28T00:28:33","guid":{"rendered":"https:\/\/roveyayinevi.com.tr\/index.php\/urun\/ilk-kelimelerle-hayvanlar-yapistir-boya-ogren\/"},"modified":"2026-04-16T03:01:10","modified_gmt":"2026-04-16T00:01:10","slug":"ilk-kelimelerle-hayvanlar-yapistir-boya-ogren","status":"publish","type":"product","link":"https:\/\/roveyayinevi.com.tr\/index.php\/urun\/ilk-kelimelerle-hayvanlar-yapistir-boya-ogren\/","title":{"rendered":"\u0130lk Kelimelerle Hayvanlar &#8211; Yap\u0131\u015ft\u0131r-Boya-\u00d6\u011fren"},"content":{"rendered":"<p>Bu kitapla \u00e7ocu\u011funuz saatlerce e\u011flenecek! \u00c7\u0131kartmalar\u0131 sayfan\u0131n alt\u0131na yap\u0131\u015ft\u0131racak, \u00e7ok say\u0131da yeni kelime \u00f6\u011frenecek. \u00c7izimlerdeki oyuncak bebe\u011fi, \u00e7antay\u0131 ve trompeti bulabildi mi? \u015eimdi art\u0131k \u00e7izimleri boyama zaman\u0131! Yap\u0131\u015ft\u0131rma ve boyama i\u00e7in bu kitap, 3 ya\u015f ve \u00fczeri \u00e7ocuklar i\u00e7in \u00f6zel olarak haz\u0131rlanm\u0131\u015ft\u0131r. \u00c7izimler boyamak i\u00e7in basit ve b\u00fcy\u00fck yuvarlak \u00e7\u0131kartmalar\u0131n renklerini veya kendi hayal g\u00fcc\u00fc ile sevdi\u011fi renkleri kullanabilir. Ayn\u0131 zamanda yeni kelimeler de ke\u015ffedecek. Tek bir kitap ile boya, yap\u0131\u015ft\u0131r ve \u00f6\u011fren!<\/p>\n","protected":false},"excerpt":{"rendered":"<p>Bu kitapla \u00e7ocu\u011funuz saatlerce e\u011flenecek! \u00c7\u0131kartmalar\u0131 sayfan\u0131n alt\u0131na yap\u0131\u015ft\u0131racak, \u00e7ok say\u0131da yeni kelime \u00f6\u011frenecek. \u00c7izimlerdeki oyuncak bebe\u011fi, \u00e7antay\u0131 ve trompeti bulabildi mi? \u015eimdi art\u0131k \u00e7izimleri boyama<span class=\"excerpt-hellip\"> [\u2026]<\/span><\/p>\n","protected":false},"featured_media":0,"template":"","meta":{"_monsterinsights_skip_tracking":false,"_monsterinsights_sitenote_active":false,"_monsterinsights_sitenote_note":"","_monsterinsights_sitenote_category":0},"product_brand":[],"product_cat":[12644,12274],"product_tag":[],"class_list":{"0":"post-748363","1":"product","2":"type-product","3":"status-publish","5":"product_cat-boyama-kitaplari","6":"product_cat-cocuk-ve-genclik-kitaplari","7":"pa_cilt-ciltsiz","8":"pa_tur-kitap","9":"pa_yayinevi-parilti-yayinlari","10":"pa_yazar-kolektif","12":"first","13":"instock","14":"sale","15":"shipping-taxable","16":"purchasable","17":"product-type-simple"},"_links":{"self":[{"href":"https:\/\/roveyayinevi.com.tr\/index.php\/wp-json\/wp\/v2\/product\/748363","targetHints":{"allow":["GET"]}}],"collection":[{"href":"https:\/\/roveyayinevi.com.tr\/index.php\/wp-json\/wp\/v2\/product"}],"about":[{"href":"https:\/\/roveyayinevi.com.tr\/index.php\/wp-json\/wp\/v2\/types\/product"}],"wp:attachment":[{"href":"https:\/\/roveyayinevi.com.tr\/index.php\/wp-json\/wp\/v2\/media?parent=748363"}],"wp:term":[{"taxonomy":"product_brand","embeddable":true,"href":"https:\/\/roveyayinevi.com.tr\/index.php\/wp-json\/wp\/v2\/product_brand?post=748363"},{"taxonomy":"product_cat","embeddable":true,"href":"https:\/\/roveyayinevi.com.tr\/index.php\/wp-json\/wp\/v2\/product_cat?post=748363"},{"taxonomy":"product_tag","embeddable":true,"href":"https:\/\/roveyayinevi.com.tr\/index.php\/wp-json\/wp\/v2\/product_tag?post=748363"}],"curies":[{"name":"wp","href":"https:\/\/api.w.org\/{rel}","templated":true}]}}