{"id":748358,"date":"2025-08-28T03:28:27","date_gmt":"2025-08-28T00:28:27","guid":{"rendered":"https:\/\/roveyayinevi.com.tr\/index.php\/urun\/ciz-ve-boya-ciftlik\/"},"modified":"2026-04-16T03:01:10","modified_gmt":"2026-04-16T00:01:10","slug":"ciz-ve-boya-ciftlik","status":"publish","type":"product","link":"https:\/\/roveyayinevi.com.tr\/index.php\/urun\/ciz-ve-boya-ciftlik\/","title":{"rendered":"\u00c7iz ve Boya \u00c7iftlik"},"content":{"rendered":"<p>Rakamlar\u0131 \u00e7izgiler ile \u00e7izip birle\u015ftirelim. Olu\u015fan resimleri renkli kalemlerle \u00f6rnek renklere boyayal\u0131m. \u0130pucu i\u00e7in sorular\u0131 cevaplayal\u0131m.&#8221;\u00c7iz ve Boya&#8221; serisi sayesinde \u00e7ocuklar\u0131n\u0131z:- El becerilerini ve kabiliyetini geli\u015ftirir- Matematiksel d\u00fc\u015f\u00fcnceyi ve hayal g\u00fcc\u00fcn\u00fc geli\u015ftirir.- Say\u0131lar\u0131 \u00f6\u011frenir ve onlar\u0131 s\u0131ralamay\u0131 \u00f6\u011frenir.<\/p>\n","protected":false},"excerpt":{"rendered":"<p>Rakamlar\u0131 \u00e7izgiler ile \u00e7izip birle\u015ftirelim. Olu\u015fan resimleri renkli kalemlerle \u00f6rnek renklere boyayal\u0131m. \u0130pucu i\u00e7in sorular\u0131 cevaplayal\u0131m.&#8221;\u00c7iz ve Boya&#8221; serisi sayesinde \u00e7ocuklar\u0131n\u0131z:- El becerilerini ve kabiliyetini geli\u015ftirir-<span class=\"excerpt-hellip\"> [\u2026]<\/span><\/p>\n","protected":false},"featured_media":0,"template":"","meta":{"_monsterinsights_skip_tracking":false,"_monsterinsights_sitenote_active":false,"_monsterinsights_sitenote_note":"","_monsterinsights_sitenote_category":0},"product_brand":[],"product_cat":[12644,12274],"product_tag":[],"class_list":{"0":"post-748358","1":"product","2":"type-product","3":"status-publish","5":"product_cat-boyama-kitaplari","6":"product_cat-cocuk-ve-genclik-kitaplari","7":"pa_cilt-ciltsiz","8":"pa_tur-kitap","9":"pa_yayinevi-parilti-yayinlari","10":"pa_yazar-kolektif","12":"first","13":"instock","14":"sale","15":"shipping-taxable","16":"purchasable","17":"product-type-simple"},"_links":{"self":[{"href":"https:\/\/roveyayinevi.com.tr\/index.php\/wp-json\/wp\/v2\/product\/748358","targetHints":{"allow":["GET"]}}],"collection":[{"href":"https:\/\/roveyayinevi.com.tr\/index.php\/wp-json\/wp\/v2\/product"}],"about":[{"href":"https:\/\/roveyayinevi.com.tr\/index.php\/wp-json\/wp\/v2\/types\/product"}],"wp:attachment":[{"href":"https:\/\/roveyayinevi.com.tr\/index.php\/wp-json\/wp\/v2\/media?parent=748358"}],"wp:term":[{"taxonomy":"product_brand","embeddable":true,"href":"https:\/\/roveyayinevi.com.tr\/index.php\/wp-json\/wp\/v2\/product_brand?post=748358"},{"taxonomy":"product_cat","embeddable":true,"href":"https:\/\/roveyayinevi.com.tr\/index.php\/wp-json\/wp\/v2\/product_cat?post=748358"},{"taxonomy":"product_tag","embeddable":true,"href":"https:\/\/roveyayinevi.com.tr\/index.php\/wp-json\/wp\/v2\/product_tag?post=748358"}],"curies":[{"name":"wp","href":"https:\/\/api.w.org\/{rel}","templated":true}]}}