{"id":748355,"date":"2025-08-28T03:28:23","date_gmt":"2025-08-28T00:28:23","guid":{"rendered":"https:\/\/roveyayinevi.com.tr\/index.php\/urun\/boya-ve-eglen-sari-kitap\/"},"modified":"2026-04-16T03:01:10","modified_gmt":"2026-04-16T00:01:10","slug":"boya-ve-eglen-sari-kitap","status":"publish","type":"product","link":"https:\/\/roveyayinevi.com.tr\/index.php\/urun\/boya-ve-eglen-sari-kitap\/","title":{"rendered":"Boya ve E\u011flen Sar\u0131 Kitap"},"content":{"rendered":"<p>Boya ve E\u011flen Sar\u0131 Kitap 2+ Ya\u015f \u00c7ocuklar i\u00e7in 32 Adet \u00c7\u0131kartma<\/p>\n","protected":false},"excerpt":{"rendered":"<p>Boya ve E\u011flen Sar\u0131 Kitap 2+ Ya\u015f \u00c7ocuklar i\u00e7in 32 Adet \u00c7\u0131kartma<\/p>\n","protected":false},"featured_media":0,"template":"","meta":{"_monsterinsights_skip_tracking":false,"_monsterinsights_sitenote_active":false,"_monsterinsights_sitenote_note":"","_monsterinsights_sitenote_category":0},"product_brand":[],"product_cat":[12644,12274],"product_tag":[],"class_list":{"0":"post-748355","1":"product","2":"type-product","3":"status-publish","5":"product_cat-boyama-kitaplari","6":"product_cat-cocuk-ve-genclik-kitaplari","7":"pa_cilt-ciltsiz","8":"pa_tur-kitap","9":"pa_yayinevi-parilti-yayinlari","10":"pa_yazar-kolektif","12":"first","13":"instock","14":"sale","15":"shipping-taxable","16":"purchasable","17":"product-type-simple"},"_links":{"self":[{"href":"https:\/\/roveyayinevi.com.tr\/index.php\/wp-json\/wp\/v2\/product\/748355","targetHints":{"allow":["GET"]}}],"collection":[{"href":"https:\/\/roveyayinevi.com.tr\/index.php\/wp-json\/wp\/v2\/product"}],"about":[{"href":"https:\/\/roveyayinevi.com.tr\/index.php\/wp-json\/wp\/v2\/types\/product"}],"wp:attachment":[{"href":"https:\/\/roveyayinevi.com.tr\/index.php\/wp-json\/wp\/v2\/media?parent=748355"}],"wp:term":[{"taxonomy":"product_brand","embeddable":true,"href":"https:\/\/roveyayinevi.com.tr\/index.php\/wp-json\/wp\/v2\/product_brand?post=748355"},{"taxonomy":"product_cat","embeddable":true,"href":"https:\/\/roveyayinevi.com.tr\/index.php\/wp-json\/wp\/v2\/product_cat?post=748355"},{"taxonomy":"product_tag","embeddable":true,"href":"https:\/\/roveyayinevi.com.tr\/index.php\/wp-json\/wp\/v2\/product_tag?post=748355"}],"curies":[{"name":"wp","href":"https:\/\/api.w.org\/{rel}","templated":true}]}}