{"id":748350,"date":"2025-08-28T03:28:16","date_gmt":"2025-08-28T00:28:16","guid":{"rendered":"https:\/\/roveyayinevi.com.tr\/index.php\/urun\/dunyayi-kesfedelim-yasantimiz\/"},"modified":"2026-04-16T03:01:10","modified_gmt":"2026-04-16T00:01:10","slug":"dunyayi-kesfedelim-yasantimiz","status":"publish","type":"product","link":"https:\/\/roveyayinevi.com.tr\/index.php\/urun\/dunyayi-kesfedelim-yasantimiz\/","title":{"rendered":"D\u00fcnyay\u0131 Ke\u015ffedelim &#8211; Ya\u015fant\u0131m\u0131z"},"content":{"rendered":"<p>Her a\u00e7 kapa kapa\u011f\u0131n alt\u0131nda yeni bir bilgiEtraf\u0131m\u0131zdaki d\u00fcnya, renkler, \u015fekiller, sesler ve lezzetlerle doludur!Bu kitaptaki bulmacalar\u0131 \u00e7\u00f6zelim ve s\u00fcrprizler ile \u00f6\u011frenelim.E\u011flenceli kapaklar\u0131n alt\u0131nda gizem ve yeni bilgiler var.\u00c7ocu\u011funuzun kelime da\u011farc\u0131\u011f\u0131n\u0131 geni\u015fletir ve ilk kelimeleri \u00f6\u011fretir.\u00c7ocu\u011funuza \u015fekilleri, hayvanlar\u0131, g\u0131dalar\u0131 ve sesleri \u00f6\u011fretir.Bu kitapta b\u00fct\u00fcn bunlar\u0131 g\u00f6recek, inceleyecek ve tan\u0131yaca\u011f\u0131z.<\/p>\n","protected":false},"excerpt":{"rendered":"<p>Her a\u00e7 kapa kapa\u011f\u0131n alt\u0131nda yeni bir bilgiEtraf\u0131m\u0131zdaki d\u00fcnya, renkler, \u015fekiller, sesler ve lezzetlerle doludur!Bu kitaptaki bulmacalar\u0131 \u00e7\u00f6zelim ve s\u00fcrprizler ile \u00f6\u011frenelim.E\u011flenceli kapaklar\u0131n alt\u0131nda gizem ve<span class=\"excerpt-hellip\"> [\u2026]<\/span><\/p>\n","protected":false},"featured_media":0,"template":"","meta":{"_monsterinsights_skip_tracking":false,"_monsterinsights_sitenote_active":false,"_monsterinsights_sitenote_note":"","_monsterinsights_sitenote_category":0},"product_brand":[],"product_cat":[12274,15842],"product_tag":[],"class_list":{"0":"post-748350","1":"product","2":"type-product","3":"status-publish","5":"product_cat-cocuk-ve-genclik-kitaplari","6":"product_cat-egitici-kitaplar","7":"pa_cilt-ciltsiz","8":"pa_tur-kitap","9":"pa_yayinevi-0-6-yas-yayinlari","10":"pa_yazar-kolektif","12":"first","13":"instock","14":"sale","15":"shipping-taxable","16":"purchasable","17":"product-type-simple"},"_links":{"self":[{"href":"https:\/\/roveyayinevi.com.tr\/index.php\/wp-json\/wp\/v2\/product\/748350","targetHints":{"allow":["GET"]}}],"collection":[{"href":"https:\/\/roveyayinevi.com.tr\/index.php\/wp-json\/wp\/v2\/product"}],"about":[{"href":"https:\/\/roveyayinevi.com.tr\/index.php\/wp-json\/wp\/v2\/types\/product"}],"wp:attachment":[{"href":"https:\/\/roveyayinevi.com.tr\/index.php\/wp-json\/wp\/v2\/media?parent=748350"}],"wp:term":[{"taxonomy":"product_brand","embeddable":true,"href":"https:\/\/roveyayinevi.com.tr\/index.php\/wp-json\/wp\/v2\/product_brand?post=748350"},{"taxonomy":"product_cat","embeddable":true,"href":"https:\/\/roveyayinevi.com.tr\/index.php\/wp-json\/wp\/v2\/product_cat?post=748350"},{"taxonomy":"product_tag","embeddable":true,"href":"https:\/\/roveyayinevi.com.tr\/index.php\/wp-json\/wp\/v2\/product_tag?post=748350"}],"curies":[{"name":"wp","href":"https:\/\/api.w.org\/{rel}","templated":true}]}}